{"id":50515,"date":"2022-06-15T18:42:19","date_gmt":"2022-06-15T16:42:19","guid":{"rendered":"https:\/\/galicianparts.com\/shop\/producto\/9943493-soporte-motor-arranque-fiat-uno-turbo-ritmo-tipo-lancia-delta-dedra-nuevo-original\/"},"modified":"2022-06-15T18:45:19","modified_gmt":"2022-06-15T16:45:19","slug":"9943493-soporte-motor-arranque-fiat-uno-turbo-ritmo-tipo-lancia-delta-dedra-nuevo-original","status":"publish","type":"product","link":"https:\/\/galicianparts.com\/shop\/producto\/9943493-soporte-motor-arranque-fiat-uno-turbo-ritmo-tipo-lancia-delta-dedra-nuevo-original\/","title":{"rendered":"9943493 Soporte motor arranque Fiat Uno Turbo \/Ritmo \/Tipo \/Lancia Delta \/Dedra NUEVO ORIGINAL"},"content":{"rendered":"<p>63223031 Soporte del motor de arranque MAGNETI MARELLI de:<br \/>\nFIAT Regata Berlina (138)<br \/>\n1.6 Super 100, A\u00f1o 10.1983 &#8211; 12.1990, 1585 , 101<br \/>\n1.5 75, A\u00f1o 12.1983 &#8211; 07.1989, 1498 , 75<br \/>\n1.5 85, A\u00f1o 05.1985 &#8211; 12.1987, 1498 , 79<br \/>\n1.6 85, A\u00f1o 10.1983 &#8211; 06.1990, 1585 , 82<br \/>\n1.5 Super 85, A\u00f1o 09.1983 &#8211; 04.1985, 1498 , 82<br \/>\nFIAT Regata Weekend<br \/>\n1.6 100, A\u00f1o 09.1984 &#8211; 12.1990, 1585 , 101<br \/>\n1.5 85, A\u00f1o 01.1984 &#8211; 04.1989, 1498 , 82<br \/>\nFIAT Ritmo I Cabrio<br \/>\n1.6 100, A\u00f1o 10.1985 &#8211; 12.1987, 1585 , 100<br \/>\n1.6 100, A\u00f1o 10.1985 &#8211; 12.1987, 1585 , 105<br \/>\n1.5 80, A\u00f1o 03.1983 &#8211; 12.1986, 1498 , 82<br \/>\n1.5 80, A\u00f1o 01.1980 &#8211; 07.1989, 1498 , 86<br \/>\nFIAT Ritmo I Hatchback (138)<br \/>\n1.5 75, A\u00f1o 01.1978 &#8211; 12.1988, 1498 , 75<br \/>\n1.5 85, A\u00f1o 08.1985 &#8211; 05.1987, 1498 , 79<br \/>\n1.5 85, A\u00f1o 01.1983 &#8211; 12.1987, 1498 , 82<br \/>\n1.5 85, A\u00f1o 01.1981 &#8211; 05.1987, 1498 , 85<br \/>\n1.6 100, A\u00f1o 01.1983 &#8211; 12.1987, 1585 , 100<br \/>\nFIAT Tempra (159)<br \/>\n1.4 i.e., A\u00f1o 03.1991 &#8211; 08.1996, 1372 , 78<br \/>\n1.4 i.e., A\u00f1o 04.1990 &#8211; 08.1996, 1372 , 69<br \/>\n1.6, A\u00f1o 04.1990 &#8211; 06.1993, 1581 , 69<br \/>\n1.6 (159.AD), A\u00f1o 03.1990 &#8211; 08.1996, 1581 , 86<br \/>\n1.6 i.e., A\u00f1o 06.1990 &#8211; 07.1992, 1581 , 78<br \/>\n1.6 i.e., A\u00f1o 06.1992 &#8211; 08.1996, 1581 , 75<br \/>\nFIAT Tipo Hatchback (160)<br \/>\n1.4, A\u00f1o 07.1987 &#8211; 12.1989, 1372 , 71<br \/>\n1.4 i.e., A\u00f1o 05.1989 &#8211; 04.1995, 1372 , 78<br \/>\n1.4 i.e., A\u00f1o 05.1989 &#8211; 04.1995, 1372 , 70<br \/>\n1.6, A\u00f1o 03.1993 &#8211; 10.1995, 1580 , 76<br \/>\n1.6, A\u00f1o 03.1988 &#8211; 10.1992, 1581 , 79<br \/>\n1.6, A\u00f1o 01.1988 &#8211; 10.1991, 1581 , 83<br \/>\n1.6 i.e., A\u00f1o 10.1992 &#8211; 04.1995, 1581 , 75<br \/>\n1.6 i.e., A\u00f1o 07.1990 &#8211; 01.1993, 1581 , 78<br \/>\n1.6 SX DGT, A\u00f1o 05.1989 &#8211; 10.1995, 1581 , 90<br \/>\nFIAT Fiorino II (146)<br \/>\n1.4, A\u00f1o 11.1992 &#8211; 10.1996, 1372 , 71<br \/>\n70 i.e. 1.4, A\u00f1o 05.1994 &#8211; 05.2001, 1372 , 67<br \/>\n75 i.e. 1.5, A\u00f1o 05.1988 &#8211; 12.1993, 1499 , 75<br \/>\n75 i.e. 1.6, A\u00f1o 10.1993 &#8211; 05.2001, 1581 , 75<br \/>\nFIAT Uno Hatchback (146)<br \/>\n1.1, A\u00f1o 10.1988 &#8211; 06.2006, 1108 , 58<br \/>\n1.3 Turbo i.e., A\u00f1o 01.1987 &#8211; 12.1987, 1301 , 99<br \/>\n1.3 Turbo i.e., A\u00f1o 09.1989 &#8211; 03.1991, 1301 , 101<br \/>\n1.3 Turbo i.e., A\u00f1o 04.1985 &#8211; 08.1989, 1301 , 105<br \/>\n1.4 Turbo i.e., A\u00f1o 09.1989 &#8211; 09.1993, 1372 , 112<br \/>\n1.4 Turbo i.e., A\u00f1o 12.1989 &#8211; 12.1996, 1372 , 118<br \/>\n1.1 60, A\u00f1o 05.1985 &#8211; 08.1989, 1116 , 58<br \/>\n1.3 70, A\u00f1o 01.1983 &#8211; 04.1985, 1302 , 68<br \/>\n1.4 i.e. 70, A\u00f1o 09.1989 &#8211; 07.1996, 1372 , 70<br \/>\n1.4 i.e. 70, A\u00f1o 09.1989 &#8211; 12.1993, 1372 , 72<br \/>\n1.4 S 70, A\u00f1o 10.1988 &#8211; 06.2006, 1372 , 71<br \/>\n1.5 i.e. 75, A\u00f1o 10.1985 &#8211; 12.1993, 1499 , 75<\/p>\n<p>LANCIA Dedra Berlina (835)<br \/>\n1.6 i.e., A\u00f1o 08.1989 &#8211; 06.1994, 1581 , 90<br \/>\n1.6 i.e., A\u00f1o 08.1989 &#8211; 03.1993, 1581 , 78<br \/>\nLANCIA Delta I (831)<br \/>\n1.5, A\u00f1o 09.1979 &#8211; 12.1992, 1498 , 86<br \/>\nLANCIA Prisma (831)<br \/>\n1.5, A\u00f1o 09.1985 &#8211; 02.1992, 1498 , 75<br \/>\n1.5, A\u00f1o 08.1986 &#8211; 02.1992, 1498 , 80<br \/>\n1.5, A\u00f1o 01.1983 &#8211; 04.1986, 1498 , 86<\/p>\n<p>LA PIEZA ES NUEVA Y ORIGINAL MAGNETI MARELLI.<\/p>\n","protected":false},"excerpt":{"rendered":"<p>63223031 Soporte del motor de arranque MAGNETI MARELLI de: FIAT Regata Berlina (138) 1.6 Super 100, A\u00f1o 10.1983 &#8211; 12.1990, 1585 , 101 1.5 75, A\u00f1o 12.1983 &#8211; 07.1989, 1498 , 75 1.5 85, A\u00f1o 05.1985 &#8211; 12.1987, 1498 , 79 1.6 85, A\u00f1o 10.1983 &#8211; 06.1990, 1585 , 82 1.5 Super 85, A\u00f1o 09.1983 [&hellip;]<\/p>\n","protected":false},"featured_media":50516,"template":"","meta":{"_seopress_robots_primary_cat":"","_seopress_titles_title":"","_seopress_titles_desc":"","_seopress_robots_index":""},"product_cat":[117,118,20,91,21,123,102,103,111,112,114],"product_tag":[],"class_list":{"0":"post-50515","1":"product","2":"type-product","3":"status-publish","4":"has-post-thumbnail","6":"product_cat-recambios-lancia-dedra","7":"product_cat-recambios-lancia-delta","8":"product_cat-recambios-fiat","9":"product_cat-recambios-fiat-fiorino","10":"product_cat-recambios-lancia","11":"product_cat-recambios-lancia-prisma","12":"product_cat-recambios-fiat-regata","13":"product_cat-recambios-fiat-ritmo","14":"product_cat-recambios-fiat-tempra","15":"product_cat-recambios-fiat-tipo","16":"product_cat-recambios-fiat-uno","18":"first","19":"instock","20":"taxable","21":"shipping-taxable","22":"purchasable","23":"product-type-simple"},"_links":{"self":[{"href":"https:\/\/galicianparts.com\/shop\/wp-json\/wp\/v2\/product\/50515"}],"collection":[{"href":"https:\/\/galicianparts.com\/shop\/wp-json\/wp\/v2\/product"}],"about":[{"href":"https:\/\/galicianparts.com\/shop\/wp-json\/wp\/v2\/types\/product"}],"wp:featuredmedia":[{"embeddable":true,"href":"https:\/\/galicianparts.com\/shop\/wp-json\/wp\/v2\/media\/50516"}],"wp:attachment":[{"href":"https:\/\/galicianparts.com\/shop\/wp-json\/wp\/v2\/media?parent=50515"}],"wp:term":[{"taxonomy":"product_cat","embeddable":true,"href":"https:\/\/galicianparts.com\/shop\/wp-json\/wp\/v2\/product_cat?post=50515"},{"taxonomy":"product_tag","embeddable":true,"href":"https:\/\/galicianparts.com\/shop\/wp-json\/wp\/v2\/product_tag?post=50515"}],"curies":[{"name":"wp","href":"https:\/\/api.w.org\/{rel}","templated":true}]}}