{"id":50591,"date":"2022-06-16T09:13:15","date_gmt":"2022-06-16T07:13:15","guid":{"rendered":"https:\/\/galicianparts.com\/shop\/producto\/180319580-embellecedor-superior-volante-fiat-lancia-alfa-romeo-clasico-nuevo-original\/"},"modified":"2022-06-16T09:48:48","modified_gmt":"2022-06-16T07:48:48","slug":"180319580-embellecedor-superior-volante-fiat-lancia-alfa-romeo-clasico-nuevo-original","status":"publish","type":"product","link":"https:\/\/galicianparts.com\/shop\/producto\/180319580-embellecedor-superior-volante-fiat-lancia-alfa-romeo-clasico-nuevo-original\/","title":{"rendered":"180319580 Embellecedor superior volante Fiat \/ Citroen cl\u00e1sico NUEVO ORIGINAL"},"content":{"rendered":"<p>Guarnecido color negro, protector superior de la columna de direcci\u00f3n de Fiat, Citroen cl\u00e1sico, con el soporte roto que se ve en la foto.<\/p>\n<p>LA PIEZA ES NUEVA Y ORIGINAL.<\/p>\n","protected":false},"excerpt":{"rendered":"<p>Guarnecido color negro, protector superior de la columna de direcci\u00f3n de Fiat, Citroen cl\u00e1sico, con el soporte roto que se ve en la foto. LA PIEZA ES NUEVA Y ORIGINAL.<\/p>\n","protected":false},"featured_media":50606,"template":"","meta":{"_seopress_robots_primary_cat":"","_seopress_titles_title":"","_seopress_titles_desc":"","_seopress_robots_index":""},"product_cat":[23,20],"product_tag":[],"class_list":{"0":"post-50591","1":"product","2":"type-product","3":"status-publish","4":"has-post-thumbnail","6":"product_cat-recambios-citroen","7":"product_cat-recambios-fiat","9":"first","10":"instock","11":"taxable","12":"shipping-taxable","13":"purchasable","14":"product-type-simple"},"_links":{"self":[{"href":"https:\/\/galicianparts.com\/shop\/wp-json\/wp\/v2\/product\/50591"}],"collection":[{"href":"https:\/\/galicianparts.com\/shop\/wp-json\/wp\/v2\/product"}],"about":[{"href":"https:\/\/galicianparts.com\/shop\/wp-json\/wp\/v2\/types\/product"}],"wp:featuredmedia":[{"embeddable":true,"href":"https:\/\/galicianparts.com\/shop\/wp-json\/wp\/v2\/media\/50606"}],"wp:attachment":[{"href":"https:\/\/galicianparts.com\/shop\/wp-json\/wp\/v2\/media?parent=50591"}],"wp:term":[{"taxonomy":"product_cat","embeddable":true,"href":"https:\/\/galicianparts.com\/shop\/wp-json\/wp\/v2\/product_cat?post=50591"},{"taxonomy":"product_tag","embeddable":true,"href":"https:\/\/galicianparts.com\/shop\/wp-json\/wp\/v2\/product_tag?post=50591"}],"curies":[{"name":"wp","href":"https:\/\/api.w.org\/{rel}","templated":true}]}}