{"id":50721,"date":"2022-06-16T16:44:43","date_gmt":"2022-06-16T14:44:43","guid":{"rendered":"https:\/\/galicianparts.com\/shop\/producto\/46475268-protector-cables-bujias-fiat-punto-gt-1993-1999-nuevo-original\/"},"modified":"2022-06-16T18:01:36","modified_gmt":"2022-06-16T16:01:36","slug":"46475268-protector-cables-bujias-fiat-punto-gt-1993-1999-nuevo-original","status":"publish","type":"product","link":"https:\/\/galicianparts.com\/shop\/producto\/46475268-protector-cables-bujias-fiat-punto-gt-1993-1999-nuevo-original\/","title":{"rendered":"46475268 Protector cables buj\u00edas Fiat Punto GT (1993-1999) NUEVO ORIGINAL"},"content":{"rendered":"<p>Protecci\u00f3n de los cables de las buj\u00edas de:<br \/>\nFIAT &#8211; 1A PUNTO GT GAMMA &#8217;97 (1997-1999) 1372 MPI TURBO<br \/>\nFIAT &#8211; NW PUNTO GT (1993-1997) 1372 CF2<\/p>\n<p>LA PIEZA ES NUEVA Y ORIGINAL.<\/p>\n","protected":false},"excerpt":{"rendered":"<p>Protecci\u00f3n de los cables de las buj\u00edas de: FIAT &#8211; 1A PUNTO GT GAMMA &#8217;97 (1997-1999) 1372 MPI TURBO FIAT &#8211; NW PUNTO GT (1993-1997) 1372 CF2 LA PIEZA ES NUEVA Y ORIGINAL.<\/p>\n","protected":false},"featured_media":50726,"template":"","meta":{"_seopress_robots_primary_cat":"","_seopress_titles_title":"","_seopress_titles_desc":"","_seopress_robots_index":""},"product_cat":[20,101],"product_tag":[],"class_list":{"0":"post-50721","1":"product","2":"type-product","3":"status-publish","4":"has-post-thumbnail","6":"product_cat-recambios-fiat","7":"product_cat-recambios-fiat-punto","9":"first","10":"outofstock","11":"taxable","12":"shipping-taxable","13":"purchasable","14":"product-type-simple"},"_links":{"self":[{"href":"https:\/\/galicianparts.com\/shop\/wp-json\/wp\/v2\/product\/50721"}],"collection":[{"href":"https:\/\/galicianparts.com\/shop\/wp-json\/wp\/v2\/product"}],"about":[{"href":"https:\/\/galicianparts.com\/shop\/wp-json\/wp\/v2\/types\/product"}],"wp:featuredmedia":[{"embeddable":true,"href":"https:\/\/galicianparts.com\/shop\/wp-json\/wp\/v2\/media\/50726"}],"wp:attachment":[{"href":"https:\/\/galicianparts.com\/shop\/wp-json\/wp\/v2\/media?parent=50721"}],"wp:term":[{"taxonomy":"product_cat","embeddable":true,"href":"https:\/\/galicianparts.com\/shop\/wp-json\/wp\/v2\/product_cat?post=50721"},{"taxonomy":"product_tag","embeddable":true,"href":"https:\/\/galicianparts.com\/shop\/wp-json\/wp\/v2\/product_tag?post=50721"}],"curies":[{"name":"wp","href":"https:\/\/api.w.org\/{rel}","templated":true}]}}