{"id":50814,"date":"2022-06-17T09:09:35","date_gmt":"2022-06-17T07:09:35","guid":{"rendered":"https:\/\/galicianparts.com\/shop\/producto\/60811831-valvula-expansion-aire-acondicionado-lancia-thema-fiat-croma-alfa-164-original\/"},"modified":"2022-12-02T19:12:20","modified_gmt":"2022-12-02T17:12:20","slug":"60811831-valvula-expansion-aire-acondicionado-lancia-thema-fiat-croma-alfa-164-original","status":"publish","type":"product","link":"https:\/\/galicianparts.com\/shop\/producto\/60811831-valvula-expansion-aire-acondicionado-lancia-thema-fiat-croma-alfa-164-original\/","title":{"rendered":"60811831 V\u00e1lvula expansi\u00f3n aire acondicionado Lancia Thema \/Fiat Croma \/Alfa 164 ORIGINAL"},"content":{"rendered":"<p>7794459 V\u00e1lvula de expansi\u00f3n del m\u00f3dulo del evaporador del aire acondicionado de:<br \/>\nFIAT &#8211; MZ CROMA CHT FL.90 (1990-1992)<br \/>\nFIAT &#8211; NQ CROMA IE. 2500 V6 (1993-1996)<br \/>\nFIAT &#8211; MJ CROMA TURBO DS FL.90 (1990-1996) 1930 (154C6.000) \/ 2500 (8144.97) \/ 2500 (8144.97S)<br \/>\nFIAT &#8211; MJ CROMA TURBO DS FL.90 (1990-1996) 1930 (154D1.000) \/ 2500 (8144.97Y)<br \/>\nALFA ROMEO &#8211; K0 164 (1987-1992)<br \/>\nALFA ROMEO &#8211; W1 164 FL\/92 (1992-1997)<br \/>\nALFA ROMEO &#8211; W2 164 SUPER (1992-1997)<br \/>\nALFA ROMEO &#8211; K2 164 TURBO BZ.(1987-1992)<br \/>\nALFA ROMEO &#8211; N0 164 U.S.A. MY.91\/93 (1990-1992)<br \/>\nALFA ROMEO &#8211; R4 164 USA MY.94-95 (1993-1995)<br \/>\nLANCIA &#8211; SD THEMA 3.0 V6 FL.92 (1992-1994)<br \/>\nLANCIA &#8211; SZ THEMA BZ\/DS R.88 (1988-1992)<br \/>\nLANCIA &#8211; SE THEMA I.E. 8V FL.92 (1992-1994)<br \/>\nLANCIA &#8211; SB THEMA IE. 16V FL.92 (1992-1994)<br \/>\nLANCIA &#8211; SC THEMA TURBO DS FL.92 (1992-1994)<\/p>\n<p>LA PIEZA ES NUEVA Y ORIGINAL.<\/p>\n","protected":false},"excerpt":{"rendered":"<p>7794459 V\u00e1lvula de expansi\u00f3n del m\u00f3dulo del evaporador del aire acondicionado de: FIAT &#8211; MZ CROMA CHT FL.90 (1990-1992) FIAT &#8211; NQ CROMA IE. 2500 V6 (1993-1996) FIAT &#8211; MJ CROMA TURBO DS FL.90 (1990-1996) 1930 (154C6.000) \/ 2500 (8144.97) \/ 2500 (8144.97S) FIAT &#8211; MJ CROMA TURBO DS FL.90 (1990-1996) 1930 (154D1.000) \/ 2500 [&hellip;]<\/p>\n","protected":false},"featured_media":50819,"template":"","meta":{"_seopress_robots_primary_cat":"","_seopress_titles_title":"","_seopress_titles_desc":"","_seopress_robots_index":""},"product_cat":[54,16,86,20,21,124],"product_tag":[],"class_list":{"0":"post-50814","1":"product","2":"type-product","3":"status-publish","4":"has-post-thumbnail","6":"product_cat-recambios-alfa-romeo-164","7":"product_cat-recambios-alfa-romeo","8":"product_cat-recambios-fiat-croma","9":"product_cat-recambios-fiat","10":"product_cat-recambios-lancia","11":"product_cat-recambios-lancia-thema","13":"first","14":"outofstock","15":"taxable","16":"shipping-taxable","17":"purchasable","18":"product-type-simple"},"_links":{"self":[{"href":"https:\/\/galicianparts.com\/shop\/wp-json\/wp\/v2\/product\/50814"}],"collection":[{"href":"https:\/\/galicianparts.com\/shop\/wp-json\/wp\/v2\/product"}],"about":[{"href":"https:\/\/galicianparts.com\/shop\/wp-json\/wp\/v2\/types\/product"}],"wp:featuredmedia":[{"embeddable":true,"href":"https:\/\/galicianparts.com\/shop\/wp-json\/wp\/v2\/media\/50819"}],"wp:attachment":[{"href":"https:\/\/galicianparts.com\/shop\/wp-json\/wp\/v2\/media?parent=50814"}],"wp:term":[{"taxonomy":"product_cat","embeddable":true,"href":"https:\/\/galicianparts.com\/shop\/wp-json\/wp\/v2\/product_cat?post=50814"},{"taxonomy":"product_tag","embeddable":true,"href":"https:\/\/galicianparts.com\/shop\/wp-json\/wp\/v2\/product_tag?post=50814"}],"curies":[{"name":"wp","href":"https:\/\/api.w.org\/{rel}","templated":true}]}}