{"id":51056,"date":"2022-06-20T14:10:30","date_gmt":"2022-06-20T12:10:30","guid":{"rendered":"https:\/\/galicianparts.com\/shop\/producto\/82386133-tapa-valvulas-lancia-clasico-nueva-original\/"},"modified":"2022-06-20T14:15:01","modified_gmt":"2022-06-20T12:15:01","slug":"82386133-tapa-valvulas-lancia-clasico-nueva-original","status":"publish","type":"product","link":"https:\/\/galicianparts.com\/shop\/producto\/82386133-tapa-valvulas-lancia-clasico-nueva-original\/","title":{"rendered":"82386133 Tapa v\u00e1lvulas Lancia cl\u00e1sico NUEVA ORIGINAL"},"content":{"rendered":"<p>Tapa de balancines del motor de LANCIA CL\u00c1SICO.<\/p>\n<p>LA PIEZA ES NUEVA Y ORIGINAL.<\/p>\n","protected":false},"excerpt":{"rendered":"<p>Tapa de balancines del motor de LANCIA CL\u00c1SICO. LA PIEZA ES NUEVA Y ORIGINAL.<\/p>\n","protected":false},"featured_media":51057,"template":"","meta":{"_seopress_robots_primary_cat":"","_seopress_titles_title":"","_seopress_titles_desc":"","_seopress_robots_index":""},"product_cat":[21],"product_tag":[],"class_list":{"0":"post-51056","1":"product","2":"type-product","3":"status-publish","4":"has-post-thumbnail","6":"product_cat-recambios-lancia","8":"first","9":"instock","10":"taxable","11":"shipping-taxable","12":"purchasable","13":"product-type-simple"},"_links":{"self":[{"href":"https:\/\/galicianparts.com\/shop\/wp-json\/wp\/v2\/product\/51056"}],"collection":[{"href":"https:\/\/galicianparts.com\/shop\/wp-json\/wp\/v2\/product"}],"about":[{"href":"https:\/\/galicianparts.com\/shop\/wp-json\/wp\/v2\/types\/product"}],"wp:featuredmedia":[{"embeddable":true,"href":"https:\/\/galicianparts.com\/shop\/wp-json\/wp\/v2\/media\/51057"}],"wp:attachment":[{"href":"https:\/\/galicianparts.com\/shop\/wp-json\/wp\/v2\/media?parent=51056"}],"wp:term":[{"taxonomy":"product_cat","embeddable":true,"href":"https:\/\/galicianparts.com\/shop\/wp-json\/wp\/v2\/product_cat?post=51056"},{"taxonomy":"product_tag","embeddable":true,"href":"https:\/\/galicianparts.com\/shop\/wp-json\/wp\/v2\/product_tag?post=51056"}],"curies":[{"name":"wp","href":"https:\/\/api.w.org\/{rel}","templated":true}]}}