{"id":51090,"date":"2022-06-20T17:12:38","date_gmt":"2022-06-20T15:12:38","guid":{"rendered":"https:\/\/galicianparts.com\/shop\/producto\/9944594-rotula-axial-direccion-fiat-ducato-94-06-citroen-jumper-peugeot-boxer-original\/"},"modified":"2025-08-13T19:01:52","modified_gmt":"2025-08-13T17:01:52","slug":"9944594-rotula-axial-direccion-fiat-ducato-94-06-citroen-jumper-peugeot-boxer-original","status":"publish","type":"product","link":"https:\/\/galicianparts.com\/shop\/producto\/9944594-rotula-axial-direccion-fiat-ducato-94-06-citroen-jumper-peugeot-boxer-original\/","title":{"rendered":"9944594 R\u00f3tula axial direcci\u00f3n Fiat Ducato (94-06) Citroen Jumper \/Peugeot Boxer ORIGINAL"},"content":{"rendered":"<p>Tirante de la cremallera de direcci\u00f3n de:<br \/>\nLargo total: 291mm<br \/>\nM\u00e9trica roscas: 16&#215;1,5<\/p>\n<p>FIAT Ducato II (230L)<br \/>\n1.9 D, A\u00f1o 04.1998 &#8211; 04.2002, 1905 , 68<br \/>\n1.9 D, A\u00f1o 03.1994 &#8211; 04.2002, 1929 , 69<br \/>\n1.9 TD, A\u00f1o 05.1998 &#8211; 11.2001, 1905 , 80<br \/>\n1.9 TD, A\u00f1o 03.1994 &#8211; 04.2002, 1929 , 82<br \/>\n1.9 TD, A\u00f1o 04.1998 &#8211; 04.2002, 1905 , 90<br \/>\n1.9 TD CAT, A\u00f1o 08.1994 &#8211; 04.2002, 1929 , 80<br \/>\n2.0, A\u00f1o 03.1994 &#8211; 04.2002, 1998 , 109<br \/>\n2.0 4&#215;4, A\u00f1o 11.1994 &#8211; 04.2002, 1998 , 109<br \/>\n2.0 JTD, A\u00f1o 10.2001 &#8211; 04.2002, 1997 , 84<br \/>\n2.5 D, A\u00f1o 03.1994 &#8211; 04.2002, 2500 , 84<br \/>\n2.5 D 4&#215;4, A\u00f1o 03.1994 &#8211; 04.2002, 2500 , 84<br \/>\n2.5 TD, A\u00f1o 06.1994 &#8211; 08.1998, 2499 , 109<br \/>\n2.5 TD 4&#215;4, A\u00f1o 11.1994 &#8211; 04.1998, 2499 , 109<br \/>\n2.5 TD 4&#215;4, A\u00f1o 11.1994 &#8211; 04.1998, 2499 , 116<br \/>\n2.5 TDI, A\u00f1o 03.1994 &#8211; 04.2002, 2500 , 109<br \/>\n2.5 TDI, A\u00f1o 03.1994 &#8211; 04.2002, 2500 , 116<br \/>\n2.5 TDI 4&#215;4, A\u00f1o 05.1998 &#8211; 04.2002, 2500 , 116<br \/>\n2.8 D, A\u00f1o 05.1998 &#8211; 04.2002, 2800 , 87<br \/>\n2.8 D 4&#215;4, A\u00f1o 08.1998 &#8211; 04.2002, 2800 , 87<br \/>\n2.8 JTD, A\u00f1o 11.2000 &#8211; 04.2002, 2798 , 128<br \/>\n2.8 JTD 4&#215;4, A\u00f1o 11.2000 &#8211; 04.2002, 2798 , 128<br \/>\n2.8 TD 4&#215;4, A\u00f1o 05.1998 &#8211; 09.2001, 2799 , 122<br \/>\n2.8 TDI, A\u00f1o 10.1997 &#8211; 04.2002, 2800 , 122<br \/>\n2.8 TDI 4&#215;4, A\u00f1o 06.1999 &#8211; 04.2002, 2800 , 122<br \/>\nFIAT Ducato II (244)<br \/>\n2.0, A\u00f1o 04.2002 &#8211; &#8230;, 1998 , 110<br \/>\n2.0 4&#215;4, A\u00f1o 05.2002 &#8211; 07.2006, 1998 , 110<br \/>\n2.0 Bipower, A\u00f1o 11.2002 &#8211; &#8230;, 1998 , 110<br \/>\n2.0 JTD, A\u00f1o 04.2002 &#8211; &#8230;, 1997 , 84<br \/>\n2.0 LPG, A\u00f1o 11.2002 &#8211; 07.2006, 1998 , 97<br \/>\n2.3 JTD, A\u00f1o 04.2002 &#8211; &#8230;, 2286 , 110<br \/>\n2.3 JTD, A\u00f1o 12.2009 &#8211; 12.2018, 2287 , 126<br \/>\n2.8 JTD, A\u00f1o 04.2002 &#8211; &#8230;, 2798 , 128<br \/>\n2.8 JTD 4&#215;4, A\u00f1o 07.2002 &#8211; &#8230;, 2798 , 128<br \/>\n2.8 JTD Power, A\u00f1o 05.2004 &#8211; &#8230;, 2800 , 146<br \/>\n2.8 TD, A\u00f1o 04.2002 &#8211; 07.2006, 2799 , 122<\/p>\n<p>PEUGEOT Boxer (230)<br \/>\n1.9 D, A\u00f1o 07.1999 &#8211; 04.2002, 1905 , 68<br \/>\n1.9 D, A\u00f1o 03.1994 &#8211; 04.2002, 1905 , 69<br \/>\n1.9 DT 4&#215;4, A\u00f1o 03.1996 &#8211; 09.1998, 1905 , 90<br \/>\n1.9 TD, A\u00f1o 07.1999 &#8211; 04.2002, 1905 , 90<br \/>\n1.9 TD, A\u00f1o 03.1994 &#8211; 04.2002, 1905 , 92<br \/>\n2.0 4&#215;4, A\u00f1o 03.1996 &#8211; 09.1998, 1998 , 109<br \/>\n2.0 HDI, A\u00f1o 08.2001 &#8211; 04.2002, 1997 , 84<br \/>\n2.0 i, A\u00f1o 06.1994 &#8211; 04.2002, 1998 , 109<br \/>\n2.5 D, A\u00f1o 03.1994 &#8211; 04.2002, 2446 , 86<br \/>\n2.5 D 4&#215;4, A\u00f1o 07.1999 &#8211; 04.2002, 2446 , 86<br \/>\n2.5 DT, A\u00f1o 10.1997 &#8211; 11.2001, 2499 , 84<br \/>\n2.5 TD, A\u00f1o 03.1994 &#8211; 04.2002, 2446 , 103<br \/>\n2.5 TDI, A\u00f1o 01.1997 &#8211; 04.2002, 2446 , 107<br \/>\n2.5 TDI 4&#215;4, A\u00f1o 07.1999 &#8211; 04.2002, 2446 , 107<br \/>\n2.8 D, A\u00f1o 01.1999 &#8211; 02.2002, 2798 , 87<br \/>\n2.8 HDi, A\u00f1o 10.2000 &#8211; 11.2001, 2798 , 126<br \/>\n2.8 HDI, A\u00f1o 11.2000 &#8211; 04.2002, 2798 , 128<br \/>\n2.8 HDi 4&#215;4, A\u00f1o 10.2000 &#8211; 11.2001, 2798 , 126<br \/>\n2.8 HDi 4&#215;4, A\u00f1o 10.2000 &#8211; 04.2002, 2798 , 128<br \/>\nPEUGEOT Boxer (244)<br \/>\n2.0, A\u00f1o 04.2002 &#8211; &#8230;, 1998 , 110<br \/>\n2.0 BiFuel, A\u00f1o 12.2001 &#8211; 06.2006, 1998 , 110<br \/>\n2.0 HDi, A\u00f1o 04.2002 &#8211; &#8230;, 1997 , 84<br \/>\n2.2 HDi, A\u00f1o 04.2002 &#8211; &#8230;, 2179 , 101<br \/>\n2.8 HDi, A\u00f1o 09.2005 &#8211; 09.2009, 2798 , 126<br \/>\n2.8 HDi, A\u00f1o 04.2002 &#8211; &#8230;, 2798 , 128<br \/>\n2.8 HDi, A\u00f1o 04.2004 &#8211; &#8230;, 2798 , 146<br \/>\n2.8 HDi 4&#215;4, A\u00f1o 04.2002 &#8211; &#8230;, 2798 , 128<\/p>\n<p>CITRO\u00cbN Jumper I (230)<br \/>\n1.9 D, A\u00f1o 07.1999 &#8211; 04.2002, 1905 , 68<br \/>\n1.9 D, A\u00f1o 02.1994 &#8211; 04.2002, 1905 , 69<br \/>\n1.9 TD, A\u00f1o 03.1994 &#8211; 04.2002, 1905 , 90<br \/>\n1.9 TD, A\u00f1o 03.1994 &#8211; 04.2002, 1905 , 92<br \/>\n2.0, A\u00f1o 03.1994 &#8211; 04.2002, 1998 , 109<br \/>\n2.0 HDI, A\u00f1o 11.2001 &#8211; 04.2002, 1997 , 84<br \/>\n2.5 D, A\u00f1o 03.1994 &#8211; 04.2002, 2446 , 86<br \/>\n2.5 D 4&#215;4, A\u00f1o 03.2000 &#8211; 04.2002, 2446 , 86<br \/>\n2.5 DT 4&#215;4, A\u00f1o 10.1996 &#8211; 08.1997, 2446 , 103<br \/>\n2.5 TD, A\u00f1o 03.1994 &#8211; 04.2002, 2446 , 103<br \/>\n2.5 TDi, A\u00f1o 12.1996 &#8211; 11.2000, 2446 , 107<br \/>\n2.5 TDi 4&#215;4, A\u00f1o 03.2000 &#8211; 11.2000, 2446 , 107<br \/>\n2.8 D, A\u00f1o 01.1999 &#8211; 02.2002, 2798 , 87<br \/>\n2.8 HDi, A\u00f1o 09.2000 &#8211; 04.2002, 2798 , 128<br \/>\n2.8 HDi 4&#215;4, A\u00f1o 09.2000 &#8211; 04.2002, 2798 , 128<br \/>\nCITRO\u00cbN Jumper I (244)<br \/>\n2.0, A\u00f1o 04.2002 &#8211; &#8230;, 1998 , 110<br \/>\n2.0 bivalent, A\u00f1o 02.2003 &#8211; &#8230;, 1998 , 110<br \/>\n2.0 HDi, A\u00f1o 04.2002 &#8211; &#8230;, 1997 , 84<br \/>\n2.2 HDi, A\u00f1o 04.2002 &#8211; &#8230;, 2179 , 101<br \/>\n2.8 HDi, A\u00f1o 04.2002 &#8211; &#8230;, 2798 , 128<br \/>\n2.8 HDi, A\u00f1o 05.2004 &#8211; &#8230;, 2798 , 146<br \/>\n2.8 HDi 4&#215;4, A\u00f1o 04.2002 &#8211; &#8230;, 2798 , 128<\/p>\n<p>LA PIEZA ES NUEVA Y ORIGINAL.<\/p>\n","protected":false},"excerpt":{"rendered":"<p>Tirante de la cremallera de direcci\u00f3n de: Largo total: 291mm M\u00e9trica roscas: 16&#215;1,5 FIAT Ducato II (230L) 1.9 D, A\u00f1o 04.1998 &#8211; 04.2002, 1905 , 68 1.9 D, A\u00f1o 03.1994 &#8211; 04.2002, 1929 , 69 1.9 TD, A\u00f1o 05.1998 &#8211; 11.2001, 1905 , 80 1.9 TD, A\u00f1o 03.1994 &#8211; 04.2002, 1929 , 82 1.9 TD, [&hellip;]<\/p>\n","protected":false},"featured_media":51091,"template":"","meta":{"_seopress_robots_primary_cat":"","_seopress_titles_title":"","_seopress_titles_desc":"","_seopress_robots_index":""},"product_cat":[155,23,88,20,137,24],"product_tag":[],"class_list":{"0":"post-51090","1":"product","2":"type-product","3":"status-publish","4":"has-post-thumbnail","6":"product_cat-recambios-peugeot-boxer","7":"product_cat-recambios-citroen","8":"product_cat-recambios-fiat-ducato","9":"product_cat-recambios-fiat","10":"product_cat-recambios-citroen-jumper","11":"product_cat-recambios-peugeot","13":"first","14":"outofstock","15":"taxable","16":"shipping-taxable","17":"purchasable","18":"product-type-simple"},"_links":{"self":[{"href":"https:\/\/galicianparts.com\/shop\/wp-json\/wp\/v2\/product\/51090"}],"collection":[{"href":"https:\/\/galicianparts.com\/shop\/wp-json\/wp\/v2\/product"}],"about":[{"href":"https:\/\/galicianparts.com\/shop\/wp-json\/wp\/v2\/types\/product"}],"wp:featuredmedia":[{"embeddable":true,"href":"https:\/\/galicianparts.com\/shop\/wp-json\/wp\/v2\/media\/51091"}],"wp:attachment":[{"href":"https:\/\/galicianparts.com\/shop\/wp-json\/wp\/v2\/media?parent=51090"}],"wp:term":[{"taxonomy":"product_cat","embeddable":true,"href":"https:\/\/galicianparts.com\/shop\/wp-json\/wp\/v2\/product_cat?post=51090"},{"taxonomy":"product_tag","embeddable":true,"href":"https:\/\/galicianparts.com\/shop\/wp-json\/wp\/v2\/product_tag?post=51090"}],"curies":[{"name":"wp","href":"https:\/\/api.w.org\/{rel}","templated":true}]}}