{"id":51262,"date":"2022-06-21T10:33:52","date_gmt":"2022-06-21T08:33:52","guid":{"rendered":"https:\/\/galicianparts.com\/shop\/producto\/5450155-junta-tapa-valvulas-m2-2-2-5-d-fiat-242-citroen-cx-c25-c35-peugeot-j5-nueva-original\/"},"modified":"2022-12-23T09:57:55","modified_gmt":"2022-12-23T07:57:55","slug":"5450155-junta-tapa-valvulas-m2-2-2-5-d-fiat-242-citroen-cx-c25-c35-peugeot-j5-nueva-original","status":"publish","type":"product","link":"https:\/\/galicianparts.com\/shop\/producto\/5450155-junta-tapa-valvulas-m2-2-2-5-d-fiat-242-citroen-cx-c25-c35-peugeot-j5-nueva-original\/","title":{"rendered":"5450155 Junta tapa v\u00e1lvulas M2.2\/2.5 D Fiat 242 \/Citro\u00ebn CX \/C25 \/C35 \/Peugeot J5 NUEVA ORIGINAL"},"content":{"rendered":"<p>Junta de la tapa superior de la culata del motor de:<br \/>\nFIAT 242-Serie Furg\u00f3n<br \/>\n2.2 D, A\u00f1o 10.1975 &#8211; 08.1980, 2175 , 63<br \/>\n2.5 D, A\u00f1o 08.1980 &#8211; 07.1982, 2498 , 71<\/p>\n<p>PEUGEOT J5 (280)<br \/>\n2.5 D, A\u00f1o 09.1981 &#8211; 09.1990, 2500 , 73<br \/>\n2.5 D 4&#215;4, A\u00f1o 09.1981 &#8211; 08.1990, 2498 , 73<\/p>\n<p>CITRO\u00cbN CX I Familiar<br \/>\n2.2 D, A\u00f1o 02.1978 &#8211; 08.1985, 2500 , 75<br \/>\nCITRO\u00cbN CX I Hatchback<br \/>\n2.5 D, A\u00f1o 02.1978 &#8211; 06.1982, 2500 , 75<br \/>\nCITRO\u00cbN C25 Bus<br \/>\n2.5 D, A\u00f1o 11.1981 &#8211; 01.1994, 2498 , 75<br \/>\nCITRO\u00cbN C35<br \/>\n2.2 D, A\u00f1o 11.1973 &#8211; 01.1980, 2175 , 61<br \/>\n2.5 D, A\u00f1o 02.1980 &#8211; 01.1994, 2498 , 69<\/p>\n<p>LA PIEZA ES NUEVA Y ORIGINAL.<\/p>\n","protected":false},"excerpt":{"rendered":"<p>Junta de la tapa superior de la culata del motor de: FIAT 242-Serie Furg\u00f3n 2.2 D, A\u00f1o 10.1975 &#8211; 08.1980, 2175 , 63 2.5 D, A\u00f1o 08.1980 &#8211; 07.1982, 2498 , 71 PEUGEOT J5 (280) 2.5 D, A\u00f1o 09.1981 &#8211; 09.1990, 2500 , 73 2.5 D 4&#215;4, A\u00f1o 09.1981 &#8211; 08.1990, 2498 , 73 CITRO\u00cbN [&hellip;]<\/p>\n","protected":false},"featured_media":51265,"template":"","meta":{"_seopress_robots_primary_cat":"","_seopress_titles_title":"","_seopress_titles_desc":"","_seopress_robots_index":""},"product_cat":[73,132,133,23,136,20,157,24],"product_tag":[],"class_list":{"0":"post-51262","1":"product","2":"type-product","3":"status-publish","4":"has-post-thumbnail","6":"product_cat-recambios-fiat-242","7":"product_cat-recambios-citroen-c25","8":"product_cat-recambios-citroen-c35","9":"product_cat-recambios-citroen","10":"product_cat-recambios-citroen-cx","11":"product_cat-recambios-fiat","12":"product_cat-recambios-peugeot-j5","13":"product_cat-recambios-peugeot","15":"first","16":"outofstock","17":"taxable","18":"shipping-taxable","19":"purchasable","20":"product-type-simple"},"_links":{"self":[{"href":"https:\/\/galicianparts.com\/shop\/wp-json\/wp\/v2\/product\/51262"}],"collection":[{"href":"https:\/\/galicianparts.com\/shop\/wp-json\/wp\/v2\/product"}],"about":[{"href":"https:\/\/galicianparts.com\/shop\/wp-json\/wp\/v2\/types\/product"}],"wp:featuredmedia":[{"embeddable":true,"href":"https:\/\/galicianparts.com\/shop\/wp-json\/wp\/v2\/media\/51265"}],"wp:attachment":[{"href":"https:\/\/galicianparts.com\/shop\/wp-json\/wp\/v2\/media?parent=51262"}],"wp:term":[{"taxonomy":"product_cat","embeddable":true,"href":"https:\/\/galicianparts.com\/shop\/wp-json\/wp\/v2\/product_cat?post=51262"},{"taxonomy":"product_tag","embeddable":true,"href":"https:\/\/galicianparts.com\/shop\/wp-json\/wp\/v2\/product_tag?post=51262"}],"curies":[{"name":"wp","href":"https:\/\/api.w.org\/{rel}","templated":true}]}}