{"id":51307,"date":"2022-06-21T12:23:29","date_gmt":"2022-06-21T10:23:29","guid":{"rendered":"https:\/\/galicianparts.com\/shop\/producto\/5881650-kit-juntas-motor-lancia-delta-i-prisma-fiat-ritmo-128-regata-original\/"},"modified":"2023-10-23T14:23:36","modified_gmt":"2023-10-23T12:23:36","slug":"5881650-kit-juntas-motor-lancia-delta-i-prisma-fiat-ritmo-128-regata-original","status":"publish","type":"product","link":"https:\/\/galicianparts.com\/shop\/producto\/5881650-kit-juntas-motor-lancia-delta-i-prisma-fiat-ritmo-128-regata-original\/","title":{"rendered":"5881650 Kit juntas motor Lancia Delta I \/Prisma \/Fiat Ritmo \/128 \/Regata ORIGINAL"},"content":{"rendered":"<p>Juego, set de juntas del motor de:<br \/>\nFIAT Regata Berlina (138)<br \/>\n1.3 70, A\u00f1o 09.1983 &#8211; 07.1989, 1301 , 65<br \/>\n1.3 70, A\u00f1o 09.1983 &#8211; 07.1986, 1301 , 68<br \/>\nFIAT Regata Weekend<br \/>\n1.3 70, A\u00f1o 01.1984 &#8211; 07.1989, 1301 , 68<br \/>\nFIAT Ritmo I Cabrio<br \/>\n1.5 80, A\u00f1o 01.1980 &#8211; 07.1989, 1498 , 86<br \/>\nFIAT Ritmo I Hatchback (138)<br \/>\n1.3 65, A\u00f1o 01.1978 &#8211; 08.1985, 1301 , 65<br \/>\n1.5 85, A\u00f1o 01.1981 &#8211; 05.1987, 1498 , 85<br \/>\nFIAT 128 Berlina (128)<br \/>\n1.3 Sport, A\u00f1o 08.1974 &#8211; 12.1984, 1290 , 60<br \/>\nFIAT 128 Familiare (128)<br \/>\n1.3, A\u00f1o 12.1974 &#8211; 10.1982, 1290 , 60<\/p>\n<p>LANCIA Delta I (831)<br \/>\n1.3, A\u00f1o 09.1979 &#8211; 08.1992, 1301 , 75<br \/>\n1.5, A\u00f1o 09.1979 &#8211; 12.1992, 1498 , 86<br \/>\nLANCIA Prisma (831)<br \/>\n1.3, A\u00f1o 01.1983 &#8211; 12.1989, 1301 , 79<br \/>\nContiene las siguientes referencias de las juntas:<br \/>\n4109133 \/ 4158100 \/ 4161222 \/ 4174355 X8 \/ 4179038 \/ 4179043 \/ 4179113 \/ 4179114 \/ 4179117 \/ 4179138 \/ 4179155 \/ 4193959 \/ 4195119 \/ 4198159 \/ 4205663 \/ 4205664 \/ 4218080 \/ 4254031 \/ 4302267 \/ 4309031 X2 \/ 4327158 \/ 4428157 X2 \/ 5937193 \/ 5937499 \/ 5937811 <\/p>\n<p>LA PIEZA ES NUEVA Y ORIGINAL.<\/p>\n","protected":false},"excerpt":{"rendered":"<p>Juego, set de juntas del motor de: FIAT Regata Berlina (138) 1.3 70, A\u00f1o 09.1983 &#8211; 07.1989, 1301 , 65 1.3 70, A\u00f1o 09.1983 &#8211; 07.1986, 1301 , 68 FIAT Regata Weekend 1.3 70, A\u00f1o 01.1984 &#8211; 07.1989, 1301 , 68 FIAT Ritmo I Cabrio 1.5 80, A\u00f1o 01.1980 &#8211; 07.1989, 1498 , 86 FIAT [&hellip;]<\/p>\n","protected":false},"featured_media":79598,"template":"","meta":{"_seopress_robots_primary_cat":"","_seopress_titles_title":"","_seopress_titles_desc":"","_seopress_robots_index":""},"product_cat":[69,118,20,21,123,102,103],"product_tag":[],"class_list":{"0":"post-51307","1":"product","2":"type-product","3":"status-publish","4":"has-post-thumbnail","6":"product_cat-recambios-fiat-128","7":"product_cat-recambios-lancia-delta","8":"product_cat-recambios-fiat","9":"product_cat-recambios-lancia","10":"product_cat-recambios-lancia-prisma","11":"product_cat-recambios-fiat-regata","12":"product_cat-recambios-fiat-ritmo","14":"first","15":"outofstock","16":"taxable","17":"shipping-taxable","18":"purchasable","19":"product-type-simple"},"_links":{"self":[{"href":"https:\/\/galicianparts.com\/shop\/wp-json\/wp\/v2\/product\/51307"}],"collection":[{"href":"https:\/\/galicianparts.com\/shop\/wp-json\/wp\/v2\/product"}],"about":[{"href":"https:\/\/galicianparts.com\/shop\/wp-json\/wp\/v2\/types\/product"}],"wp:featuredmedia":[{"embeddable":true,"href":"https:\/\/galicianparts.com\/shop\/wp-json\/wp\/v2\/media\/79598"}],"wp:attachment":[{"href":"https:\/\/galicianparts.com\/shop\/wp-json\/wp\/v2\/media?parent=51307"}],"wp:term":[{"taxonomy":"product_cat","embeddable":true,"href":"https:\/\/galicianparts.com\/shop\/wp-json\/wp\/v2\/product_cat?post=51307"},{"taxonomy":"product_tag","embeddable":true,"href":"https:\/\/galicianparts.com\/shop\/wp-json\/wp\/v2\/product_tag?post=51307"}],"curies":[{"name":"wp","href":"https:\/\/api.w.org\/{rel}","templated":true}]}}