{"id":51418,"date":"2022-06-22T09:48:37","date_gmt":"2022-06-22T07:48:37","guid":{"rendered":"https:\/\/galicianparts.com\/shop\/producto\/46456660-rotula-direccion-der-fiat-palio-strada-perla-siena-nueva-original-trw\/"},"modified":"2022-06-22T09:52:38","modified_gmt":"2022-06-22T07:52:38","slug":"46456660-rotula-direccion-der-fiat-palio-strada-perla-siena-nueva-original-trw","status":"publish","type":"product","link":"https:\/\/galicianparts.com\/shop\/producto\/46456660-rotula-direccion-der-fiat-palio-strada-perla-siena-nueva-original-trw\/","title":{"rendered":"46456660 R\u00f3tula direcci\u00f3n der. Fiat Palio \/Strada \/Perla \/Siena NUEVA ORIGINAL TRW"},"content":{"rendered":"<p>R\u00f3tula derecha de los tirantes de la cremallera de direcci\u00f3n de:<br \/>\nM\u00e9trica interior: 14X1.5<br \/>\nM\u00e9trica exterior: 10X1.25<br \/>\nLargo: 144 mm.<br \/>\nFIAT &#8211; 3K PERLA CINA (2006-2007)<br \/>\nFIAT Palio I Hatchback (178)<br \/>\n1.0, A\u00f1o 04.1996 &#8211; 10.2003, 994 , 61<br \/>\n1.1, A\u00f1o 07.1997 &#8211; 10.2003, 1108 , 54<br \/>\n1.2, A\u00f1o 07.1997 &#8211; 08.2002, 1242 , 60<br \/>\n1.2, A\u00f1o 06.1999 &#8211; 10.2000, 1242 , 68<br \/>\n1.2, A\u00f1o 06.1998 &#8211; &#8230;, 1242 , 73<br \/>\n1.2, A\u00f1o 09.2001 &#8211; 01.2012, 1242 , 80<br \/>\n1.4, A\u00f1o 04.1996 &#8211; 10.2002, 1372 , 69<br \/>\n1.4, A\u00f1o 10.2005 &#8211; &#8230;, 1368 , 78<br \/>\n1.4 CAT, A\u00f1o 04.1996 &#8211; 08.2001, 1372 , 69<br \/>\n1.5, A\u00f1o 06.2004 &#8211; &#8230;, 1461 , 84<br \/>\n1.6 16V, A\u00f1o 04.1996 &#8211; 10.2002, 1581 , 100<br \/>\n1.7 TD, A\u00f1o 09.2001 &#8211; &#8230;, 1697 , 72<br \/>\nFIAT Palio I Weekend (178)<br \/>\n1.2, A\u00f1o 07.1997 &#8211; 10.2004, 1242 , 60<br \/>\n1.2, A\u00f1o 06.1999 &#8211; 10.2002, 1242 , 68<br \/>\n1.2, A\u00f1o 04.1996 &#8211; 02.2001, 1242 , 73<br \/>\n1.2, A\u00f1o 09.2001 &#8211; 10.2004, 1242 , 80<br \/>\n1.4, A\u00f1o 07.1997 &#8211; 08.2001, 1372 , 69<br \/>\n1.5, A\u00f1o 02.2002 &#8211; &#8230;, 1461 , 84<br \/>\n1.6 16V, A\u00f1o 04.1996 &#8211; 02.2001, 1581 , 100<br \/>\n1.6 16V, A\u00f1o 02.2001 &#8211; 01.2012, 1596 , 103<br \/>\n1.7 TD, A\u00f1o 04.1996 &#8211; 03.2001, 1698 , 70<br \/>\n1.9 D, A\u00f1o 03.2001 &#8211; &#8230;, 1910 , 63<br \/>\n1.9 JTD, A\u00f1o 09.2001 &#8211; &#8230;, 1910 , 80<br \/>\nFIAT Strada Pick-up (178)<br \/>\n1.2, A\u00f1o 04.2003 &#8211; &#8230;, 1242 , 60<br \/>\n1.2, A\u00f1o 06.1999 &#8211; 12.2006, 1242 , 73<br \/>\n1.2 Trekking, A\u00f1o 11.2005 &#8211; &#8230;, 1242 , 82<br \/>\n1.3 D Multijet, A\u00f1o 05.2006 &#8211; &#8230;, 1248 , 85<br \/>\n1.7 TD, A\u00f1o 06.1999 &#8211; 12.2006, 1698 , 69<br \/>\n1.9 D, A\u00f1o 12.2000 &#8211; &#8230;, 1910 , 63<br \/>\n1.9 JTD, A\u00f1o 04.2003 &#8211; &#8230;, 1910 , 80<br \/>\nFIAT Siena (178, 172)<br \/>\n1.2, A\u00f1o 09.2001 &#8211; 12.2009, 1242 , 60<br \/>\n1.2, A\u00f1o 09.1998 &#8211; 12.2009, 1242 , 73<br \/>\n1.2, A\u00f1o 09.2001 &#8211; 12.2009, 1242 , 80<br \/>\n1.4, A\u00f1o 04.1996 &#8211; 12.2009, 1372 , 69<br \/>\n1.4, A\u00f1o 01.2007 &#8211; 12.2009, 1368 , 77<br \/>\n1.4 CAT, A\u00f1o 04.1996 &#8211; 12.2009, 1372 , 69<br \/>\n1.6 16V, A\u00f1o 09.1998 &#8211; 12.2009, 1581 , 106<br \/>\nFIAT Strada Pick-up (278)<br \/>\n1.3 D Multijet, A\u00f1o 10.2010 &#8211; &#8230;, 1248 , 95<\/p>\n<p>LA PIEZA ES NUEVA Y ORIGINAL.<\/p>\n","protected":false},"excerpt":{"rendered":"<p>R\u00f3tula derecha de los tirantes de la cremallera de direcci\u00f3n de: M\u00e9trica interior: 14X1.5 M\u00e9trica exterior: 10X1.25 Largo: 144 mm. FIAT &#8211; 3K PERLA CINA (2006-2007) FIAT Palio I Hatchback (178) 1.0, A\u00f1o 04.1996 &#8211; 10.2003, 994 , 61 1.1, A\u00f1o 07.1997 &#8211; 10.2003, 1108 , 54 1.2, A\u00f1o 07.1997 &#8211; 08.2002, 1242 , 60 [&hellip;]<\/p>\n","protected":false},"featured_media":51419,"template":"","meta":{"_seopress_robots_primary_cat":"","_seopress_titles_title":"","_seopress_titles_desc":"","_seopress_robots_index":""},"product_cat":[20,98,100,107,109],"product_tag":[],"class_list":{"0":"post-51418","1":"product","2":"type-product","3":"status-publish","4":"has-post-thumbnail","6":"product_cat-recambios-fiat","7":"product_cat-recambios-fiat-palio","8":"product_cat-recambios-fiat-perla","9":"product_cat-recambios-fiat-siena","10":"product_cat-recambios-fiat-strada","12":"first","13":"instock","14":"taxable","15":"shipping-taxable","16":"purchasable","17":"product-type-simple"},"_links":{"self":[{"href":"https:\/\/galicianparts.com\/shop\/wp-json\/wp\/v2\/product\/51418"}],"collection":[{"href":"https:\/\/galicianparts.com\/shop\/wp-json\/wp\/v2\/product"}],"about":[{"href":"https:\/\/galicianparts.com\/shop\/wp-json\/wp\/v2\/types\/product"}],"wp:featuredmedia":[{"embeddable":true,"href":"https:\/\/galicianparts.com\/shop\/wp-json\/wp\/v2\/media\/51419"}],"wp:attachment":[{"href":"https:\/\/galicianparts.com\/shop\/wp-json\/wp\/v2\/media?parent=51418"}],"wp:term":[{"taxonomy":"product_cat","embeddable":true,"href":"https:\/\/galicianparts.com\/shop\/wp-json\/wp\/v2\/product_cat?post=51418"},{"taxonomy":"product_tag","embeddable":true,"href":"https:\/\/galicianparts.com\/shop\/wp-json\/wp\/v2\/product_tag?post=51418"}],"curies":[{"name":"wp","href":"https:\/\/api.w.org\/{rel}","templated":true}]}}