{"id":51463,"date":"2022-06-22T12:13:38","date_gmt":"2022-06-22T10:13:38","guid":{"rendered":"https:\/\/galicianparts.com\/shop\/producto\/7717889-junta-tubo-varilla-nivel-aceite-lancia-delta-evo-fiat-alfa-nueva-original\/"},"modified":"2023-02-17T22:14:08","modified_gmt":"2023-02-17T20:14:08","slug":"7717889-junta-tubo-varilla-nivel-aceite-lancia-delta-evo-fiat-alfa-nueva-original","status":"publish","type":"product","link":"https:\/\/galicianparts.com\/shop\/producto\/7717889-junta-tubo-varilla-nivel-aceite-lancia-delta-evo-fiat-alfa-nueva-original\/","title":{"rendered":"7717889 Junta tubo varilla nivel aceite Lancia Delta Evo \/Fiat \/Alfa NUEVA ORIGINAL"},"content":{"rendered":"<p>Junta de goma de la gu\u00eda de la cala del nivel de aceite del motor de:<br \/>\nDi\u00e1metro: 14 mm.<br \/>\nDi\u00e1metro interior: 10 mm.<br \/>\nLargo: 23 mm.<br \/>\nFIAT &#8211; 1V BRAVA (1995-1998) 1580 MPI 16V 103CV \/ 1580 MPI 16V 90CV \/ 1580 MPI 16V EM 04<br \/>\nFIAT &#8211; 1V BRAVA (1995-1998) 1930 DS EM 08<br \/>\nFIAT &#8211; 1U BRAVO (1995-1998) 1580 MPI 16V 103CV \/ 1580 MPI 16V 90CV<br \/>\nFIAT &#8211; 1U BRAVO (1995-1998) 1930 DS EM 08-65CV<br \/>\nFIAT &#8211; PC COUPE&#8217; (1994-1996) 2000 ASPIRATO \/ 2000 ASP.(BRASILE)<br \/>\nFIAT &#8211; PC COUPE&#8217; (1994-1996) 2000 TURBO<br \/>\nFIAT &#8211; MY CROMA IE-IE TB. FL.90 (1990-1996)<br \/>\nFIAT &#8211; MJ CROMA TURBO DS FL.90 (1990-1996) 1930 (154C6.000) \/ 1930 (154D1.000)<br \/>\nFIAT &#8211; PT MAREA BENZINA (1996-1999) 1580 16V 103CV (75 KW) \/ MOTOR 1580 BIPOWER<br \/>\nFIAT &#8211; 1X PALIO 2V EXTRA EUROPA (1997-2002) 1580 MPI TORQUE 16V CF2 \/ 1580 MPI 16V EM.04 R.L. \/ 1596 16V CF3<br \/>\nFIAT &#8211; 1Y PALIO WE EXTRA EUROPA (1997-2002) 1580 MPI TORQUE 16V CF2 \/ 1580 MPI 16V EM.04 \/ 1580 MPI 16V EM.04 R.L. \/ 1596 MPI TORQUE 16V CF3<br \/>\nFIAT &#8211; PY PALIO\/WEEKEND EUROPA (1997-2002) 1580 SW<br \/>\nFIAT &#8211; 2A SIENA EXTRA EUROPA (1997-2002) 1580 MPI TORQUE 16V CF2 \/ 1580 MPI 16V EM.04 R.L. \/ 1596 16V CF3<br \/>\nFIAT &#8211; MW TEMPRA 1750-2000 (1989-1993) SEDAN SX-SLX \/ S.W.SX-SLX \/ SEDAN BASICAS \/ S.W.BASICAS<br \/>\nFIAT &#8211; MW TEMPRA 1750-2000 (1989-1993) S.W. 4X4<br \/>\nFIAT &#8211; MX TEMPRA DIESEL-TURBO D.(1989-1993)<br \/>\nFIAT &#8211; NJ TEMPRA MQ.93 D-TD (1993-1996) 1930 ASPIRATO<br \/>\nFIAT &#8211; NJ TEMPRA MQ.93 D-TD (1993-1996) 1930 TURBO \/ 1930 TURBO USA&#8217;87-CF2<br \/>\nFIAT &#8211; NG TIPO 1750-2000 (1990-1993)<br \/>\nFIAT &#8211; MF TIPO DIESEL-T.DS. (1987-1993) 1697 \/ 1930 ASPIRADO<br \/>\nFIAT &#8211; NT TIPO MAQ.93 D-TD (1993-1995)<br \/>\nFIAT &#8211; NU TIPO MQ.93 (1993-1995) 1750 105CV (77KW) \/ 2000 8V \/ 1750 USA&#8217;83 90CV (66KW) \/ 2000 8V (BRASIL) \/ 1750 CEE F2 97CV (71KW) \/ 1750 CEE F2 90CV (66KW)<br \/>\nFIAT &#8211; NU TIPO MQ.93 (1993-1995) 2000 16V \/ 2000 16V (BRASIL)<br \/>\nFIAT &#8211; MP TIPO SPORT 16V IE. (1988-1993) 2000 USA&#8217;83<br \/>\nFIAT &#8211; 1D UNO MONDO (1995-2010) INDIA \/ PAKISTAN \/ 1697 DS EM08<br \/>\nALFA ROMEO &#8211; U1 145 (1994-1996) 1930 TB\/DS EM.08 \/ 1930 TB\/DS CEE FASE 2<br \/>\nALFA ROMEO &#8211; T5 145 GAMMA 97 (1997-1999) 1930 T.DS. CEE FASE 2 \/ 1930 T.DS. EM08 ARGENTINA<br \/>\nALFA ROMEO &#8211; U2 146 (1995-1996) 1930 T.DS EM 08 \/ 1930 T.DS CEE FASE 2<br \/>\nALFA ROMEO &#8211; T6 146 GAMMA 97 (1997-1999) 1930 T.DS. CEE FASE 2 \/ 1930 T.DS. EM08 ARGENTINA<br \/>\nALFA ROMEO &#8211; T4 155 GAMMA 96 DS (1996-1997) 1930 TD<br \/>\nLANCIA &#8211; RY DEDRA BENZINA (1989-1994) 1800 \/ 1800 USA&#8217;83 105CV (77KW) \/ 1800 CC.(USA 83) 90CV (66KW) \/ 2000 \/ 2000 USA&#8217;83<br \/>\nLANCIA &#8211; SL DEDRA FL.94 (1994-1999) 1750 MPI \/ 2000 MPI C. AUT.<br \/>\nLANCIA &#8211; SM DEDRA FL.94 (1994-1999) 2000 16V<br \/>\nLANCIA &#8211; SN DEDRA FL.94 T.DS (1994-1999)<br \/>\nLANCIA &#8211; RJ DEDRA IE.TB.INTEGRALE (1990-1994)<br \/>\nLANCIA &#8211; RZ DEDRA TURBO DIESEL (1989-1994)<br \/>\nLANCIA &#8211; SA DELTA EVOLUZIONE (1991-1994) 2000 16V \/ 2000 8V USA83<br \/>\nLANCIA &#8211; SA DELTA EVOLUZIONE (1991-1994) 2000 16V USA83<br \/>\nLANCIA &#8211; SV KAPPA  COUPE&#8217; (1997-2001) 2000 IE. TB 16V<br \/>\nLANCIA &#8211; SP KAPPA BZ (1994-2001) 2000 IE. TB 16V<br \/>\nLANCIA &#8211; SF N.DELTA (1993-1999) 1750 105CV (77KW) \/ 1750 90CV (66KW) \/ 1750 CEE F2 97CV (71KW) \/ 1750 CEE F2 90CV (66KW)<br \/>\nLANCIA &#8211; SF N.DELTA (1993-1999) 1580 CEE F2 16V 103CV \/ 1580 CEE F2 16V 90CV<br \/>\nLANCIA &#8211; SG N.DELTA (&#8217;93-&#8217;99) 2000 16V ASP.<br \/>\nLANCIA &#8211; SG N.DELTA (&#8217;93-&#8217;99) 2000 16V TB USA 83 \/ 2000 16V TB CEE F2<br \/>\nLANCIA &#8211; SQ N.DELTA TB\/DS (1994-1999)<br \/>\nLANCIA &#8211; SE THEMA I.E. 8V FL.92 (1992-1994)<br \/>\nLANCIA &#8211; SB THEMA FL.92 (1992-1994) 2000 ASPIRADO 16V<br \/>\nLANCIA &#8211; SB THEMA FL.92 (1992-1994) 2000 TB.<br \/>\nFIAT PROFESSIONAL &#8211; PE DUCATO&#8217;94 DIESEL (1994-2002) 1930 DS \/ 1930 TD \/ 1930 TD CAT<br \/>\nFIAT PROFESSIONAL &#8211; NA NUOVO DUCATO DS.R.90 (1990-1994) 1930 TURBO<br \/>\nCITROEN &#8211; JUMPER<br \/>\nPEUGEOT &#8211; BOXER<\/p>\n<p>LA PIEZA ES NUEVA Y ORIGINAL.<\/p>\n","protected":false},"excerpt":{"rendered":"<p>Junta de goma de la gu\u00eda de la cala del nivel de aceite del motor de: Di\u00e1metro: 14 mm. Di\u00e1metro interior: 10 mm. Largo: 23 mm. FIAT &#8211; 1V BRAVA (1995-1998) 1580 MPI 16V 103CV \/ 1580 MPI 16V 90CV \/ 1580 MPI 16V EM 04 FIAT &#8211; 1V BRAVA (1995-1998) 1930 DS EM 08 [&hellip;]<\/p>\n","protected":false},"featured_media":57408,"template":"","meta":{"_seopress_robots_primary_cat":"","_seopress_titles_title":"","_seopress_titles_desc":"","_seopress_robots_index":""},"product_cat":[45,46,48,16,155,81,82,23,85,86,117,118,88,20,137,119,21,95,98,24,107,111,124,112,114],"product_tag":[],"class_list":{"0":"post-51463","1":"product","2":"type-product","3":"status-publish","4":"has-post-thumbnail","6":"product_cat-recambios-alfa-romeo-145","7":"product_cat-recambios-alfa-romeo-146","8":"product_cat-recambios-alfa-romeo-155","9":"product_cat-recambios-alfa-romeo","10":"product_cat-recambios-peugeot-boxer","11":"product_cat-recambios-fiat-brava","12":"product_cat-recambios-fiat-bravo","13":"product_cat-recambios-citroen","14":"product_cat-recambios-fiat-coupe","15":"product_cat-recambios-fiat-croma","16":"product_cat-recambios-lancia-dedra","17":"product_cat-recambios-lancia-delta","18":"product_cat-recambios-fiat-ducato","19":"product_cat-recambios-fiat","20":"product_cat-recambios-citroen-jumper","21":"product_cat-recambios-lancia-kappa","22":"product_cat-recambios-lancia","23":"product_cat-recambios-fiat-marea","24":"product_cat-recambios-fiat-palio","25":"product_cat-recambios-peugeot","26":"product_cat-recambios-fiat-siena","27":"product_cat-recambios-fiat-tempra","28":"product_cat-recambios-lancia-thema","29":"product_cat-recambios-fiat-tipo","30":"product_cat-recambios-fiat-uno","32":"first","33":"outofstock","34":"taxable","35":"shipping-taxable","36":"purchasable","37":"product-type-simple"},"_links":{"self":[{"href":"https:\/\/galicianparts.com\/shop\/wp-json\/wp\/v2\/product\/51463"}],"collection":[{"href":"https:\/\/galicianparts.com\/shop\/wp-json\/wp\/v2\/product"}],"about":[{"href":"https:\/\/galicianparts.com\/shop\/wp-json\/wp\/v2\/types\/product"}],"wp:featuredmedia":[{"embeddable":true,"href":"https:\/\/galicianparts.com\/shop\/wp-json\/wp\/v2\/media\/57408"}],"wp:attachment":[{"href":"https:\/\/galicianparts.com\/shop\/wp-json\/wp\/v2\/media?parent=51463"}],"wp:term":[{"taxonomy":"product_cat","embeddable":true,"href":"https:\/\/galicianparts.com\/shop\/wp-json\/wp\/v2\/product_cat?post=51463"},{"taxonomy":"product_tag","embeddable":true,"href":"https:\/\/galicianparts.com\/shop\/wp-json\/wp\/v2\/product_tag?post=51463"}],"curies":[{"name":"wp","href":"https:\/\/api.w.org\/{rel}","templated":true}]}}