{"id":51601,"date":"2022-06-27T09:18:26","date_gmt":"2022-06-27T07:18:26","guid":{"rendered":"https:\/\/galicianparts.com\/shop\/producto\/5893919-conducto-aire-motor-calefaccion-fiat-punto-gt-1993-1997-original-valeo\/"},"modified":"2022-06-27T09:27:49","modified_gmt":"2022-06-27T07:27:49","slug":"5893919-conducto-aire-motor-calefaccion-fiat-punto-gt-1993-1997-original-valeo","status":"publish","type":"product","link":"https:\/\/galicianparts.com\/shop\/producto\/5893919-conducto-aire-motor-calefaccion-fiat-punto-gt-1993-1997-original-valeo\/","title":{"rendered":"5893919 Conducto aire motor calefacci\u00f3n Fiat Punto GT (1993-1997) ORIGINAL VALEO"},"content":{"rendered":"<p>Tubo del aire del motor al m\u00f3dulo de la calefacci\u00f3n de:<br \/>\nFIAT &#8211; NV PUNTO 55-60-75-90 (1993-1997) VALEO<br \/>\nFIAT &#8211; NX PUNTO D-TD (1993-1997) VALEO<br \/>\nFIAT &#8211; NW PUNTO GT (1993-1997) VALEO<\/p>\n<p>LA PIEZA ES NUEVA Y ORIGINAL VALEO.<\/p>\n","protected":false},"excerpt":{"rendered":"<p>Tubo del aire del motor al m\u00f3dulo de la calefacci\u00f3n de: FIAT &#8211; NV PUNTO 55-60-75-90 (1993-1997) VALEO FIAT &#8211; NX PUNTO D-TD (1993-1997) VALEO FIAT &#8211; NW PUNTO GT (1993-1997) VALEO LA PIEZA ES NUEVA Y ORIGINAL VALEO.<\/p>\n","protected":false},"featured_media":51603,"template":"","meta":{"_seopress_robots_primary_cat":"","_seopress_titles_title":"","_seopress_titles_desc":"","_seopress_robots_index":""},"product_cat":[20,101],"product_tag":[],"class_list":{"0":"post-51601","1":"product","2":"type-product","3":"status-publish","4":"has-post-thumbnail","6":"product_cat-recambios-fiat","7":"product_cat-recambios-fiat-punto","9":"first","10":"instock","11":"taxable","12":"shipping-taxable","13":"purchasable","14":"product-type-simple"},"_links":{"self":[{"href":"https:\/\/galicianparts.com\/shop\/wp-json\/wp\/v2\/product\/51601"}],"collection":[{"href":"https:\/\/galicianparts.com\/shop\/wp-json\/wp\/v2\/product"}],"about":[{"href":"https:\/\/galicianparts.com\/shop\/wp-json\/wp\/v2\/types\/product"}],"wp:featuredmedia":[{"embeddable":true,"href":"https:\/\/galicianparts.com\/shop\/wp-json\/wp\/v2\/media\/51603"}],"wp:attachment":[{"href":"https:\/\/galicianparts.com\/shop\/wp-json\/wp\/v2\/media?parent=51601"}],"wp:term":[{"taxonomy":"product_cat","embeddable":true,"href":"https:\/\/galicianparts.com\/shop\/wp-json\/wp\/v2\/product_cat?post=51601"},{"taxonomy":"product_tag","embeddable":true,"href":"https:\/\/galicianparts.com\/shop\/wp-json\/wp\/v2\/product_tag?post=51601"}],"curies":[{"name":"wp","href":"https:\/\/api.w.org\/{rel}","templated":true}]}}