{"id":51792,"date":"2022-06-29T19:01:19","date_gmt":"2022-06-29T17:01:19","guid":{"rendered":"https:\/\/galicianparts.com\/shop\/producto\/19056587-manguito-combustible-l-340mm-fiat-alfa-romeo-citroen-peugeot-original\/"},"modified":"2022-06-29T19:02:57","modified_gmt":"2022-06-29T17:02:57","slug":"19056587-manguito-combustible-l-340mm-fiat-alfa-romeo-citroen-peugeot-original","status":"publish","type":"product","link":"https:\/\/galicianparts.com\/shop\/producto\/19056587-manguito-combustible-l-340mm-fiat-alfa-romeo-citroen-peugeot-original\/","title":{"rendered":"19056587 Manguito combustible L 340mm Fiat \/Alfa Romeo \/Citro\u00ebn \/Peugeot ORIGINAL"},"content":{"rendered":"<p>Tubo de carburante de la inyecci\u00f3n de:<br \/>\nDi\u00e1metro exterior: 13 mm.<br \/>\nDi\u00e1metro interior: 5,5 mm.<br \/>\nLargo: 340 mm.<br \/>\nFIAT &#8211; MD 126 BIS (1987-1999)<br \/>\nFIAT &#8211; NM CINQUECENTO (1992-1998) 704 CARB. \/ 704 CARB.USA&#8217;83<br \/>\nFIAT &#8211; MJ CROMA TURBO DS FL.90 (1990-1996) 1930 (154C6.000) \/ 1930 (154D1.000)<br \/>\nFIAT &#8211; XP ELBA CSL (1991-1996) 1300 CARB.<br \/>\nFIAT &#8211; NX PUNTO D-TD (1993-1997) 1697 T.DS EM.08 (70 CV) \/ 1697 T.DS USA&#8217;87-CEE FASE 2 (70 CV) \/ 1697 T.DS CEE FASE 2 SOFT (63 CV)<br \/>\nFIAT &#8211; 1B PUNTO TB.DS. GAMMA&#8217;97 (1997-1999) 1697 T.DS EM.08 (72CV) \/ 1697 T.DS CF2 (69CV) \/ 1697 T.DS CF2 SOFT (63CV)<br \/>\nFIAT &#8211; MV TEMPRA (1989-1993) ARABIA SAUDITA \/ 1370 \/ 1580<br \/>\nFIAT &#8211; ME TIPO (1987-1993) ARABIA SAUDITA \/ TAIWAN \/ 1100 CARB. \/ 1370 CARB.(69CV) \/ 1370 CARB.(76CV) \/ 1370 CARB.DAV-15 \/ 1580 CARB.(81CV) \/ 1580 CARB.(85CV)<br \/>\nFIAT &#8211; ML UNO CS (1988-1990) 1700 DIESEL(149) \/ 1700 DIESEL(146)<br \/>\nFIAT &#8211; MU UNO DIESEL R\/89 (1989-1995) 1367 TURBO<br \/>\nFIAT &#8211; MR UNO R\/89 (1989-1995) 903 \/ 994 CARB. \/ 1000 \/ 1108 \/ 1000 DAV.<br \/>\nALFA ROMEO &#8211; W5 33 CARB.\/DS (1990-1994) BN 4X2 MEDIO \/ SW 4X2 MEDIO<br \/>\nALFA ROMEO &#8211; W6 33 I.E. 8\/16 VALV. (1990-1994) BN 4X2 MED \/ BN 4X2 EL \/ SEDAN 4X2 SP. \/ SW 4X2 MED. \/ SW 4X2 EL<br \/>\nFIAT PROFESSIONAL &#8211; PE DUCATO&#8217;94 DIESEL (1994-2002) 1930 TD CAT<br \/>\nFIAT PROFESSIONAL &#8211; PE DUCATO&#8217;94 DIESEL (1994-2002) 2500 TD EGR \/ 2800 TD EGR<br \/>\nFIAT PROFESSIONAL &#8211; PE DUCATO&#8217;94 DIESEL (1994-2002) 2500 TD ECO<br \/>\nFIAT PROFESSIONAL &#8211; 2M FIORINO (1991-1993) 1116 CARB \/ 1300 CARB<br \/>\nCITROEN &#8211; JUMPER<br \/>\nPEUGEOT &#8211; BOXER<\/p>\n<p>LA PIEZA ES NUEVA Y ORIGINAL.<\/p>\n","protected":false},"excerpt":{"rendered":"<p>Tubo de carburante de la inyecci\u00f3n de: Di\u00e1metro exterior: 13 mm. Di\u00e1metro interior: 5,5 mm. Largo: 340 mm. FIAT &#8211; MD 126 BIS (1987-1999) FIAT &#8211; NM CINQUECENTO (1992-1998) 704 CARB. \/ 704 CARB.USA&#8217;83 FIAT &#8211; MJ CROMA TURBO DS FL.90 (1990-1996) 1930 (154C6.000) \/ 1930 (154D1.000) FIAT &#8211; XP ELBA CSL (1991-1996) 1300 CARB. [&hellip;]<\/p>\n","protected":false},"featured_media":51795,"template":"","meta":{"_seopress_robots_primary_cat":"","_seopress_titles_title":"","_seopress_titles_desc":"","_seopress_robots_index":""},"product_cat":[67,43,16,155,84,23,86,88,90,20,91,137,24,101,111,112,114],"product_tag":[],"class_list":{"0":"post-51792","1":"product","2":"type-product","3":"status-publish","4":"has-post-thumbnail","6":"product_cat-recambios-fiat-126","7":"product_cat-recambios-alfa-romeo-33","8":"product_cat-recambios-alfa-romeo","9":"product_cat-recambios-peugeot-boxer","10":"product_cat-recambios-fiat-cinquecento","11":"product_cat-recambios-citroen","12":"product_cat-recambios-fiat-croma","13":"product_cat-recambios-fiat-ducato","14":"product_cat-recambios-fiat-elba","15":"product_cat-recambios-fiat","16":"product_cat-recambios-fiat-fiorino","17":"product_cat-recambios-citroen-jumper","18":"product_cat-recambios-peugeot","19":"product_cat-recambios-fiat-punto","20":"product_cat-recambios-fiat-tempra","21":"product_cat-recambios-fiat-tipo","22":"product_cat-recambios-fiat-uno","24":"first","25":"instock","26":"taxable","27":"shipping-taxable","28":"purchasable","29":"product-type-simple"},"_links":{"self":[{"href":"https:\/\/galicianparts.com\/shop\/wp-json\/wp\/v2\/product\/51792"}],"collection":[{"href":"https:\/\/galicianparts.com\/shop\/wp-json\/wp\/v2\/product"}],"about":[{"href":"https:\/\/galicianparts.com\/shop\/wp-json\/wp\/v2\/types\/product"}],"wp:featuredmedia":[{"embeddable":true,"href":"https:\/\/galicianparts.com\/shop\/wp-json\/wp\/v2\/media\/51795"}],"wp:attachment":[{"href":"https:\/\/galicianparts.com\/shop\/wp-json\/wp\/v2\/media?parent=51792"}],"wp:term":[{"taxonomy":"product_cat","embeddable":true,"href":"https:\/\/galicianparts.com\/shop\/wp-json\/wp\/v2\/product_cat?post=51792"},{"taxonomy":"product_tag","embeddable":true,"href":"https:\/\/galicianparts.com\/shop\/wp-json\/wp\/v2\/product_tag?post=51792"}],"curies":[{"name":"wp","href":"https:\/\/api.w.org\/{rel}","templated":true}]}}