{"id":51831,"date":"2022-06-29T20:11:25","date_gmt":"2022-06-29T18:11:25","guid":{"rendered":"https:\/\/galicianparts.com\/shop\/producto\/7671402-correa-auxiliar-fiat-uno-elba-fiorino-original\/"},"modified":"2024-05-13T18:12:56","modified_gmt":"2024-05-13T16:12:56","slug":"7671402-correa-auxiliar-fiat-uno-elba-fiorino-original","status":"publish","type":"product","link":"https:\/\/galicianparts.com\/shop\/producto\/7671402-correa-auxiliar-fiat-uno-elba-fiorino-original\/","title":{"rendered":"7671402 Correa auxiliar Fiat 131 \/132 \/1500 \/Ducato (82-94) Citro\u00ebn ORIGINAL"},"content":{"rendered":"<p>Correa de instrumentos de:<br \/>\nLongitud: 913 mm.<br \/>\nAncho: 10 mm.<\/p>\n<p>FIAT Regata (138)<br \/>\n1.6 Super 100, A\u00f1o 10.1983 &#8211; 12.1990, 1585 , 101<br \/>\n1.6 i.e. 90, A\u00f1o 01.1987 &#8211; 07.1989, 1595 , 90<br \/>\nFIAT 131 Berlina (131)<br \/>\n2.5 D, A\u00f1o 06.1978 &#8211; 02.1984, 2445 , 72<br \/>\nFIAT 131 Familiare \/ Panorama (131)<br \/>\n2.5 S\u00faper di\u00e9sel, A\u00f1o 03.1979 &#8211; 12.1984, 2445 , 72<br \/>\nFIAT Argenta (132) (A\u00f1o 05.1977 &#8211; 03.1987)<br \/>\n2.5 Di\u00e9sel, A\u00f1o 06.1981 &#8211; 11.1985, 2445 , 72<br \/>\nFIAT Tipo Hatchback (160)<br \/>\n1.7 D, A\u00f1o 01.1988 &#8211; 10.1994, 1697 , 58<br \/>\n1.7 D, A\u00f1o 01.1988 &#8211; 10.1995, 1697 , 61<br \/>\nFIAT Fiorino II Furg\u00f3n (146)<br \/>\n60 1.7 D, A\u00f1o 05.1988 &#8211; 10.1996, 1697 , 57<br \/>\n60 1.7 D, A\u00f1o 05.1988 &#8211; 05.2000, 1698 , 60<br \/>\n65 1.7 TD, A\u00f1o 01.1997 &#8211; 05.2001, 1698 , 63<br \/>\nFIAT Uno Hatchback (146)<br \/>\n1.7 D, A\u00f1o 11.1994 &#8211; 08.2000, 1697 , 58<br \/>\n1.9 D, A\u00f1o 09.1989 &#8211; 03.1994, 1929 , 60<br \/>\n1.7 Di\u00e9sel 60, A\u00f1o 09.1989 &#8211; 12.1993, 1698 , 57<br \/>\n1.7 Di\u00e9sel 60, A\u00f1o 07.1986 &#8211; 08.1989, 1698 , 60<br \/>\nFIAT Ducato I Furg\u00f3n (290)<br \/>\n1.9 D, A\u00f1o 07.1990 &#8211; 03.1994, 1929 , 71<br \/>\n2.5 D, A\u00f1o 06.1990 &#8211; 05.1994, 2499 , 75<br \/>\n2.5 D 4&#215;4, A\u00f1o 07.1990 &#8211; 03.1994, 2500 , 75<br \/>\n2.5 TD, A\u00f1o 07.1990 &#8211; 03.1994, 2500 , 95<br \/>\n2.5 TD 4&#215;4, A\u00f1o 07.1990 &#8211; 03.1994, 2500 , 95<br \/>\nFIAT 130 Coup\u00e9<br \/>\n3.2, A\u00f1o 10.1971 &#8211; 03.1978, 3235 , 165<br \/>\nFIAT 1000-Serie Berlina<br \/>\n1500, A\u00f1o 11.1964 &#8211; 10.1968, 1471 , 75<br \/>\n1500 (116), A\u00f1o 11.1961 &#8211; 03.1969, 1471 , 67<br \/>\nFIAT 1500 Cabrio<br \/>\n1.5, A\u00f1o 06.1964 &#8211; 10.1967, 1481 , 67<br \/>\n1.5, A\u00f1o 06.1964 &#8211; 10.1967, 1481 , 75<br \/>\nFIAT Ducato I Panorama (290)<br \/>\n1.9 D, A\u00f1o 07.1990 &#8211; 03.1994, 1929 , 71<br \/>\n2.5 D, A\u00f1o 07.1990 &#8211; 03.1994, 2500 , 75<br \/>\n2.5 D 4&#215;4, A\u00f1o 07.1990 &#8211; 03.1994, 2500 , 75<br \/>\n2.5 TD, A\u00f1o 08.1990 &#8211; 03.1994, 2500 , 95<br \/>\n2.5 TD 4&#215;4, A\u00f1o 01.1991 &#8211; 03.1994, 2500 , 95<br \/>\nFIAT Ducato I Furg\u00f3n (280)<br \/>\n1.9 TD, A\u00f1o 03.1989 &#8211; 08.1990, 1929 , 82<br \/>\n2.4 D, A\u00f1o 01.1982 &#8211; 08.1990, 2428 , 72<br \/>\n2.5 D, A\u00f1o 01.1982 &#8211; 08.1990, 2500 , 75<br \/>\n2.5 D 4&#215;4, A\u00f1o 09.1986 &#8211; 10.1987, 2445 , 72<br \/>\n2.5 D 4&#215;4, A\u00f1o 03.1989 &#8211; 08.1990, 2500 , 75<br \/>\n2.5 D 4&#215;4, A\u00f1o 09.1986 &#8211; 05.1990, 2445 , 75<br \/>\nFIAT 1500-2300 Berlina<br \/>\n1.5 L, A\u00f1o 10.1963 &#8211; 12.1970, 1471 , 75<br \/>\n2.3, A\u00f1o 07.1962 &#8211; 03.1969, 2263 , 102<br \/>\nFIAT Ducato I Cami\u00f3n de plataforma\/Chasis (290)<br \/>\n2.5 D, A\u00f1o 03.1989 &#8211; 03.1994, 2500 , 75<br \/>\n2.5 D 4&#215;4, A\u00f1o 07.1990 &#8211; 03.1994, 2500 , 75<br \/>\n2.5 TD, A\u00f1o 07.1990 &#8211; 03.1994, 2500 , 95<br \/>\n2.5 TD 4&#215;4, A\u00f1o 07.1990 &#8211; 03.1994, 2500 , 95<br \/>\nFIAT 132 (132_) (A\u00f1o 04.1972 &#8211; 12.1982)<br \/>\n2.5 D, A\u00f1o 07.1978 &#8211; 07.1982, 2445 , 72<br \/>\nFIAT Ducato I Panorama (280)<br \/>\n1.9 D, A\u00f1o 03.1987 &#8211; 08.1990, 1929 , 71<br \/>\n1.9 TD, A\u00f1o 03.1989 &#8211; 08.1990, 1929 , 82<br \/>\n2.4 D, A\u00f1o 07.1982 &#8211; 12.1985, 2428 , 72<br \/>\n2.5 D, A\u00f1o 01.1986 &#8211; 08.1990, 2500 , 75<br \/>\n2.5 D 4&#215;4, A\u00f1o 01.1987 &#8211; 08.1990, 2500 , 75<br \/>\n2.5 TD, A\u00f1o 01.1987 &#8211; 08.1990, 2445 , 92<br \/>\n2.5 TD 4&#215;4, A\u00f1o 01.1986 &#8211; 08.1990, 2445 , 92<br \/>\nFIAT Fiorino II Pick-up (146)<br \/>\n1.7 D, A\u00f1o 10.1993 &#8211; 10.1999, 1697 , 57<br \/>\n1.7 D, A\u00f1o 05.1988 &#8211; 10.1999, 1698 , 60<br \/>\n1.7 TD, A\u00f1o 01.1997 &#8211; 05.2001, 1698 , 63<br \/>\nFIAT Ducato I Cami\u00f3n de plataforma\/Chasis (280)<br \/>\n2.5 D, A\u00f1o 07.1982 &#8211; 08.1990, 2500 , 75<br \/>\n2.5 D 4&#215;4, A\u00f1o 03.1989 &#8211; 08.1990, 2500 , 75<br \/>\n2.5 TD (8144.21), A\u00f1o 01.1986 &#8211; 08.1990, 2445 , 92<br \/>\nFIAT Talento Furg\u00f3n (290)<br \/>\n1.9 D, A\u00f1o 03.1989 &#8211; 03.1994, 1929 , 71<br \/>\nFIAT Talento Cami\u00f3n de plataforma\/Chasis (290)<br \/>\n1.9 D, A\u00f1o 03.1989 &#8211; 03.1994, 1929 , 71<br \/>\nFIAT Talento Bus (290)<br \/>\n1.9 D, A\u00f1o 03.1989 &#8211; 03.1994, 1929 , 71<\/p>\n<p>CITRO\u00cbN LNA Hatchback<br \/>\n1.1, A\u00f1o 07.1982 &#8211; 04.1985, 1124 , 50<br \/>\nCITRO\u00cbN CX I<br \/>\n2.0, A\u00f1o 06.1979 &#8211; 08.1985, 1995 , 106<br \/>\n2.2, A\u00f1o 09.1974 &#8211; 07.1976, 2175 , 112<br \/>\n2.2, A\u00f1o 06.1981 &#8211; 08.1985, 2165 , 115<br \/>\nCITRO\u00cbN CX II<br \/>\n2.0 RE, A\u00f1o 08.1985 &#8211; 12.1992, 1995 , 106<br \/>\n2.2 TRS, A\u00f1o 07.1985 &#8211; 12.1992, 2165 , 113<br \/>\nCITRO\u00cbN BX Hatchback<br \/>\n1.1, A\u00f1o 10.1986 &#8211; 06.1992, 1124 , 57<br \/>\nCITRO\u00cbN C15 Furg\u00f3n<br \/>\n1.0, A\u00f1o 10.1984 &#8211; 12.1997, 954 , 45<br \/>\n1.1, A\u00f1o 10.1984 &#8211; 12.1996, 1124 , 48<br \/>\n1.4, A\u00f1o 07.1987 &#8211; 12.1996, 1360 , 67<br \/>\n1.4 E, A\u00f1o 05.1987 &#8211; 12.1996, 1360 , 60<br \/>\nCITRO\u00cbN Visa Hatchback<br \/>\n1.0, A\u00f1o 09.1984 &#8211; 06.1988, 954 , 45<br \/>\n11 E, A\u00f1o 09.1978 &#8211; 06.1988, 1124 , 48<br \/>\n11 E, A\u00f1o 07.1982 &#8211; 03.1991, 1124 , 50<br \/>\n11 E, A\u00f1o 09.1978 &#8211; 03.1991, 1124 , 57<br \/>\n14, A\u00f1o 07.1984 &#8211; 03.1991, 1360 , 60<br \/>\n14 GT, A\u00f1o 03.1982 &#8211; 03.1987, 1360 , 75<br \/>\n14 GT, A\u00f1o 03.1982 &#8211; 03.1991, 1360 , 79<br \/>\nII Super X, A\u00f1o 07.1980 &#8211; 06.1982, 1219 , 64<br \/>\nCITRO\u00cbN ID Berlina<br \/>\n19 B, A\u00f1o 09.1964 &#8211; 08.1975, 1972 , 78<\/p>\n<p>LA PIEZA ES NUEVA Y ORIGINAL.<\/p>\n","protected":false},"excerpt":{"rendered":"<p>Correa de instrumentos de: Longitud: 913 mm. Ancho: 10 mm. FIAT Regata (138) 1.6 Super 100, A\u00f1o 10.1983 &#8211; 12.1990, 1585 , 101 1.6 i.e. 90, A\u00f1o 01.1987 &#8211; 07.1989, 1595 , 90 FIAT 131 Berlina (131) 2.5 D, A\u00f1o 06.1978 &#8211; 02.1984, 2445 , 72 FIAT 131 Familiare \/ Panorama (131) 2.5 S\u00faper di\u00e9sel, [&hellip;]<\/p>\n","protected":false},"featured_media":62527,"template":"","meta":{"_seopress_robots_primary_cat":"","_seopress_titles_title":"","_seopress_titles_desc":"","_seopress_robots_index":""},"product_cat":[353,326,70,71,78,172,79,130,131,23,136,88,20,91,260,102,110,112,114,140],"product_tag":[],"class_list":{"0":"post-51831","1":"product","2":"type-product","3":"status-publish","4":"has-post-thumbnail","6":"product_cat-recambios-fiat-1000","7":"product_cat-recambios-fiat-130","8":"product_cat-recambios-fiat-131","9":"product_cat-recambios-fiat-132","10":"product_cat-recambios-fiat-1500","11":"product_cat-recambios-fiat-2300","12":"product_cat-recambios-fiat-argenta","13":"product_cat-recambios-citroen-bx","14":"product_cat-recambios-citroen-c15","15":"product_cat-recambios-citroen","16":"product_cat-recambios-citroen-cx","17":"product_cat-recambios-fiat-ducato","18":"product_cat-recambios-fiat","19":"product_cat-recambios-fiat-fiorino","20":"product_cat-recambios-citroen-lna","21":"product_cat-recambios-fiat-regata","22":"product_cat-recambios-fiat-talento","23":"product_cat-recambios-fiat-tipo","24":"product_cat-recambios-fiat-uno","25":"product_cat-recambios-citroen-visa","27":"first","28":"instock","29":"taxable","30":"shipping-taxable","31":"purchasable","32":"product-type-simple"},"_links":{"self":[{"href":"https:\/\/galicianparts.com\/shop\/wp-json\/wp\/v2\/product\/51831"}],"collection":[{"href":"https:\/\/galicianparts.com\/shop\/wp-json\/wp\/v2\/product"}],"about":[{"href":"https:\/\/galicianparts.com\/shop\/wp-json\/wp\/v2\/types\/product"}],"wp:featuredmedia":[{"embeddable":true,"href":"https:\/\/galicianparts.com\/shop\/wp-json\/wp\/v2\/media\/62527"}],"wp:attachment":[{"href":"https:\/\/galicianparts.com\/shop\/wp-json\/wp\/v2\/media?parent=51831"}],"wp:term":[{"taxonomy":"product_cat","embeddable":true,"href":"https:\/\/galicianparts.com\/shop\/wp-json\/wp\/v2\/product_cat?post=51831"},{"taxonomy":"product_tag","embeddable":true,"href":"https:\/\/galicianparts.com\/shop\/wp-json\/wp\/v2\/product_tag?post=51831"}],"curies":[{"name":"wp","href":"https:\/\/api.w.org\/{rel}","templated":true}]}}