{"id":51840,"date":"2022-06-30T08:47:40","date_gmt":"2022-06-30T06:47:40","guid":{"rendered":"https:\/\/galicianparts.com\/shop\/producto\/5891821-kit-juntas-motor-1-5-fiat-uno-ritmo-regata-lancia-prisma-original\/"},"modified":"2022-07-15T11:59:59","modified_gmt":"2022-07-15T09:59:59","slug":"5891821-kit-juntas-motor-1-5-fiat-uno-ritmo-regata-lancia-prisma-original","status":"publish","type":"product","link":"https:\/\/galicianparts.com\/shop\/producto\/5891821-kit-juntas-motor-1-5-fiat-uno-ritmo-regata-lancia-prisma-original\/","title":{"rendered":"5891821 Kit juntas motor 1.5 Fiat Uno \/Ritmo \/ X1\/9 \/Lancia Prisma ORIGINAL"},"content":{"rendered":"<p>Juego, set de juntas del motor de:<br \/>\nFIAT Regata Berlina (138)<br \/>\n1.5 85, A\u00f1o 05.1985 &#8211; 12.1987, 1498 , 79<br \/>\nFIAT Ritmo I Hatchback (138)<br \/>\n1.5 85, A\u00f1o 08.1985 &#8211; 05.1987, 1498 , 79<br \/>\nFIAT Uno Hatchback (146)<br \/>\n1.5 i.e. 75, A\u00f1o 10.1985 &#8211; 12.1993, 1499 , 75<br \/>\nFIAT &#8211; X1\/9<\/p>\n<p>LANCIA Prisma (831)<br \/>\n1.5, A\u00f1o 09.1985 &#8211; 03.1992, 1498 , 75<\/p>\n<p>LA PIEZA ES NUEVA Y ORIGINAL.<\/p>\n","protected":false},"excerpt":{"rendered":"<p>Juego, set de juntas del motor de: FIAT Regata Berlina (138) 1.5 85, A\u00f1o 05.1985 &#8211; 12.1987, 1498 , 79 FIAT Ritmo I Hatchback (138) 1.5 85, A\u00f1o 08.1985 &#8211; 05.1987, 1498 , 79 FIAT Uno Hatchback (146) 1.5 i.e. 75, A\u00f1o 10.1985 &#8211; 12.1993, 1499 , 75 FIAT &#8211; X1\/9 LANCIA Prisma (831) 1.5, [&hellip;]<\/p>\n","protected":false},"featured_media":51845,"template":"","meta":{"_seopress_robots_primary_cat":"","_seopress_titles_title":"","_seopress_titles_desc":"","_seopress_robots_index":""},"product_cat":[20,21,123,102,103,114,206],"product_tag":[],"class_list":{"0":"post-51840","1":"product","2":"type-product","3":"status-publish","4":"has-post-thumbnail","6":"product_cat-recambios-fiat","7":"product_cat-recambios-lancia","8":"product_cat-recambios-lancia-prisma","9":"product_cat-recambios-fiat-regata","10":"product_cat-recambios-fiat-ritmo","11":"product_cat-recambios-fiat-uno","12":"product_cat-recambios-fiat-x1-9","14":"first","15":"outofstock","16":"taxable","17":"shipping-taxable","18":"purchasable","19":"product-type-simple"},"_links":{"self":[{"href":"https:\/\/galicianparts.com\/shop\/wp-json\/wp\/v2\/product\/51840"}],"collection":[{"href":"https:\/\/galicianparts.com\/shop\/wp-json\/wp\/v2\/product"}],"about":[{"href":"https:\/\/galicianparts.com\/shop\/wp-json\/wp\/v2\/types\/product"}],"wp:featuredmedia":[{"embeddable":true,"href":"https:\/\/galicianparts.com\/shop\/wp-json\/wp\/v2\/media\/51845"}],"wp:attachment":[{"href":"https:\/\/galicianparts.com\/shop\/wp-json\/wp\/v2\/media?parent=51840"}],"wp:term":[{"taxonomy":"product_cat","embeddable":true,"href":"https:\/\/galicianparts.com\/shop\/wp-json\/wp\/v2\/product_cat?post=51840"},{"taxonomy":"product_tag","embeddable":true,"href":"https:\/\/galicianparts.com\/shop\/wp-json\/wp\/v2\/product_tag?post=51840"}],"curies":[{"name":"wp","href":"https:\/\/api.w.org\/{rel}","templated":true}]}}