{"id":51891,"date":"2022-06-30T11:04:18","date_gmt":"2022-06-30T09:04:18","guid":{"rendered":"https:\/\/galicianparts.com\/shop\/producto\/4406634-correa-distribucion-motor-fiat-regata-131-original\/"},"modified":"2022-07-27T16:58:55","modified_gmt":"2022-07-27T14:58:55","slug":"4406634-correa-distribucion-motor-fiat-regata-131-original","status":"publish","type":"product","link":"https:\/\/galicianparts.com\/shop\/producto\/4406634-correa-distribucion-motor-fiat-regata-131-original\/","title":{"rendered":"4406634 Correa distribuci\u00f3n motor Fiat Regata \/ 131 ORIGINAL"},"content":{"rendered":"<p>Correa dentada del motor de:<br \/>\nDientes: 123.<br \/>\nAncho: 19 mm.<\/p>\n<p>FIAT Regata Berlina (138)<br \/>\n1.6 Super 100, A\u00f1o 10.1983 &#8211; 12.1990, 1585 , 101<br \/>\nFIAT 131 Berlina (131)<br \/>\n1.4 Mirafiori, A\u00f1o 11.1980 &#8211; 01.1984, 1367 , 70<br \/>\n1.6, A\u00f1o 11.1976 &#8211; 12.1984, 1585 , 85<br \/>\nFIAT 131 Familiare \/ Panorama (131)<br \/>\n1.4 Mirafiori, A\u00f1o 11.1981 &#8211; 01.1984, 1367 , 70<br \/>\n1.6, A\u00f1o 11.1980 &#8211; 12.1984, 1585 , 85<\/p>\n<p>LA PIEZA ES NUEVA Y ORIGINAL.<\/p>\n","protected":false},"excerpt":{"rendered":"<p>Correa dentada del motor de: Dientes: 123. Ancho: 19 mm. FIAT Regata Berlina (138) 1.6 Super 100, A\u00f1o 10.1983 &#8211; 12.1990, 1585 , 101 FIAT 131 Berlina (131) 1.4 Mirafiori, A\u00f1o 11.1980 &#8211; 01.1984, 1367 , 70 1.6, A\u00f1o 11.1976 &#8211; 12.1984, 1585 , 85 FIAT 131 Familiare \/ Panorama (131) 1.4 Mirafiori, A\u00f1o 11.1981 [&hellip;]<\/p>\n","protected":false},"featured_media":54105,"template":"","meta":{"_seopress_robots_primary_cat":"","_seopress_titles_title":"","_seopress_titles_desc":"","_seopress_robots_index":""},"product_cat":[70,20,102],"product_tag":[],"class_list":{"0":"post-51891","1":"product","2":"type-product","3":"status-publish","4":"has-post-thumbnail","6":"product_cat-recambios-fiat-131","7":"product_cat-recambios-fiat","8":"product_cat-recambios-fiat-regata","10":"first","11":"instock","12":"taxable","13":"shipping-taxable","14":"purchasable","15":"product-type-simple"},"_links":{"self":[{"href":"https:\/\/galicianparts.com\/shop\/wp-json\/wp\/v2\/product\/51891"}],"collection":[{"href":"https:\/\/galicianparts.com\/shop\/wp-json\/wp\/v2\/product"}],"about":[{"href":"https:\/\/galicianparts.com\/shop\/wp-json\/wp\/v2\/types\/product"}],"wp:featuredmedia":[{"embeddable":true,"href":"https:\/\/galicianparts.com\/shop\/wp-json\/wp\/v2\/media\/54105"}],"wp:attachment":[{"href":"https:\/\/galicianparts.com\/shop\/wp-json\/wp\/v2\/media?parent=51891"}],"wp:term":[{"taxonomy":"product_cat","embeddable":true,"href":"https:\/\/galicianparts.com\/shop\/wp-json\/wp\/v2\/product_cat?post=51891"},{"taxonomy":"product_tag","embeddable":true,"href":"https:\/\/galicianparts.com\/shop\/wp-json\/wp\/v2\/product_tag?post=51891"}],"curies":[{"name":"wp","href":"https:\/\/api.w.org\/{rel}","templated":true}]}}