{"id":52255,"date":"2022-07-05T09:59:28","date_gmt":"2022-07-05T07:59:28","guid":{"rendered":"https:\/\/galicianparts.com\/shop\/producto\/7642773-deposito-y-motores-limpiaparabrisas-fiat-uno-turbo-1989-1997-nuevo-original\/"},"modified":"2023-07-18T14:42:32","modified_gmt":"2023-07-18T12:42:32","slug":"7642773-deposito-y-motores-limpiaparabrisas-fiat-uno-turbo-1989-1997-nuevo-original","status":"publish","type":"product","link":"https:\/\/galicianparts.com\/shop\/producto\/7642773-deposito-y-motores-limpiaparabrisas-fiat-uno-turbo-1989-1997-nuevo-original\/","title":{"rendered":"7642773 Dep\u00f3sito y motores limpiaparabrisas Fiat Uno Turbo (1989-1997) NUEVO ORIGINAL"},"content":{"rendered":"<p>Dep\u00f3sito del l\u00edquido del limpiaparabrisas con los motores de los rociadores de:<br \/>\nFIAT &#8211; MU UNO DIESEL R\/89 (1989-1995) 1367 TURBO \/ LIMPIA LUNA \/ (1697 ASPIRADO \/ 1930 ASPIRADO)<br \/>\nFIAT &#8211; 1D UNO MONDO (1995-2010) 1370 CARB. \/ 1697 DS EM08 \/ URUGUAY \/ 1242 SPI CF2 \/ LX<br \/>\nFIAT &#8211; 1D UNO MONDO (1995-2010) 1697 DS EM08 \/ INDIA \/ LX<br \/>\nFIAT &#8211; MS UNO R\/89 1.1-1370-1.5 (1989-1995) LIMPIA LUNA<br \/>\nFIAT &#8211; MR UNO R\/89 900-1.0-1.1 (1989-1995) 994 SPI \/ LIMPIA LUNA<br \/>\nFIAT &#8211; MT UNO TURBO R\/89 (1989-1993)<\/p>\n<p>LA PIEZA ES NUEVA Y ORIGINAL.<\/p>\n","protected":false},"excerpt":{"rendered":"<p>Dep\u00f3sito del l\u00edquido del limpiaparabrisas con los motores de los rociadores de: FIAT &#8211; MU UNO DIESEL R\/89 (1989-1995) 1367 TURBO \/ LIMPIA LUNA \/ (1697 ASPIRADO \/ 1930 ASPIRADO) FIAT &#8211; 1D UNO MONDO (1995-2010) 1370 CARB. \/ 1697 DS EM08 \/ URUGUAY \/ 1242 SPI CF2 \/ LX FIAT &#8211; 1D UNO MONDO [&hellip;]<\/p>\n","protected":false},"featured_media":76394,"template":"","meta":{"_seopress_robots_primary_cat":"","_seopress_titles_title":"","_seopress_titles_desc":"","_seopress_robots_index":""},"product_cat":[20,114],"product_tag":[],"class_list":{"0":"post-52255","1":"product","2":"type-product","3":"status-publish","4":"has-post-thumbnail","6":"product_cat-recambios-fiat","7":"product_cat-recambios-fiat-uno","9":"first","10":"outofstock","11":"taxable","12":"shipping-taxable","13":"purchasable","14":"product-type-simple"},"_links":{"self":[{"href":"https:\/\/galicianparts.com\/shop\/wp-json\/wp\/v2\/product\/52255"}],"collection":[{"href":"https:\/\/galicianparts.com\/shop\/wp-json\/wp\/v2\/product"}],"about":[{"href":"https:\/\/galicianparts.com\/shop\/wp-json\/wp\/v2\/types\/product"}],"wp:featuredmedia":[{"embeddable":true,"href":"https:\/\/galicianparts.com\/shop\/wp-json\/wp\/v2\/media\/76394"}],"wp:attachment":[{"href":"https:\/\/galicianparts.com\/shop\/wp-json\/wp\/v2\/media?parent=52255"}],"wp:term":[{"taxonomy":"product_cat","embeddable":true,"href":"https:\/\/galicianparts.com\/shop\/wp-json\/wp\/v2\/product_cat?post=52255"},{"taxonomy":"product_tag","embeddable":true,"href":"https:\/\/galicianparts.com\/shop\/wp-json\/wp\/v2\/product_tag?post=52255"}],"curies":[{"name":"wp","href":"https:\/\/api.w.org\/{rel}","templated":true}]}}