{"id":52429,"date":"2022-07-06T19:16:27","date_gmt":"2022-07-06T17:16:27","guid":{"rendered":"https:\/\/galicianparts.com\/shop\/producto\/1312566080-valvula-antirretorno-combustible-fiat-cinquecento-1992-1998-nueva-original\/"},"modified":"2023-03-31T13:11:04","modified_gmt":"2023-03-31T11:11:04","slug":"1312566080-valvula-antirretorno-combustible-fiat-cinquecento-1992-1998-nueva-original","status":"publish","type":"product","link":"https:\/\/galicianparts.com\/shop\/producto\/1312566080-valvula-antirretorno-combustible-fiat-cinquecento-1992-1998-nueva-original\/","title":{"rendered":"1312566080 V\u00e1lvula antirretorno combustible Fiat Cinquecento (1992-1998) NUEVA ORIGINAL"},"content":{"rendered":"<p>V\u00e1lvula antirretorno del dep\u00f3sito de gasolina de:<br \/>\nFIAT CINQUECENTO (1992-1998)<\/p>\n<p>LA PIEZA ES NUEVA Y ORIGINAL.<\/p>\n","protected":false},"excerpt":{"rendered":"<p>V\u00e1lvula antirretorno del dep\u00f3sito de gasolina de: FIAT CINQUECENTO (1992-1998) LA PIEZA ES NUEVA Y ORIGINAL.<\/p>\n","protected":false},"featured_media":58662,"template":"","meta":{"_seopress_robots_primary_cat":"","_seopress_titles_title":"","_seopress_titles_desc":"","_seopress_robots_index":""},"product_cat":[84,20],"product_tag":[],"class_list":{"0":"post-52429","1":"product","2":"type-product","3":"status-publish","4":"has-post-thumbnail","6":"product_cat-recambios-fiat-cinquecento","7":"product_cat-recambios-fiat","9":"first","10":"outofstock","11":"taxable","12":"shipping-taxable","13":"purchasable","14":"product-type-simple"},"_links":{"self":[{"href":"https:\/\/galicianparts.com\/shop\/wp-json\/wp\/v2\/product\/52429"}],"collection":[{"href":"https:\/\/galicianparts.com\/shop\/wp-json\/wp\/v2\/product"}],"about":[{"href":"https:\/\/galicianparts.com\/shop\/wp-json\/wp\/v2\/types\/product"}],"wp:featuredmedia":[{"embeddable":true,"href":"https:\/\/galicianparts.com\/shop\/wp-json\/wp\/v2\/media\/58662"}],"wp:attachment":[{"href":"https:\/\/galicianparts.com\/shop\/wp-json\/wp\/v2\/media?parent=52429"}],"wp:term":[{"taxonomy":"product_cat","embeddable":true,"href":"https:\/\/galicianparts.com\/shop\/wp-json\/wp\/v2\/product_cat?post=52429"},{"taxonomy":"product_tag","embeddable":true,"href":"https:\/\/galicianparts.com\/shop\/wp-json\/wp\/v2\/product_tag?post=52429"}],"curies":[{"name":"wp","href":"https:\/\/api.w.org\/{rel}","templated":true}]}}