{"id":52475,"date":"2022-07-07T10:19:56","date_gmt":"2022-07-07T08:19:56","guid":{"rendered":"https:\/\/galicianparts.com\/shop\/producto\/1902457-filtro-aire-fiat-ducato-88-02-alfa-ar6-ar8-citroen-peugeot-nuevo-clean\/"},"modified":"2022-07-07T10:23:58","modified_gmt":"2022-07-07T08:23:58","slug":"1902457-filtro-aire-fiat-ducato-88-02-alfa-ar6-ar8-citroen-peugeot-nuevo-clean","status":"publish","type":"product","link":"https:\/\/galicianparts.com\/shop\/producto\/1902457-filtro-aire-fiat-ducato-88-02-alfa-ar6-ar8-citroen-peugeot-nuevo-clean\/","title":{"rendered":"1902457 Filtro aire Fiat Ducato (88-02) Alfa AR6 \/AR8 \/Citro\u00ebn \/Peugeot NUEVO CLEAN"},"content":{"rendered":"<p>Filtro de aire CLEAN MA 118 de:<br \/>\nAltura: 181 mm.<br \/>\nDi\u00e1metro interior: 100 mm.<br \/>\nALFA ROMEO AR6 Bus (280)<br \/>\n1.9 D, A\u00f1o 04.1985 &#8211; 12.1989, 1929 , 69<br \/>\nALFA ROMEO AR6 Furg\u00f3n (280)<br \/>\n2.4 TD, A\u00f1o 09.1986 &#8211; 12.1989, 2445 , 92<br \/>\nALFA ROMEO AR8 (280)<br \/>\n2.4 D, A\u00f1o 04.1978 &#8211; 08.1986, 2445 , 72<br \/>\n2.4 TD, A\u00f1o 04.1985 &#8211; 12.1988, 2445 , 92<\/p>\n<p>CITRO\u00cbN C25<br \/>\n1.9 D, A\u00f1o 07.1987 &#8211; 02.1994, 1905 , 69<br \/>\n1.9 TD, A\u00f1o 04.1992 &#8211; 02.1994, 1930 , 82<br \/>\nCITRO\u00cbN Jumper I (230)<br \/>\n1.9 D, A\u00f1o 07.1999 &#8211; 04.2002, 1905 , 68<br \/>\n1.9 D, A\u00f1o 02.1994 &#8211; 04.2002, 1905 , 69<br \/>\n2.5 D, A\u00f1o 03.1994 &#8211; 04.2002, 2446 , 86<br \/>\n2.5 D 4&#215;4, A\u00f1o 03.2000 &#8211; 04.2002, 2446 , 86<\/p>\n<p>FIAT Ducato II (230L)<br \/>\n1.9 D, A\u00f1o 04.1998 &#8211; 04.2002, 1905 , 68<br \/>\n1.9 D, A\u00f1o 03.1994 &#8211; 04.2002, 1929 , 69<br \/>\n2.5 D, A\u00f1o 03.1994 &#8211; 04.2002, 2500 , 84<br \/>\n2.5 D 4&#215;4, A\u00f1o 03.1994 &#8211; 04.2002, 2500 , 84<br \/>\nFIAT Ducato I (290)<br \/>\n1.9 D, A\u00f1o 07.1990 &#8211; 03.1994, 1929 , 71<br \/>\n1.9 TD, A\u00f1o 03.1989 &#8211; 03.1994, 1929 , 82<br \/>\n2.5 D 4&#215;4, A\u00f1o 07.1990 &#8211; 03.1994, 2500 , 75<br \/>\n2.5 TD, A\u00f1o 07.1990 &#8211; 03.1994, 2500 , 95<br \/>\n2.5 TD 4&#215;4, A\u00f1o 07.1990 &#8211; 03.1994, 2500 , 95<br \/>\nFIAT Ducato I Furg\u00f3n (280)<br \/>\n1.9 D, A\u00f1o 01.1988 &#8211; 08.1990, 1929 , 71<br \/>\n1.9 TD, A\u00f1o 03.1989 &#8211; 08.1990, 1929 , 82<br \/>\n2.4 D, A\u00f1o 01.1982 &#8211; 08.1990, 2428 , 72<br \/>\n2.5 D, A\u00f1o 01.1982 &#8211; 08.1990, 2500 , 75<br \/>\n2.5 D 4&#215;4, A\u00f1o 09.1986 &#8211; 10.1987, 2445 , 72<br \/>\n2.5 D 4&#215;4, A\u00f1o 03.1989 &#8211; 08.1990, 2500 , 75<br \/>\n2.5 D 4&#215;4, A\u00f1o 09.1986 &#8211; 05.1990, 2445 , 75<br \/>\nFIAT Ducato I Cami\u00f3n de plataforma\/Chasis (280)<br \/>\n1.9 D, A\u00f1o 01.1988 &#8211; 08.1990, 1929 , 71<br \/>\n1.9 TD, A\u00f1o 03.1989 &#8211; 08.1990, 1929 , 82<br \/>\n2.5 D, A\u00f1o 07.1982 &#8211; 08.1990, 2500 , 75<br \/>\n2.5 D 4&#215;4, A\u00f1o 03.1989 &#8211; 08.1990, 2500 , 75<br \/>\n2.5 TD (8144.21), A\u00f1o 01.1986 &#8211; 08.1990, 2445 , 92<br \/>\n2.5 TD 4&#215;4 (8144.21), A\u00f1o 01.1986 &#8211; 08.1990, 2445 , 92<br \/>\nFIAT Talento (290)<br \/>\n1.9 D, A\u00f1o 03.1989 &#8211; 03.1994, 1929 , 71<br \/>\nPEUGEOT J5 Cami\u00f3n de plataforma\/Chasis (290)<br \/>\n1.9 D, A\u00f1o 10.1990 &#8211; 02.1994, 1905 , 70<br \/>\nPEUGEOT Boxer (230)<br \/>\n1.9 D, A\u00f1o 07.1999 &#8211; 04.2002, 1905 , 68<br \/>\n1.9 D, A\u00f1o 03.1994 &#8211; 04.2002, 1905 , 69<br \/>\n2.5 D, A\u00f1o 03.1994 &#8211; 04.2002, 2446 , 86<br \/>\n2.5 D 4&#215;4, A\u00f1o 07.1999 &#8211; 04.2002, 2446 , 86<br \/>\n2.5 DT, A\u00f1o 10.1997 &#8211; 11.2001, 2499 , 84<\/p>\n<p>LA PIEZA ES NUEVA Y ORIGINAL.<\/p>\n","protected":false},"excerpt":{"rendered":"<p>Filtro de aire CLEAN MA 118 de: Altura: 181 mm. Di\u00e1metro interior: 100 mm. ALFA ROMEO AR6 Bus (280) 1.9 D, A\u00f1o 04.1985 &#8211; 12.1989, 1929 , 69 ALFA ROMEO AR6 Furg\u00f3n (280) 2.4 TD, A\u00f1o 09.1986 &#8211; 12.1989, 2445 , 92 ALFA ROMEO AR8 (280) 2.4 D, A\u00f1o 04.1978 &#8211; 08.1986, 2445 , 72 [&hellip;]<\/p>\n","protected":false},"featured_media":52478,"template":"","meta":{"_seopress_robots_primary_cat":"","_seopress_titles_title":"","_seopress_titles_desc":"","_seopress_robots_index":""},"product_cat":[16,184,185,155,132,23,88,20,157,137,24,110],"product_tag":[],"class_list":{"0":"post-52475","1":"product","2":"type-product","3":"status-publish","4":"has-post-thumbnail","6":"product_cat-recambios-alfa-romeo","7":"product_cat-recambios-alfa-romeo-ar6","8":"product_cat-recambios-alfa-romeo-ar8","9":"product_cat-recambios-peugeot-boxer","10":"product_cat-recambios-citroen-c25","11":"product_cat-recambios-citroen","12":"product_cat-recambios-fiat-ducato","13":"product_cat-recambios-fiat","14":"product_cat-recambios-peugeot-j5","15":"product_cat-recambios-citroen-jumper","16":"product_cat-recambios-peugeot","17":"product_cat-recambios-fiat-talento","19":"first","20":"instock","21":"taxable","22":"shipping-taxable","23":"purchasable","24":"product-type-simple"},"_links":{"self":[{"href":"https:\/\/galicianparts.com\/shop\/wp-json\/wp\/v2\/product\/52475"}],"collection":[{"href":"https:\/\/galicianparts.com\/shop\/wp-json\/wp\/v2\/product"}],"about":[{"href":"https:\/\/galicianparts.com\/shop\/wp-json\/wp\/v2\/types\/product"}],"wp:featuredmedia":[{"embeddable":true,"href":"https:\/\/galicianparts.com\/shop\/wp-json\/wp\/v2\/media\/52478"}],"wp:attachment":[{"href":"https:\/\/galicianparts.com\/shop\/wp-json\/wp\/v2\/media?parent=52475"}],"wp:term":[{"taxonomy":"product_cat","embeddable":true,"href":"https:\/\/galicianparts.com\/shop\/wp-json\/wp\/v2\/product_cat?post=52475"},{"taxonomy":"product_tag","embeddable":true,"href":"https:\/\/galicianparts.com\/shop\/wp-json\/wp\/v2\/product_tag?post=52475"}],"curies":[{"name":"wp","href":"https:\/\/api.w.org\/{rel}","templated":true}]}}