{"id":52749,"date":"2022-07-08T13:12:57","date_gmt":"2022-07-08T11:12:57","guid":{"rendered":"https:\/\/galicianparts.com\/shop\/producto\/46476070-latiguillo-cremallera-direccion-lancia-ypsilon-1-4-12v-1995-2010-nuevo-original\/"},"modified":"2023-09-30T09:11:06","modified_gmt":"2023-09-30T07:11:06","slug":"46476070-latiguillo-cremallera-direccion-lancia-ypsilon-1-4-12v-1995-2010-nuevo-original","status":"publish","type":"product","link":"https:\/\/galicianparts.com\/shop\/producto\/46476070-latiguillo-cremallera-direccion-lancia-ypsilon-1-4-12v-1995-2010-nuevo-original\/","title":{"rendered":"46476070 Latiguillo cremallera direcci\u00f3n Lancia Ypsilon 1.4 12V (1995-2010) NUEVO ORIGINAL"},"content":{"rendered":"<p>Latiguillo de retorno de la cremallera de servodirecci\u00f3n al dep\u00f3sito del l\u00edquido de:<br \/>\nLANCIA &#8211; SU Y (1995-2000) 1370 12V 80CV (59 KW) \/ 1370 12V 75CV (55KW)<\/p>\n<p>LA PIEZA ES NUEVA Y ORIGINAL.<\/p>\n","protected":false},"excerpt":{"rendered":"<p>Latiguillo de retorno de la cremallera de servodirecci\u00f3n al dep\u00f3sito del l\u00edquido de: LANCIA &#8211; SU Y (1995-2000) 1370 12V 80CV (59 KW) \/ 1370 12V 75CV (55KW) LA PIEZA ES NUEVA Y ORIGINAL.<\/p>\n","protected":false},"featured_media":52754,"template":"","meta":{"_seopress_robots_primary_cat":"","_seopress_titles_title":"","_seopress_titles_desc":"","_seopress_robots_index":""},"product_cat":[21,127],"product_tag":[],"class_list":{"0":"post-52749","1":"product","2":"type-product","3":"status-publish","4":"has-post-thumbnail","6":"product_cat-recambios-lancia","7":"product_cat-recambios-lancia-ypsilon","9":"first","10":"outofstock","11":"taxable","12":"shipping-taxable","13":"purchasable","14":"product-type-simple"},"_links":{"self":[{"href":"https:\/\/galicianparts.com\/shop\/wp-json\/wp\/v2\/product\/52749"}],"collection":[{"href":"https:\/\/galicianparts.com\/shop\/wp-json\/wp\/v2\/product"}],"about":[{"href":"https:\/\/galicianparts.com\/shop\/wp-json\/wp\/v2\/types\/product"}],"wp:featuredmedia":[{"embeddable":true,"href":"https:\/\/galicianparts.com\/shop\/wp-json\/wp\/v2\/media\/52754"}],"wp:attachment":[{"href":"https:\/\/galicianparts.com\/shop\/wp-json\/wp\/v2\/media?parent=52749"}],"wp:term":[{"taxonomy":"product_cat","embeddable":true,"href":"https:\/\/galicianparts.com\/shop\/wp-json\/wp\/v2\/product_cat?post=52749"},{"taxonomy":"product_tag","embeddable":true,"href":"https:\/\/galicianparts.com\/shop\/wp-json\/wp\/v2\/product_tag?post=52749"}],"curies":[{"name":"wp","href":"https:\/\/api.w.org\/{rel}","templated":true}]}}