{"id":53287,"date":"2022-07-19T16:39:42","date_gmt":"2022-07-19T14:39:42","guid":{"rendered":"https:\/\/galicianparts.com\/shop\/producto\/46753263-tope-amortiguador-suspension-trasera-lancia-lybra-1999-2005-nuevo-original\/"},"modified":"2025-02-18T10:55:55","modified_gmt":"2025-02-18T08:55:55","slug":"46753263-tope-amortiguador-suspension-trasera-lancia-lybra-1999-2005-nuevo-original","status":"publish","type":"product","link":"https:\/\/galicianparts.com\/shop\/producto\/46753263-tope-amortiguador-suspension-trasera-lancia-lybra-1999-2005-nuevo-original\/","title":{"rendered":"46753263 Tope amortiguador suspensi\u00f3n trasera Lancia Lybra (1999-2005) NUEVO ORIGINAL"},"content":{"rendered":"<p>Capuch\u00f3n con el tope de goma superior de los amortiguadores de la suspensi\u00f3n trasera de:<br \/>\nLANCIA &#8211; SX LYBRA BZ (1999-2005)<br \/>\nLANCIA &#8211; SY LYBRA DS (1999-2005)<\/p>\n<p>LA PIEZA ES NUEVA Y ORIGINAL.<\/p>\n","protected":false},"excerpt":{"rendered":"<p>Capuch\u00f3n con el tope de goma superior de los amortiguadores de la suspensi\u00f3n trasera de: LANCIA &#8211; SX LYBRA BZ (1999-2005) LANCIA &#8211; SY LYBRA DS (1999-2005) LA PIEZA ES NUEVA Y ORIGINAL.<\/p>\n","protected":false},"featured_media":53288,"template":"","meta":{"_seopress_robots_primary_cat":"","_seopress_titles_title":"","_seopress_titles_desc":"","_seopress_robots_index":""},"product_cat":[21,120],"product_tag":[],"class_list":{"0":"post-53287","1":"product","2":"type-product","3":"status-publish","4":"has-post-thumbnail","6":"product_cat-recambios-lancia","7":"product_cat-recambios-lancia-lybra","9":"first","10":"outofstock","11":"taxable","12":"shipping-taxable","13":"purchasable","14":"product-type-simple"},"_links":{"self":[{"href":"https:\/\/galicianparts.com\/shop\/wp-json\/wp\/v2\/product\/53287"}],"collection":[{"href":"https:\/\/galicianparts.com\/shop\/wp-json\/wp\/v2\/product"}],"about":[{"href":"https:\/\/galicianparts.com\/shop\/wp-json\/wp\/v2\/types\/product"}],"wp:featuredmedia":[{"embeddable":true,"href":"https:\/\/galicianparts.com\/shop\/wp-json\/wp\/v2\/media\/53288"}],"wp:attachment":[{"href":"https:\/\/galicianparts.com\/shop\/wp-json\/wp\/v2\/media?parent=53287"}],"wp:term":[{"taxonomy":"product_cat","embeddable":true,"href":"https:\/\/galicianparts.com\/shop\/wp-json\/wp\/v2\/product_cat?post=53287"},{"taxonomy":"product_tag","embeddable":true,"href":"https:\/\/galicianparts.com\/shop\/wp-json\/wp\/v2\/product_tag?post=53287"}],"curies":[{"name":"wp","href":"https:\/\/api.w.org\/{rel}","templated":true}]}}