{"id":53375,"date":"2022-07-19T19:18:44","date_gmt":"2022-07-19T17:18:44","guid":{"rendered":"https:\/\/galicianparts.com\/shop\/producto\/7074622-tapon-deposito-servofreno-fiat-uno-fiorino-duna-elba-nuevo-original\/"},"modified":"2025-08-05T11:47:25","modified_gmt":"2025-08-05T09:47:25","slug":"7074622-tapon-deposito-servofreno-fiat-uno-fiorino-duna-elba-nuevo-original","status":"publish","type":"product","link":"https:\/\/galicianparts.com\/shop\/producto\/7074622-tapon-deposito-servofreno-fiat-uno-fiorino-duna-elba-nuevo-original\/","title":{"rendered":"7074622 Tap\u00f3n dep\u00f3sito servofreno Fiat Uno \/Fiorino \/Duna \/Elba NUEVO ORIGINAL"},"content":{"rendered":"<p>Tap\u00f3n con bolla, sensor de nivel del dep\u00f3sito del l\u00edquido de frenos de:<br \/>\nFIAT &#8211; 2B DUNA (1986-1990) 1100 BZ \/ 1300 BZ<br \/>\nFIAT &#8211; XP ELBA CSL (1991-1996) 1300 CARB. \/ 1372 SPI USA&#8217;83 (MONOJETRONIC) \/ 1500 SPI USA&#8217;83 \/ 1580 SPI USA&#8217;83 (MONOJETRONIC) \/ 1372 SPI CEE F2 (MONOMOTRONIC) \/ 1580 SPI CEE F2 (MONOMOTRONIC)<br \/>\nFIAT &#8211; XP ELBA CSL (1991-1996) 1697 DS<br \/>\nFIAT &#8211; XR MILLE (1994-1995) 1000 SPI<br \/>\nFIAT &#8211; XR MILLE (1994-1995) 1697 DS<br \/>\nFIAT &#8211; ML UNO CS (1988-1990)<br \/>\nFIAT PROFESSIONAL &#8211; 2M FIORINO (1991-1993) 1116 CARB \/ 1300 CARB \/ 1500 SPI USA&#8217;83<br \/>\nFIAT PROFESSIONAL &#8211; 2M FIORINO (1991-1993)<br \/>\nFIAT PROFESSIONAL &#8211; 2M FIORINO (1991-1993) 1300 DS \/ 1697 DS(149 B3) \/ 1697 DS(146 B2) \/ 1697 DS USA &#8217;83<\/p>\n<p>LA PIEZA ES NUEVA Y ORIGINAL.<\/p>\n","protected":false},"excerpt":{"rendered":"<p>Tap\u00f3n con bolla, sensor de nivel del dep\u00f3sito del l\u00edquido de frenos de: FIAT &#8211; 2B DUNA (1986-1990) 1100 BZ \/ 1300 BZ FIAT &#8211; XP ELBA CSL (1991-1996) 1300 CARB. \/ 1372 SPI USA&#8217;83 (MONOJETRONIC) \/ 1500 SPI USA&#8217;83 \/ 1580 SPI USA&#8217;83 (MONOJETRONIC) \/ 1372 SPI CEE F2 (MONOMOTRONIC) \/ 1580 SPI CEE [&hellip;]<\/p>\n","protected":false},"featured_media":99018,"template":"","meta":{"_seopress_robots_primary_cat":"","_seopress_titles_title":"","_seopress_titles_desc":"","_seopress_robots_index":""},"product_cat":[89,90,20,91,114],"product_tag":[],"class_list":{"0":"post-53375","1":"product","2":"type-product","3":"status-publish","4":"has-post-thumbnail","6":"product_cat-recambios-fiat-duna","7":"product_cat-recambios-fiat-elba","8":"product_cat-recambios-fiat","9":"product_cat-recambios-fiat-fiorino","10":"product_cat-recambios-fiat-uno","12":"first","13":"instock","14":"taxable","15":"shipping-taxable","16":"purchasable","17":"product-type-simple"},"_links":{"self":[{"href":"https:\/\/galicianparts.com\/shop\/wp-json\/wp\/v2\/product\/53375"}],"collection":[{"href":"https:\/\/galicianparts.com\/shop\/wp-json\/wp\/v2\/product"}],"about":[{"href":"https:\/\/galicianparts.com\/shop\/wp-json\/wp\/v2\/types\/product"}],"wp:featuredmedia":[{"embeddable":true,"href":"https:\/\/galicianparts.com\/shop\/wp-json\/wp\/v2\/media\/99018"}],"wp:attachment":[{"href":"https:\/\/galicianparts.com\/shop\/wp-json\/wp\/v2\/media?parent=53375"}],"wp:term":[{"taxonomy":"product_cat","embeddable":true,"href":"https:\/\/galicianparts.com\/shop\/wp-json\/wp\/v2\/product_cat?post=53375"},{"taxonomy":"product_tag","embeddable":true,"href":"https:\/\/galicianparts.com\/shop\/wp-json\/wp\/v2\/product_tag?post=53375"}],"curies":[{"name":"wp","href":"https:\/\/api.w.org\/{rel}","templated":true}]}}