{"id":53496,"date":"2022-07-20T14:16:50","date_gmt":"2022-07-20T12:16:50","guid":{"rendered":"https:\/\/galicianparts.com\/shop\/producto\/5894127-bomba-agua-fiat-uno-turbo-ritmo-128-x1-9-lancia-delta-i-prisma-original\/"},"modified":"2022-09-01T09:01:47","modified_gmt":"2022-09-01T07:01:47","slug":"5894127-bomba-agua-fiat-uno-turbo-ritmo-128-x1-9-lancia-delta-i-prisma-original","status":"publish","type":"product","link":"https:\/\/galicianparts.com\/shop\/producto\/5894127-bomba-agua-fiat-uno-turbo-ritmo-128-x1-9-lancia-delta-i-prisma-original\/","title":{"rendered":"5894127 Bomba agua Fiat Uno Turbo \/Ritmo \/128 \/ X1\/9 \/Lancia Delta I \/Prisma ORIGINAL"},"content":{"rendered":"<p>7580756 Bomba del refrigerante del motor de:<br \/>\nFIAT X 1\/9 (128)<br \/>\n1.3, A\u00f1o 10.1975 &#8211; 06.1978, 1290 , 73<br \/>\n1.3, A\u00f1o 05.1973 &#8211; 12.1979, 1290 , 75<br \/>\n1.5, A\u00f1o 06.1985 &#8211; 12.1989, 1499 , 76<br \/>\n1.5, A\u00f1o 11.1978 &#8211; 12.1989, 1499 , 85<br \/>\nFIAT Ritmo I Cabrio<br \/>\n1.5 80, A\u00f1o 03.1983 &#8211; 12.1986, 1498 , 82<br \/>\n1.5 80, A\u00f1o 01.1980 &#8211; 07.1989, 1498 , 86<br \/>\nFIAT Ritmo I Hatchback (138)<br \/>\n1.1 60, A\u00f1o 10.1982 &#8211; 12.1987, 1116 , 55<br \/>\n1.1 60, A\u00f1o 04.1985 &#8211; 12.1987, 1116 , 58<br \/>\n1.3 65, A\u00f1o 01.1978 &#8211; 08.1985, 1301 , 65<br \/>\n1.3 70, A\u00f1o 01.1983 &#8211; 04.1985, 1301 , 68<br \/>\n1.3 75, A\u00f1o 01.1981 &#8211; 09.1982, 1301 , 75<br \/>\nFIAT 128 Coup\u00e9 (128)<br \/>\n1.1, A\u00f1o 03.1972 &#8211; 02.1981, 1116 , 64<br \/>\n1.1, A\u00f1o 08.1975 &#8211; 02.1981, 1116 , 65<br \/>\n1.3, A\u00f1o 03.1972 &#8211; 12.1979, 1290 , 75<br \/>\n1.3 Berlinetta, A\u00f1o 06.1975 &#8211; 12.1979, 1290 , 73<br \/>\nFIAT 128 Berlina (128)<br \/>\n1.1, A\u00f1o 02.1975 &#8211; 09.1981, 1116 , 45<br \/>\n1.1, A\u00f1o 03.1969 &#8211; 12.1984, 1116 , 55<br \/>\n1.3 Rally, A\u00f1o 09.1971 &#8211; 02.1976, 1290 , 67<br \/>\n1.3 Sport, A\u00f1o 08.1974 &#8211; 12.1984, 1290 , 60<br \/>\nFIAT Uno Hatchback (146)<br \/>\n1.3 Turbo i.e., A\u00f1o 01.1987 &#8211; 12.1987, 1301 , 99<br \/>\n1.3 Turbo i.e., A\u00f1o 04.1985 &#8211; 08.1989, 1301 , 105<br \/>\n1.4 Turbo i.e., A\u00f1o 09.1989 &#8211; 09.1993, 1372 , 112<br \/>\n1.4 Turbo i.e., A\u00f1o 12.1989 &#8211; 12.1996, 1372 , 118<br \/>\n1.0 i.e. 45, A\u00f1o 04.1984 &#8211; 10.1995, 999 , 45<br \/>\n1.1 50, A\u00f1o 01.1986 &#8211; 12.1989, 1116 , 50<br \/>\n1.1 55, A\u00f1o 01.1983 &#8211; 08.1989, 1116 , 54<br \/>\n1.1 60, A\u00f1o 05.1985 &#8211; 08.1989, 1116 , 58<br \/>\n1.3 70, A\u00f1o 05.1985 &#8211; 08.1989, 1302 , 65<br \/>\n1.3 70, A\u00f1o 01.1983 &#8211; 04.1985, 1302 , 68<br \/>\nFIAT 128 Familiare (128)<br \/>\n1.1, A\u00f1o 02.1975 &#8211; 02.1981, 1116 , 45<br \/>\n1.1, A\u00f1o 10.1969 &#8211; 10.1982, 1116 , 55<br \/>\n1.3, A\u00f1o 12.1974 &#8211; 10.1982, 1290 , 60<\/p>\n<p>LANCIA Delta I (831)<br \/>\n1.1, A\u00f1o 01.1986 &#8211; 12.1990, 1116 , 64<br \/>\n1.3, A\u00f1o 09.1983 &#8211; 08.1992, 1301 , 79<br \/>\n1.3, A\u00f1o 09.1979 &#8211; 08.1992, 1301 , 75<br \/>\n1.5, A\u00f1o 09.1979 &#8211; 12.1992, 1498 , 86<br \/>\nLANCIA Prisma (831)<br \/>\n1.3, A\u00f1o 01.1983 &#8211; 12.1989, 1301 , 79<br \/>\n1.5, A\u00f1o 01.1983 &#8211; 04.1986, 1498 , 86<\/p>\n<p>LA PIEZA ES NUEVA Y ORIGINAL.<\/p>\n","protected":false},"excerpt":{"rendered":"<p>7580756 Bomba del refrigerante del motor de: FIAT X 1\/9 (128) 1.3, A\u00f1o 10.1975 &#8211; 06.1978, 1290 , 73 1.3, A\u00f1o 05.1973 &#8211; 12.1979, 1290 , 75 1.5, A\u00f1o 06.1985 &#8211; 12.1989, 1499 , 76 1.5, A\u00f1o 11.1978 &#8211; 12.1989, 1499 , 85 FIAT Ritmo I Cabrio 1.5 80, A\u00f1o 03.1983 &#8211; 12.1986, 1498 , [&hellip;]<\/p>\n","protected":false},"featured_media":53497,"template":"","meta":{"_seopress_robots_primary_cat":"","_seopress_titles_title":"","_seopress_titles_desc":"","_seopress_robots_index":""},"product_cat":[69,118,20,21,123,103,114,206],"product_tag":[],"class_list":{"0":"post-53496","1":"product","2":"type-product","3":"status-publish","4":"has-post-thumbnail","6":"product_cat-recambios-fiat-128","7":"product_cat-recambios-lancia-delta","8":"product_cat-recambios-fiat","9":"product_cat-recambios-lancia","10":"product_cat-recambios-lancia-prisma","11":"product_cat-recambios-fiat-ritmo","12":"product_cat-recambios-fiat-uno","13":"product_cat-recambios-fiat-x1-9","15":"first","16":"outofstock","17":"taxable","18":"shipping-taxable","19":"purchasable","20":"product-type-simple"},"_links":{"self":[{"href":"https:\/\/galicianparts.com\/shop\/wp-json\/wp\/v2\/product\/53496"}],"collection":[{"href":"https:\/\/galicianparts.com\/shop\/wp-json\/wp\/v2\/product"}],"about":[{"href":"https:\/\/galicianparts.com\/shop\/wp-json\/wp\/v2\/types\/product"}],"wp:featuredmedia":[{"embeddable":true,"href":"https:\/\/galicianparts.com\/shop\/wp-json\/wp\/v2\/media\/53497"}],"wp:attachment":[{"href":"https:\/\/galicianparts.com\/shop\/wp-json\/wp\/v2\/media?parent=53496"}],"wp:term":[{"taxonomy":"product_cat","embeddable":true,"href":"https:\/\/galicianparts.com\/shop\/wp-json\/wp\/v2\/product_cat?post=53496"},{"taxonomy":"product_tag","embeddable":true,"href":"https:\/\/galicianparts.com\/shop\/wp-json\/wp\/v2\/product_tag?post=53496"}],"curies":[{"name":"wp","href":"https:\/\/api.w.org\/{rel}","templated":true}]}}