{"id":53525,"date":"2022-07-20T18:52:00","date_gmt":"2022-07-20T16:52:00","guid":{"rendered":"https:\/\/galicianparts.com\/shop\/producto\/5896046-kit-pastillas-freno-delantero-fiat-punto-gt-uno-tb-lancia-delta-hf-tb-alfa-romeo\/"},"modified":"2024-09-08T09:44:36","modified_gmt":"2024-09-08T07:44:36","slug":"5896046-kit-pastillas-freno-delantero-fiat-punto-gt-uno-tb-lancia-delta-hf-tb-alfa-romeo","status":"publish","type":"product","link":"https:\/\/galicianparts.com\/shop\/producto\/5896046-kit-pastillas-freno-delantero-fiat-punto-gt-uno-tb-lancia-delta-hf-tb-alfa-romeo\/","title":{"rendered":"5896046 Kit pastillas freno delantero Fiat Punto GT \/Uno TB \/Lancia Delta HF TB \/Alfa Romeo"},"content":{"rendered":"<p>Juego, set de pastillas de freno delanteras, con avisador de desgaste ruidoso de:<br \/>\nLongitud: 104mm<br \/>\nAncho: 67mm<br \/>\nEspesor: 17mm<\/p>\n<p>FIAT Regata (138)<br \/>\n1.6 Super 100, A\u00f1o 10.1983 &#8211; 07.1989, 1585 , 95<br \/>\n1.6 Super 100, A\u00f1o 10.1983 &#8211; 12.1990, 1585 , 101<br \/>\n1.7 Di\u00e9sel 60, A\u00f1o 09.1983 &#8211; 12.1986, 1714 , 58<br \/>\n1.7 Di\u00e9sel 60, A\u00f1o 05.1985 &#8211; 03.1989, 1698 , 60<br \/>\n1.9 Di\u00e9sel 65, A\u00f1o 04.1984 &#8211; 07.1989, 1929 , 65<br \/>\n1.9 Turbodi\u00e9sel 80, A\u00f1o 05.1986 &#8211; 07.1989, 1929 , 80<br \/>\n1.5 85, A\u00f1o 05.1985 &#8211; 12.1987, 1498 , 79<br \/>\n1.6 85, A\u00f1o 10.1983 &#8211; 06.1990, 1585 , 82<br \/>\n1.5 Super 85, A\u00f1o 09.1983 &#8211; 04.1985, 1498 , 82<br \/>\n1.6 i.e. 90, A\u00f1o 01.1987 &#8211; 07.1989, 1595 , 90<br \/>\nFIAT Ritmo I Cabrio<br \/>\n1.6 100, A\u00f1o 10.1985 &#8211; 12.1987, 1585 , 100<br \/>\n1.6 100, A\u00f1o 10.1985 &#8211; 12.1987, 1585 , 105<br \/>\n1.5 80, A\u00f1o 03.1983 &#8211; 12.1986, 1498 , 82<br \/>\n1.5 80, A\u00f1o 01.1980 &#8211; 07.1989, 1498 , 86<br \/>\nFIAT Ritmo I Hatchback (138)<br \/>\n1.6 100, A\u00f1o 01.1983 &#8211; 12.1987, 1585 , 100<br \/>\n1.9 Turbodi\u00e9sel 80, A\u00f1o 12.1985 &#8211; 12.1987, 1929 , 80<br \/>\nABARTH Ritmo (138A_)<br \/>\n2.0 TC Abarth 125, A\u00f1o 11.1981 &#8211; 12.1987, 1995 , 125<br \/>\n2.0 TC Abarth 130, A\u00f1o 04.1983 &#8211; 12.1987, 1995 , 130<br \/>\nFIAT Argenta (132)<br \/>\n1.6, A\u00f1o 04.1981 &#8211; 12.1985, 1585 , 98<br \/>\n1.6 i.e, A\u00f1o 04.1981 &#8211; 12.1985, 1585 , 90<br \/>\n2, A\u00f1o 06.1978 &#8211; 12.1985, 1995 , 113<br \/>\n2.0 i.e., A\u00f1o 06.1981 &#8211; 07.1986, 1995 , 122<br \/>\n2.0 Volumex, A\u00f1o 06.1984 &#8211; 07.1985, 1995 , 135<br \/>\n2.5 Di\u00e9sel, A\u00f1o 06.1981 &#8211; 11.1985, 2445 , 72<br \/>\nFIAT Tempra (159)<br \/>\n1.4 i.e., A\u00f1o 03.1991 &#8211; 08.1996, 1372 , 78<br \/>\n1.4 i.e., A\u00f1o 04.1990 &#8211; 08.1996, 1372 , 69<br \/>\n1.6 (159.AD), A\u00f1o 03.1990 &#8211; 08.1996, 1581 , 86<br \/>\n1.6 i.e., A\u00f1o 06.1990 &#8211; 07.1992, 1581 , 78<br \/>\n1.6 i.e., A\u00f1o 06.1994 &#8211; 08.1996, 1581 , 90<br \/>\n1.6 i.e., A\u00f1o 06.1992 &#8211; 08.1996, 1581 , 75<br \/>\n1.8 i.e., A\u00f1o 03.1992 &#8211; 08.1996, 1756 , 105<br \/>\n1.8 i.e., A\u00f1o 03.1990 &#8211; 08.1996, 1756 , 110<br \/>\n1.8 i.e., A\u00f1o 09.1993 &#8211; 08.1996, 1756 , 103<br \/>\n1.8 i.e., A\u00f1o 10.1994 &#8211; 08.1996, 1756 , 101<br \/>\n1.9 D, A\u00f1o 07.1991 &#8211; 08.1996, 1929 , 65<br \/>\n1.9 TD, A\u00f1o 07.1992 &#8211; 08.1996, 1929 , 80<br \/>\n1.9 TD, A\u00f1o 05.1990 &#8211; 08.1996, 1929 , 90<br \/>\n2.0 i.e., A\u00f1o 10.1990 &#8211; 08.1996, 1995 , 113<br \/>\nFIAT Panda I Hatchback (141)<br \/>\n1.0, A\u00f1o 01.1986 &#8211; 04.1992, 999 , 44<br \/>\n1.0, A\u00f1o 01.1985 &#8211; 12.1992, 999 , 50<br \/>\n1.0 4&#215;4, A\u00f1o 01.1986 &#8211; 07.1989, 999 , 44<br \/>\n1.0 4&#215;4, A\u00f1o 05.1986 &#8211; 12.1994, 999 , 45<br \/>\n1.0, A\u00f1o 01.1986 &#8211; 12.1992, 999 , 50<br \/>\n1.0 i.e. KAT, A\u00f1o 10.1987 &#8211; 08.1998, 999 , 45<br \/>\n1.1, A\u00f1o 05.1991 &#8211; 12.1999, 1108 , 50<br \/>\n1.1, A\u00f1o 02.1995 &#8211; 09.2003, 1108 , 54<br \/>\n1.1 4&#215;4, A\u00f1o 02.1995 &#8211; 07.2004, 1108 , 54<br \/>\n1.1 Trekking 4&#215;4, A\u00f1o 10.1991 &#8211; 07.2004, 1108 , 50<br \/>\n1.3 D, A\u00f1o 04.1986 &#8211; 12.1992, 1302 , 37<br \/>\nFIAT Tipo Hatchback (160)<br \/>\n1.1, A\u00f1o 01.1988 &#8211; 10.1991, 1108 , 56<br \/>\n1.4, A\u00f1o 07.1987 &#8211; 12.1989, 1372 , 71<br \/>\n1.4 i.e., A\u00f1o 05.1989 &#8211; 04.1995, 1372 , 78<br \/>\n1.4 i.e., A\u00f1o 05.1989 &#8211; 04.1995, 1372 , 70<br \/>\n1.6, A\u00f1o 01.1988 &#8211; 10.1991, 1581 , 83<br \/>\n1.6 i.e., A\u00f1o 02.1988 &#8211; 05.1991, 1595 , 90<br \/>\n1.6 i.e., A\u00f1o 10.1992 &#8211; 04.1995, 1581 , 75<br \/>\n1.6 i.e., A\u00f1o 07.1990 &#8211; 01.1993, 1581 , 78<br \/>\n1.7 D, A\u00f1o 01.1988 &#8211; 10.1994, 1697 , 58<br \/>\n1.8 i.e., A\u00f1o 10.1990 &#8211; 06.1993, 1756 , 110<br \/>\n1.8 i.e., A\u00f1o 10.1990 &#8211; 06.1993, 1756 , 105<br \/>\n1.8 i.e., A\u00f1o 04.1993 &#8211; 04.1995, 1756 , 103<br \/>\n1.8 i.e., A\u00f1o 10.1994 &#8211; 10.1995, 1756 , 101<br \/>\n1.8 i.e.16V Sport, A\u00f1o 11.1989 &#8211; 06.1992, 1756 , 136<br \/>\n1.9 D, A\u00f1o 07.1991 &#8211; 08.1995, 1929 , 65<br \/>\n1.9 TD, A\u00f1o 03.1992 &#8211; 06.1993, 1929 , 80<br \/>\n1.9 TD, A\u00f1o 09.1990 &#8211; 04.1995, 1929 , 90<br \/>\n2.0, A\u00f1o 10.1990 &#8211; 10.1992, 1995 , 116<br \/>\n2.0 i.e., A\u00f1o 03.1990 &#8211; 04.1995, 1995 , 113<br \/>\nFIAT Punto I Hatchback (176)<br \/>\n1.4 GT Turbo, A\u00f1o 09.1996 &#8211; 09.1999, 1372 , 131<br \/>\n1.4 GT Turbo, A\u00f1o 01.1994 &#8211; 09.1996, 1372 , 133<br \/>\n1.6, A\u00f1o 01.1994 &#8211; 04.1997, 1581 , 88<br \/>\n1.7 D, A\u00f1o 04.1994 &#8211; 09.1997, 1698 , 57<br \/>\n1.7 TD, A\u00f1o 09.1996 &#8211; 09.1999, 1698 , 63<br \/>\n1.7 TD, A\u00f1o 01.1994 &#8211; 09.1999, 1698 , 69<br \/>\n1.7 TD, A\u00f1o 01.1994 &#8211; 09.1999, 1698 , 71<br \/>\n1.1 55, A\u00f1o 09.1993 &#8211; 09.1999, 1108 , 54<br \/>\n1.2 60, A\u00f1o 01.1994 &#8211; 09.1999, 1242 , 58<br \/>\n1.2 60, A\u00f1o 09.1993 &#8211; 09.1999, 1242 , 60<br \/>\n1.2 75, A\u00f1o 10.1993 &#8211; 09.1999, 1242 , 73<br \/>\nFIAT Punto I Cabrio (176)<br \/>\n1.2 60, A\u00f1o 04.1994 &#8211; 06.2000, 1242 , 58<br \/>\n1.2 60, A\u00f1o 05.1995 &#8211; 06.2000, 1242 , 60<br \/>\n1.6 90, A\u00f1o 04.1994 &#8211; 04.1997, 1581 , 88<br \/>\nFIAT Uno Hatchback (146)<br \/>\n1.3 Turbo i.e., A\u00f1o 01.1987 &#8211; 12.1987, 1301 , 99<br \/>\n1.3 Turbo i.e., A\u00f1o 09.1989 &#8211; 03.1991, 1301 , 101<br \/>\n1.3 Turbo i.e., A\u00f1o 04.1985 &#8211; 08.1989, 1301 , 105<br \/>\n1.4 Turbo i.e., A\u00f1o 09.1989 &#8211; 09.1993, 1372 , 112<br \/>\n1.4 Turbo i.e., A\u00f1o 12.1989 &#8211; 12.1996, 1372 , 118<br \/>\n1.6, A\u00f1o 12.1989 &#8211; 04.1993, 1581 , 88<br \/>\n1.6 R, A\u00f1o 12.1992 &#8211; 12.1995, 1581 , 90<br \/>\n1.9 D, A\u00f1o 09.1989 &#8211; 03.1994, 1929 , 60<br \/>\n1.7 Di\u00e9sel 60, A\u00f1o 09.1989 &#8211; 12.1993, 1698 , 57<br \/>\n1.7 Di\u00e9sel 60, A\u00f1o 07.1986 &#8211; 08.1989, 1698 , 60<br \/>\nFIAT Barchetta (183)<br \/>\n1.8 16V, A\u00f1o 04.1995 &#8211; 05.2005, 1747 , 130<br \/>\nFIAT Punto I Van (176)<br \/>\n1.1, A\u00f1o 04.1996 &#8211; 02.2000, 1108 , 54<br \/>\n1.7 D, A\u00f1o 04.1996 &#8211; 02.2000, 1698 , 57<br \/>\n1.7 TD, A\u00f1o 04.1996 &#8211; 02.2000, 1698 , 71<br \/>\nFIAT Seicento Hatchback (187)<br \/>\nEl\u00e9ctrico, A\u00f1o 01.1999 &#8211; 01.2005, , 41<br \/>\nEl\u00e9ctrico, A\u00f1o 06.1998 &#8211; 02.2000, 0 , 29<br \/>\nEl\u00e9ctrico, A\u00f1o 03.2000 &#8211; 04.2004, 0 , 30<br \/>\nFIAT 132 (132_)<br \/>\n1.6, A\u00f1o 05.1977 &#8211; 09.1982, 1585 , 88<br \/>\n1.6, A\u00f1o 01.1976 &#8211; 12.1982, 1585 , 98<br \/>\n2.0 i.e., A\u00f1o 01.1980 &#8211; 12.1982, 1995 , 122<\/p>\n<p>ALFA ROMEO 145 (930)<br \/>\n1.4 i.e. (930.A3), A\u00f1o 07.1994 &#8211; 12.1996, 1351 , 90<br \/>\n1.6 i.e. (930.A2), A\u00f1o 10.1994 &#8211; 12.1996, 1596 , 103<br \/>\n1.7 i.e. 16V (930.A1), A\u00f1o 10.1994 &#8211; 12.1996, 1712 , 129<br \/>\n1.9 TD (930.A4), A\u00f1o 10.1994 &#8211; 02.1999, 1929 , 90<br \/>\nALFA ROMEO 155 (167)<br \/>\n1.6 16V T.S. (167.A6A), A\u00f1o 05.1996 &#8211; 12.1997, 1598 , 120<br \/>\n1.7 T.S., A\u00f1o 04.1993 &#8211; 04.1996, 1748 , 115<br \/>\n1.7 T.S. (167.A4G), A\u00f1o 04.1993 &#8211; 04.1996, 1748 , 113<br \/>\n1.7 T.S. 16V (167.A4N), A\u00f1o 05.1996 &#8211; 12.1997, 1747 , 140<br \/>\n1.8 T.S. (167.A4A, 167.A4C, 167.A4E), A\u00f1o 02.1992 &#8211; 06.1993, 1773 , 129<br \/>\n1.8 T.S. (167.A4C, 167.A), A\u00f1o 02.1992 &#8211; 12.1997, 1756 , 105<br \/>\n1.8 T.S. Sport, A\u00f1o 01.1992 &#8211; 12.1996, 1773 , 127<br \/>\n1.9 TD, A\u00f1o 04.1993 &#8211; 12.1997, 1929 , 90<br \/>\n2.0 T.S., A\u00f1o 02.1992 &#8211; 02.1995, 1995 , 141<br \/>\n2.0 T.S., A\u00f1o 02.1992 &#8211; 04.1993, 1995 , 144<br \/>\nALFA ROMEO 146 (930)<br \/>\n1.4 i.e. (930.B3), A\u00f1o 12.1994 &#8211; 12.1996, 1351 , 90<br \/>\n1.6 i.e. (930.B2), A\u00f1o 12.1994 &#8211; 12.1996, 1596 , 103<br \/>\n1.7 i.e. 16V (930.B1), A\u00f1o 12.1994 &#8211; 12.1996, 1712 , 129<br \/>\n1.9 TD (930.B4A), A\u00f1o 12.1994 &#8211; 02.1999, 1929 , 90<br \/>\nALFA ROMEO Spider (916, 916S)<br \/>\n2.0 T.SPARK 16V, A\u00f1o 06.1995 &#8211; 04.2005, 1970 , 150<\/p>\n<p>LANCIA Dedra (835)<br \/>\n1.6 i.e., A\u00f1o 08.1989 &#8211; 06.1994, 1581 , 90<br \/>\n1.6 i.e., A\u00f1o 08.1989 &#8211; 03.1993, 1581 , 78<br \/>\n1.6 i.e., A\u00f1o 04.1993 &#8211; 07.1999, 1581 , 75<br \/>\n1.8 i.e., A\u00f1o 09.1989 &#8211; 06.1994, 1756 , 109<br \/>\n1.8 i.e., A\u00f1o 08.1993 &#8211; 07.1999, 1756 , 90<br \/>\n1.8 i.e., A\u00f1o 09.1989 &#8211; 07.1999, 1756 , 105<br \/>\n1.8 i.e., A\u00f1o 07.1994 &#8211; 07.1999, 1756 , 101<br \/>\n1.9 TDS, A\u00f1o 04.1989 &#8211; 07.1999, 1929 , 90<br \/>\n2.0 16V, A\u00f1o 07.1994 &#8211; 07.1999, 1995 , 139<br \/>\n2.0 i.e., A\u00f1o 09.1989 &#8211; 07.1992, 1995 , 117<br \/>\n2.0 i.e., A\u00f1o 09.1989 &#8211; 07.1999, 1995 , 113<br \/>\nLANCIA Delta I (831)<br \/>\n1.6 GT, A\u00f1o 11.1982 &#8211; 04.1986, 1585 , 105<br \/>\n1.6 GT i.e., A\u00f1o 05.1987 &#8211; 08.1992, 1585 , 90<br \/>\n1.6 HF Turbo, A\u00f1o 10.1983 &#8211; 12.1986, 1585 , 131<br \/>\n1.6 HF Turbo, A\u00f1o 08.1986 &#8211; 08.1988, 1585 , 140<br \/>\n1.9 Turbo DS, A\u00f1o 10.1986 &#8211; 12.1989, 1929 , 80<br \/>\nLANCIA Delta II (836)<br \/>\n1.4 i.e., A\u00f1o 10.1994 &#8211; 08.1999, 1372 , 69<br \/>\n1.6 i.e., A\u00f1o 06.1993 &#8211; 08.1999, 1581 , 75<br \/>\n1.6 i.e., A\u00f1o 03.1996 &#8211; 08.1999, 1581 , 90<br \/>\n1.6 i.e. 16V, A\u00f1o 01.1996 &#8211; 08.1999, 1581 , 103<br \/>\n1.8 i.e., A\u00f1o 06.1993 &#8211; 08.1999, 1756 , 103<br \/>\n1.8 i.e., A\u00f1o 07.1994 &#8211; 08.1999, 1756 , 90<br \/>\n1.8 i.e. 16V, A\u00f1o 03.1996 &#8211; 08.1999, 1747 , 113<br \/>\n1.9 TD, A\u00f1o 10.1994 &#8211; 08.1999, 1929 , 90<br \/>\nLANCIA Prisma (831)<br \/>\n1.6, A\u00f1o 08.1986 &#8211; 02.1992, 1585 , 99<br \/>\n1.6, A\u00f1o 01.1983 &#8211; 04.1986, 1585 , 105<br \/>\n1.6 i.e., A\u00f1o 05.1986 &#8211; 12.1989, 1585 , 108<br \/>\n1.6 i.e. Super, A\u00f1o 05.1987 &#8211; 12.1989, 1585 , 90<br \/>\n1.9 Turbodi\u00e9sel, A\u00f1o 05.1985 &#8211; 12.1989, 1928 , 80<br \/>\nLANCIA Y10 (156)<br \/>\n1.0 Fire, A\u00f1o 03.1985 &#8211; 07.1989, 1049 , 56<br \/>\n1.0 Fire, A\u00f1o 03.1985 &#8211; 06.1989, 999 , 45<br \/>\n1.0 Fire, A\u00f1o 06.1985 &#8211; 06.1991, 999 , 44<br \/>\n1.0 Fire A las 4 ruedas, A\u00f1o 12.1986 &#8211; 02.1989, 999 , 44<br \/>\n1.0 Fire A las 4 ruedas, A\u00f1o 12.1987 &#8211; 02.1990, 999 , 50<br \/>\n1.0 Fire Allrad, A\u00f1o 12.1987 &#8211; 02.1992, 999 , 45<br \/>\n1.0 Fire KAT, A\u00f1o 10.1987 &#8211; 02.1992, 999 , 45<br \/>\n1.0 Turbo, A\u00f1o 03.1985 &#8211; 02.1989, 1049 , 84<br \/>\n1.3 i.e. Fire, A\u00f1o 11.1987 &#8211; 05.1993, 1301 , 76<br \/>\n1.3 i.e. Fire, A\u00f1o 02.1989 &#8211; 12.1995, 1297 , 72<br \/>\nLANCIA Y (840)<br \/>\n1.1, A\u00f1o 11.1995 &#8211; 09.2003, 1108 , 54<br \/>\n1.2, A\u00f1o 03.1996 &#8211; 09.2003, 1242 , 60<br \/>\n1.2 16V, A\u00f1o 04.1997 &#8211; 09.2003, 1242 , 86<br \/>\n1.4 12V, A\u00f1o 10.1996 &#8211; 09.2003, 1370 , 80<br \/>\n1.4 12V, A\u00f1o 03.1996 &#8211; 09.2003, 1370 , 75<\/p>\n<p>AUTOBIANCHI Y10 Hatchback<br \/>\n1.0 Turbo, A\u00f1o 03.1985 &#8211; 10.1995, 1049 , 85<br \/>\n1.3 i.e. GT, A\u00f1o 06.1989 &#8211; 10.1995, 1297 , 73<br \/>\n1.3 i.e. GT, A\u00f1o 06.1989 &#8211; 10.1995, 1301 , 78<\/p>\n<p>LA PIEZA ES NUEVA Y ORIGINAL.<\/p>\n","protected":false},"excerpt":{"rendered":"<p>Juego, set de pastillas de freno delanteras, con avisador de desgaste ruidoso de: Longitud: 104mm Ancho: 67mm Espesor: 17mm FIAT Regata (138) 1.6 Super 100, A\u00f1o 10.1983 &#8211; 07.1989, 1585 , 95 1.6 Super 100, A\u00f1o 10.1983 &#8211; 12.1990, 1585 , 101 1.7 Di\u00e9sel 60, A\u00f1o 09.1983 &#8211; 12.1986, 1714 , 58 1.7 Di\u00e9sel 60, [&hellip;]<\/p>\n","protected":false},"featured_media":53526,"template":"","meta":{"_seopress_robots_primary_cat":"","_seopress_titles_title":"","_seopress_titles_desc":"","_seopress_robots_index":""},"product_cat":[71,45,46,48,16,79,25,80,117,118,20,21,99,123,101,102,103,106,56,111,112,114,126,64,127],"product_tag":[],"class_list":{"0":"post-53525","1":"product","2":"type-product","3":"status-publish","4":"has-post-thumbnail","6":"product_cat-recambios-fiat-132","7":"product_cat-recambios-alfa-romeo-145","8":"product_cat-recambios-alfa-romeo-146","9":"product_cat-recambios-alfa-romeo-155","10":"product_cat-recambios-alfa-romeo","11":"product_cat-recambios-fiat-argenta","12":"product_cat-recambios-autobianchi","13":"product_cat-recambios-fiat-barchetta","14":"product_cat-recambios-lancia-dedra","15":"product_cat-recambios-lancia-delta","16":"product_cat-recambios-fiat","17":"product_cat-recambios-lancia","18":"product_cat-recambios-fiat-panda","19":"product_cat-recambios-lancia-prisma","20":"product_cat-recambios-fiat-punto","21":"product_cat-recambios-fiat-regata","22":"product_cat-recambios-fiat-ritmo","23":"product_cat-recambios-fiat-seicento","24":"product_cat-recambios-alfa-romeo-spider","25":"product_cat-recambios-fiat-tempra","26":"product_cat-recambios-fiat-tipo","27":"product_cat-recambios-fiat-uno","28":"product_cat-recambios-lancia-y10","29":"product_cat-recambios-autobianchi-y10","30":"product_cat-recambios-lancia-ypsilon","32":"first","33":"outofstock","34":"taxable","35":"shipping-taxable","36":"purchasable","37":"product-type-simple"},"_links":{"self":[{"href":"https:\/\/galicianparts.com\/shop\/wp-json\/wp\/v2\/product\/53525"}],"collection":[{"href":"https:\/\/galicianparts.com\/shop\/wp-json\/wp\/v2\/product"}],"about":[{"href":"https:\/\/galicianparts.com\/shop\/wp-json\/wp\/v2\/types\/product"}],"wp:featuredmedia":[{"embeddable":true,"href":"https:\/\/galicianparts.com\/shop\/wp-json\/wp\/v2\/media\/53526"}],"wp:attachment":[{"href":"https:\/\/galicianparts.com\/shop\/wp-json\/wp\/v2\/media?parent=53525"}],"wp:term":[{"taxonomy":"product_cat","embeddable":true,"href":"https:\/\/galicianparts.com\/shop\/wp-json\/wp\/v2\/product_cat?post=53525"},{"taxonomy":"product_tag","embeddable":true,"href":"https:\/\/galicianparts.com\/shop\/wp-json\/wp\/v2\/product_tag?post=53525"}],"curies":[{"name":"wp","href":"https:\/\/api.w.org\/{rel}","templated":true}]}}