{"id":53569,"date":"2022-07-21T10:11:29","date_gmt":"2022-07-21T08:11:29","guid":{"rendered":"https:\/\/galicianparts.com\/shop\/producto\/4434922-amortiguador-suspension-trasera-fiat-128-1969-1984-nuevo-original\/"},"modified":"2022-07-21T10:24:15","modified_gmt":"2022-07-21T08:24:15","slug":"4434922-amortiguador-suspension-trasera-fiat-128-1969-1984-nuevo-original","status":"publish","type":"product","link":"https:\/\/galicianparts.com\/shop\/producto\/4434922-amortiguador-suspension-trasera-fiat-128-1969-1984-nuevo-original\/","title":{"rendered":"4434922 Amortiguador suspensi\u00f3n trasera Fiat 128 (1969-1984) NUEVO ORIGINAL"},"content":{"rendered":"<p>Amortiguador de la suspensi\u00f3n trasera de:<br \/>\nFIAT &#8211; 128 Coup\u00e9 (128)<br \/>\n1.1, A\u00f1o 03.1972 &#8211; 02.1981, 1116 , 64<br \/>\n1.1, A\u00f1o 08.1975 &#8211; 02.1981, 1116 , 65<br \/>\n1.3, A\u00f1o 03.1972 &#8211; 12.1979, 1290 , 75<br \/>\n1.3 Berlinetta, A\u00f1o 06.1975 &#8211; 12.1979, 1290 , 73<br \/>\nFIAT &#8211; 128 Berlina (128)<br \/>\n1.1, A\u00f1o 02.1975 &#8211; 09.1981, 1116 , 45<br \/>\n1.1, A\u00f1o 03.1969 &#8211; 12.1984, 1116 , 55<br \/>\n1.3 Rally, A\u00f1o 09.1971 &#8211; 02.1976, 1290 , 67<br \/>\n1.3 Sport, A\u00f1o 08.1974 &#8211; 12.1984, 1290 , 60<br \/>\nFIAT &#8211; 128 Familiare (128)<br \/>\n1.1, A\u00f1o 02.1975 &#8211; 02.1981, 1116 , 45<br \/>\n1.1, A\u00f1o 10.1969 &#8211; 10.1982, 1116 , 55<br \/>\n1.3, A\u00f1o 12.1974 &#8211; 10.1982, 1290 , 60<\/p>\n<p>LA PIEZA ES NUEVA Y ORIGINAL.<\/p>\n","protected":false},"excerpt":{"rendered":"<p>Amortiguador de la suspensi\u00f3n trasera de: FIAT &#8211; 128 Coup\u00e9 (128) 1.1, A\u00f1o 03.1972 &#8211; 02.1981, 1116 , 64 1.1, A\u00f1o 08.1975 &#8211; 02.1981, 1116 , 65 1.3, A\u00f1o 03.1972 &#8211; 12.1979, 1290 , 75 1.3 Berlinetta, A\u00f1o 06.1975 &#8211; 12.1979, 1290 , 73 FIAT &#8211; 128 Berlina (128) 1.1, A\u00f1o 02.1975 &#8211; 09.1981, 1116 [&hellip;]<\/p>\n","protected":false},"featured_media":53574,"template":"","meta":{"_seopress_robots_primary_cat":"","_seopress_titles_title":"","_seopress_titles_desc":"","_seopress_robots_index":""},"product_cat":[15],"product_tag":[],"class_list":{"0":"post-53569","1":"product","2":"type-product","3":"status-publish","4":"has-post-thumbnail","6":"product_cat-sin-categorizar","8":"first","9":"instock","10":"taxable","11":"shipping-taxable","12":"purchasable","13":"product-type-simple"},"_links":{"self":[{"href":"https:\/\/galicianparts.com\/shop\/wp-json\/wp\/v2\/product\/53569"}],"collection":[{"href":"https:\/\/galicianparts.com\/shop\/wp-json\/wp\/v2\/product"}],"about":[{"href":"https:\/\/galicianparts.com\/shop\/wp-json\/wp\/v2\/types\/product"}],"wp:featuredmedia":[{"embeddable":true,"href":"https:\/\/galicianparts.com\/shop\/wp-json\/wp\/v2\/media\/53574"}],"wp:attachment":[{"href":"https:\/\/galicianparts.com\/shop\/wp-json\/wp\/v2\/media?parent=53569"}],"wp:term":[{"taxonomy":"product_cat","embeddable":true,"href":"https:\/\/galicianparts.com\/shop\/wp-json\/wp\/v2\/product_cat?post=53569"},{"taxonomy":"product_tag","embeddable":true,"href":"https:\/\/galicianparts.com\/shop\/wp-json\/wp\/v2\/product_tag?post=53569"}],"curies":[{"name":"wp","href":"https:\/\/api.w.org\/{rel}","templated":true}]}}