{"id":53625,"date":"2022-07-21T13:15:55","date_gmt":"2022-07-21T11:15:55","guid":{"rendered":"https:\/\/galicianparts.com\/shop\/producto\/7581420-sensor-aps-admision-lancia-delta-integrale-2-0-8v-nuevo-original-weber\/"},"modified":"2022-08-26T12:35:36","modified_gmt":"2022-08-26T10:35:36","slug":"7581420-sensor-aps-admision-lancia-delta-integrale-2-0-8v-nuevo-original-weber","status":"publish","type":"product","link":"https:\/\/galicianparts.com\/shop\/producto\/7581420-sensor-aps-admision-lancia-delta-integrale-2-0-8v-nuevo-original-weber\/","title":{"rendered":"7581420 Sensor APS admisi\u00f3n Lancia Delta Integrale 2.0 8V NUEVO ORIGINAL WEBER"},"content":{"rendered":"<p>Sensor de la presi\u00f3n del aire de la admisi\u00f3n de:<br \/>\nLANCIA &#8211; RT DELTA 4WD (1986-1991) 2000 8V \/ 2000 8V USA 83<\/p>\n<p>LA PIEZA ES NUEVA Y ORIGINAL.<\/p>\n","protected":false},"excerpt":{"rendered":"<p>Sensor de la presi\u00f3n del aire de la admisi\u00f3n de: LANCIA &#8211; RT DELTA 4WD (1986-1991) 2000 8V \/ 2000 8V USA 83 LA PIEZA ES NUEVA Y ORIGINAL.<\/p>\n","protected":false},"featured_media":53626,"template":"","meta":{"_seopress_robots_primary_cat":"","_seopress_titles_title":"","_seopress_titles_desc":"","_seopress_robots_index":""},"product_cat":[118,21],"product_tag":[],"class_list":{"0":"post-53625","1":"product","2":"type-product","3":"status-publish","4":"has-post-thumbnail","6":"product_cat-recambios-lancia-delta","7":"product_cat-recambios-lancia","9":"first","10":"outofstock","11":"taxable","12":"shipping-taxable","13":"purchasable","14":"product-type-simple"},"_links":{"self":[{"href":"https:\/\/galicianparts.com\/shop\/wp-json\/wp\/v2\/product\/53625"}],"collection":[{"href":"https:\/\/galicianparts.com\/shop\/wp-json\/wp\/v2\/product"}],"about":[{"href":"https:\/\/galicianparts.com\/shop\/wp-json\/wp\/v2\/types\/product"}],"wp:featuredmedia":[{"embeddable":true,"href":"https:\/\/galicianparts.com\/shop\/wp-json\/wp\/v2\/media\/53626"}],"wp:attachment":[{"href":"https:\/\/galicianparts.com\/shop\/wp-json\/wp\/v2\/media?parent=53625"}],"wp:term":[{"taxonomy":"product_cat","embeddable":true,"href":"https:\/\/galicianparts.com\/shop\/wp-json\/wp\/v2\/product_cat?post=53625"},{"taxonomy":"product_tag","embeddable":true,"href":"https:\/\/galicianparts.com\/shop\/wp-json\/wp\/v2\/product_tag?post=53625"}],"curies":[{"name":"wp","href":"https:\/\/api.w.org\/{rel}","templated":true}]}}