{"id":53639,"date":"2022-07-21T14:34:33","date_gmt":"2022-07-21T12:34:33","guid":{"rendered":"https:\/\/galicianparts.com\/shop\/producto\/5414348-manguito-superior-radiador-fiat-242-diesel-1975-1982-nuevo-original\/"},"modified":"2022-09-29T14:27:24","modified_gmt":"2022-09-29T12:27:24","slug":"5414348-manguito-superior-radiador-fiat-242-diesel-1975-1982-nuevo-original","status":"publish","type":"product","link":"https:\/\/galicianparts.com\/shop\/producto\/5414348-manguito-superior-radiador-fiat-242-diesel-1975-1982-nuevo-original\/","title":{"rendered":"5414348 Manguito superior radiador Fiat 242 Diesel (1975-1982) NUEVO ORIGINAL"},"content":{"rendered":"<p>Tubo superior del radiador del refrigerante del motor de:<br \/>\nDi\u00e1metro interior: 37mm<\/p>\n<p>FIAT 242 D \/ E<br \/>\n2.2 D, A\u00f1o 10.1975 &#8211; 08.1980, 2175 , 63<br \/>\n2.5 D, A\u00f1o 08.1980 &#8211; 07.1982, 2498 , 71<br \/>\n2.2 D, A\u00f1o 10.1975 &#8211; 08.1980, 2175 , 63<br \/>\n2.5 D, A\u00f1o 08.1980 &#8211; 07.1982, 2498 , 71<\/p>\n<p>LA PIEZA ES NUEVA Y ORIGINAL.<\/p>\n","protected":false},"excerpt":{"rendered":"<p>Tubo superior del radiador del refrigerante del motor de: Di\u00e1metro interior: 37mm FIAT 242 D \/ E 2.2 D, A\u00f1o 10.1975 &#8211; 08.1980, 2175 , 63 2.5 D, A\u00f1o 08.1980 &#8211; 07.1982, 2498 , 71 2.2 D, A\u00f1o 10.1975 &#8211; 08.1980, 2175 , 63 2.5 D, A\u00f1o 08.1980 &#8211; 07.1982, 2498 , 71 LA PIEZA [&hellip;]<\/p>\n","protected":false},"featured_media":53640,"template":"","meta":{"_seopress_robots_primary_cat":"","_seopress_titles_title":"","_seopress_titles_desc":"","_seopress_robots_index":""},"product_cat":[73,20],"product_tag":[],"class_list":{"0":"post-53639","1":"product","2":"type-product","3":"status-publish","4":"has-post-thumbnail","6":"product_cat-recambios-fiat-242","7":"product_cat-recambios-fiat","9":"first","10":"outofstock","11":"taxable","12":"shipping-taxable","13":"purchasable","14":"product-type-simple"},"_links":{"self":[{"href":"https:\/\/galicianparts.com\/shop\/wp-json\/wp\/v2\/product\/53639"}],"collection":[{"href":"https:\/\/galicianparts.com\/shop\/wp-json\/wp\/v2\/product"}],"about":[{"href":"https:\/\/galicianparts.com\/shop\/wp-json\/wp\/v2\/types\/product"}],"wp:featuredmedia":[{"embeddable":true,"href":"https:\/\/galicianparts.com\/shop\/wp-json\/wp\/v2\/media\/53640"}],"wp:attachment":[{"href":"https:\/\/galicianparts.com\/shop\/wp-json\/wp\/v2\/media?parent=53639"}],"wp:term":[{"taxonomy":"product_cat","embeddable":true,"href":"https:\/\/galicianparts.com\/shop\/wp-json\/wp\/v2\/product_cat?post=53639"},{"taxonomy":"product_tag","embeddable":true,"href":"https:\/\/galicianparts.com\/shop\/wp-json\/wp\/v2\/product_tag?post=53639"}],"curies":[{"name":"wp","href":"https:\/\/api.w.org\/{rel}","templated":true}]}}