{"id":53645,"date":"2022-07-21T17:36:54","date_gmt":"2022-07-21T15:36:54","guid":{"rendered":"https:\/\/galicianparts.com\/shop\/producto\/902292-kit-cojinetes-axiales-00-ciguenal-fiat-1100-original-trione\/"},"modified":"2022-12-15T06:44:40","modified_gmt":"2022-12-15T04:44:40","slug":"902292-kit-cojinetes-axiales-00-ciguenal-fiat-1100-original-trione","status":"publish","type":"product","link":"https:\/\/galicianparts.com\/shop\/producto\/902292-kit-cojinetes-axiales-00-ciguenal-fiat-1100-original-trione\/","title":{"rendered":"902292 Kit cojinetes axiales 0,0 cig\u00fce\u00f1al Fiat 1100 ORIGINAL TRIONE"},"content":{"rendered":"<p>Juego, set de cojinete axial del cig\u00fce\u00f1al de:<br \/>\nMedida: Est\u00e1ndar<br \/>\nFIAT 1100<\/p>\n<p>LA PIEZA ES NUEVA TRIONE<\/p>\n","protected":false},"excerpt":{"rendered":"<p>Juego, set de cojinete axial del cig\u00fce\u00f1al de: Medida: Est\u00e1ndar FIAT 1100 LA PIEZA ES NUEVA TRIONE<\/p>\n","protected":false},"featured_media":53646,"template":"","meta":{"_seopress_robots_primary_cat":"","_seopress_titles_title":"","_seopress_titles_desc":"","_seopress_robots_index":""},"product_cat":[177,20],"product_tag":[],"class_list":{"0":"post-53645","1":"product","2":"type-product","3":"status-publish","4":"has-post-thumbnail","6":"product_cat-recambios-fiat-1100","7":"product_cat-recambios-fiat","9":"first","10":"instock","11":"taxable","12":"shipping-taxable","13":"purchasable","14":"product-type-simple"},"_links":{"self":[{"href":"https:\/\/galicianparts.com\/shop\/wp-json\/wp\/v2\/product\/53645"}],"collection":[{"href":"https:\/\/galicianparts.com\/shop\/wp-json\/wp\/v2\/product"}],"about":[{"href":"https:\/\/galicianparts.com\/shop\/wp-json\/wp\/v2\/types\/product"}],"wp:featuredmedia":[{"embeddable":true,"href":"https:\/\/galicianparts.com\/shop\/wp-json\/wp\/v2\/media\/53646"}],"wp:attachment":[{"href":"https:\/\/galicianparts.com\/shop\/wp-json\/wp\/v2\/media?parent=53645"}],"wp:term":[{"taxonomy":"product_cat","embeddable":true,"href":"https:\/\/galicianparts.com\/shop\/wp-json\/wp\/v2\/product_cat?post=53645"},{"taxonomy":"product_tag","embeddable":true,"href":"https:\/\/galicianparts.com\/shop\/wp-json\/wp\/v2\/product_tag?post=53645"}],"curies":[{"name":"wp","href":"https:\/\/api.w.org\/{rel}","templated":true}]}}