{"id":53776,"date":"2022-07-26T08:58:40","date_gmt":"2022-07-26T06:58:40","guid":{"rendered":"https:\/\/galicianparts.com\/shop\/producto\/9622521380-correa-auxiliar-fiat-lancia-alfa-romeo-citroen-peugeot-nueva-original\/"},"modified":"2025-08-27T13:49:18","modified_gmt":"2025-08-27T11:49:18","slug":"9622521380-correa-auxiliar-fiat-lancia-alfa-romeo-citroen-peugeot-nueva-original","status":"publish","type":"product","link":"https:\/\/galicianparts.com\/shop\/producto\/9622521380-correa-auxiliar-fiat-lancia-alfa-romeo-citroen-peugeot-nueva-original\/","title":{"rendered":"9622521380 Correa auxiliar Fiat \/Lancia \/Alfa Romeo \/Citro\u00ebn \/Peugeot NUEVA ORIGINAL"},"content":{"rendered":"<p>71739924 Correa de instrumentos de:<br \/>\nLongitud: 1740 mm.<br \/>\nAncho: 20 mm.<\/p>\n<p>ALFA ROMEO 166 (936)<br \/>\n2.4 JTD, A\u00f1o 04.2002 &#8211; 06.2007, 2387 , 150<br \/>\n2.4 JTD, A\u00f1o 10.2003 &#8211; 06.2007, 2387 , 163<br \/>\n2.4 JTD, A\u00f1o 10.2003 &#8211; 06.2007, 2387 , 175<br \/>\n2.4 JTD, A\u00f1o 07.2006 &#8211; 06.2007, 2387 , 180<br \/>\n2.4 JTD, A\u00f1o 07.2005 &#8211; 06.2007, 2387 , 185<br \/>\n2.4 JTD, A\u00f1o 09.1998 &#8211; 10.2000, 2387 , 136<br \/>\n2.4 JTD, A\u00f1o 10.2000 &#8211; 06.2007, 2387 , 140<\/p>\n<p>CITRO\u00cbN Xantia (X1, X2)<br \/>\n1.9 D, A\u00f1o 06.1994 &#8211; 01.1998, 1905 , 68<br \/>\n1.9 D, A\u00f1o 06.1994 &#8211; 01.1998, 1905 , 69<br \/>\n1.9 SD, A\u00f1o 02.1996 &#8211; 01.1998, 1905 , 75<br \/>\n1.9 Turbo D, A\u00f1o 10.1994 &#8211; 01.1998, 1905 , 90<br \/>\nCITRO\u00cbN ZX Hatchback (N2)<br \/>\n1.8 D, A\u00f1o 06.1993 &#8211; 06.1997, 1769 , 60<br \/>\n1.9 D, A\u00f1o 03.1991 &#8211; 06.1997, 1905 , 64<br \/>\n1.9 D, A\u00f1o 07.1993 &#8211; 06.1997, 1905 , 68<br \/>\n1.9 DT, A\u00f1o 07.1994 &#8211; 10.1997, 1905 , 88<br \/>\n1.9 TD, A\u00f1o 07.1992 &#8211; 06.1997, 1905 , 90<br \/>\nCITRO\u00cbN Evasion (22, U6)<br \/>\n1.9 TD, A\u00f1o 11.1994 &#8211; 07.2002, 1905 , 90<br \/>\n1.9 TD, A\u00f1o 10.1995 &#8211; 12.1998, 1905 , 92<br \/>\n2.0 HDI, A\u00f1o 08.1999 &#8211; 07.2002, 1997 , 109<br \/>\n2.0 HDI 16V, A\u00f1o 09.1999 &#8211; 07.2002, 1997 , 109<br \/>\n2.1 TD, A\u00f1o 05.1996 &#8211; 07.2002, 2088 , 109<br \/>\nCITRO\u00cbN Jumpy I MPV<br \/>\n1.9 D, A\u00f1o 10.1995 &#8211; 08.1998, 1905 , 69<br \/>\n1.9 TD, A\u00f1o 10.1995 &#8211; 08.2000, 1905 , 90<br \/>\n1.9 TD, A\u00f1o 04.1996 &#8211; 11.2003, 1905 , 92<br \/>\n2.0 16V HDi 110, A\u00f1o 03.2000 &#8211; 10.2006, 1997 , 109<br \/>\n2.0 HDi 110, A\u00f1o 03.2000 &#8211; 10.2006, 1997 , 109<br \/>\n2.0 HDi 95, A\u00f1o 10.1999 &#8211; 10.2006, 1997 , 94<br \/>\nCITRO\u00cbN Berlingo \/ Berlingo First I Furg\u00f3n (M)<br \/>\n1.8 D, A\u00f1o 07.1996 &#8211; 10.2002, 1769 , 59<br \/>\n1.9 D, A\u00f1o 07.1996 &#8211; 12.2003, 1905 , 70<br \/>\n2.0 HDI 90, A\u00f1o 12.1999 &#8211; 12.2011, 1997 , 90<br \/>\n2.0 HDI 90 4WD, A\u00f1o 11.2000 &#8211; 10.2005, 1997 , 90<br \/>\nCITRO\u00cbN Berlingo \/ Berlingo First I (MF, GJK, GFK)<br \/>\n1.9 D, A\u00f1o 07.1996 &#8211; 12.2003, 1905 , 68<br \/>\n2.0 HDI 90, A\u00f1o 12.1999 &#8211; 10.2005, 1997 , 90<br \/>\nCITRO\u00cbN Xsara (N1)<br \/>\n1.8 D, A\u00f1o 04.1997 &#8211; 09.2000, 1769 , 58<br \/>\n1.9 D, A\u00f1o 04.1997 &#8211; 09.2000, 1905 , 68<br \/>\n1.9 SD, A\u00f1o 01.1998 &#8211; 09.2000, 1905 , 75<br \/>\n1.9 TD, A\u00f1o 04.1997 &#8211; 09.2000, 1905 , 90<br \/>\n2.0 HDi 109, A\u00f1o 05.2001 &#8211; 03.2005, 1997 , 109<br \/>\n2.0 HDi 90, A\u00f1o 02.1999 &#8211; 03.2005, 1997 , 90<br \/>\nCITRO\u00cbN Xantia Familiar (X2)<br \/>\n2.0 HDI 109, A\u00f1o 02.1999 &#8211; 04.2003, 1997 , 109<br \/>\n2.0 HDI 90, A\u00f1o 03.1999 &#8211; 04.2003, 1997 , 90<br \/>\nCITRO\u00cbN C5 I<br \/>\n2.0 HDi, A\u00f1o 03.2001 &#8211; 08.2004, 1997 , 107<br \/>\n2.0 HDi, A\u00f1o 03.2001 &#8211; 08.2004, 1997 , 90<br \/>\n2.0 HDi, A\u00f1o 03.2001 &#8211; 08.2004, 1997 , 109<br \/>\n2.2 HDi, A\u00f1o 03.2001 &#8211; 08.2004, 2179 , 133<br \/>\nCITRO\u00cbN C8<br \/>\n2.0 HDi, A\u00f1o 07.2002 &#8211; &#8230;, 1997 , 107<br \/>\n2.0 HDi, A\u00f1o 07.2002 &#8211; &#8230;, 1997 , 110<br \/>\n2.2 HDi, A\u00f1o 07.2002 &#8211; &#8230;, 2179 , 128<\/p>\n<p>FIAT Ulysse I (220)<br \/>\n1.9 TD, A\u00f1o 05.1997 &#8211; 12.1999, 1905 , 92<br \/>\n1.9 TD, A\u00f1o 02.1995 &#8211; 08.2002, 1905 , 90<br \/>\n2.0 JTD, A\u00f1o 10.1999 &#8211; 08.2002, 1997 , 109<br \/>\n2.0 JTD 16V, A\u00f1o 05.1999 &#8211; 08.2002, 1997 , 109<br \/>\n2.1 TD, A\u00f1o 03.1996 &#8211; 10.1999, 2088 , 109<br \/>\nFIAT Scudo I Familiar (220)<br \/>\n1.9 D, A\u00f1o 02.1996 &#8211; 04.1998, 1905 , 69<br \/>\n1.9 D, A\u00f1o 04.1998 &#8211; 12.2006, 1868 , 69<br \/>\n1.9 TD, A\u00f1o 02.1996 &#8211; 12.2006, 1905 , 92<br \/>\n1.9 TD Eco, A\u00f1o 02.1996 &#8211; 12.2006, 1905 , 90<br \/>\n2.0 JTD, A\u00f1o 01.2004 &#8211; 12.2006, 1997 , 94<br \/>\n2.0 JTD, A\u00f1o 12.1999 &#8211; 12.2006, 1997 , 109<br \/>\n2.0 JTD 16V, A\u00f1o 05.1999 &#8211; 12.2006, 1997 , 109<br \/>\nFIAT Ulysse II (179)<br \/>\n2.0 JTD, A\u00f1o 05.2003 &#8211; 08.2006, 1997 , 107<br \/>\n2.0 JTD, A\u00f1o 08.2002 &#8211; 08.2006, 1997 , 109<br \/>\n2.2 JTD, A\u00f1o 08.2002 &#8211; 08.2006, 2179 , 128<br \/>\n2.2 JTD, A\u00f1o 03.2008 &#8211; 06.2011, 2179 , 163<\/p>\n<p>LANCIA Kappa (838)<br \/>\n2.4 JTD, A\u00f1o 06.1998 &#8211; 10.2001, 2387 , 136<br \/>\n2.4 T.DS, A\u00f1o 08.1994 &#8211; 10.2001, 2387 , 124<br \/>\nLANCIA Zeta (220)<br \/>\n2.0 JTD, A\u00f1o 04.2000 &#8211; 09.2002, 1997 , 109<br \/>\n2.1 TD, A\u00f1o 05.1996 &#8211; 09.1999, 2088 , 109<br \/>\nLANCIA Thesis (841)<br \/>\n2.4 D Multijet, A\u00f1o 04.2006 &#8211; 07.2009, 2387 , 185<br \/>\n2.4 JTD, A\u00f1o 09.2003 &#8211; 07.2009, 2387 , 163<br \/>\n2.4 JTD, A\u00f1o 05.2003 &#8211; 07.2009, 2387 , 175<br \/>\n2.4 JTD, A\u00f1o 07.2002 &#8211; 07.2009, 2387 , 150<br \/>\nLANCIA Phedra (179)<br \/>\n2.0 JTD, A\u00f1o 07.2003 &#8211; 11.2010, 1997 , 107<br \/>\n2.0 JTD, A\u00f1o 09.2002 &#8211; 11.2010, 1997 , 109<br \/>\n2.2 JTD, A\u00f1o 09.2002 &#8211; 11.2010, 2179 , 128<\/p>\n<p>PEUGEOT 806<br \/>\n1.9 TD, A\u00f1o 07.1995 &#8211; 08.2002, 1905 , 90<br \/>\n1.9 TD, A\u00f1o 05.1997 &#8211; 08.2002, 1905 , 92<br \/>\n2.0 HDI, A\u00f1o 08.1999 &#8211; 08.2002, 1997 , 109<br \/>\n2.0 HDI 16V, A\u00f1o 08.1999 &#8211; 08.2002, 1997 , 109<br \/>\n2.1 td 12V, A\u00f1o 06.1996 &#8211; 08.1999, 2088 , 109<br \/>\nPEUGEOT 306<br \/>\n1.8 D, A\u00f1o 05.1993 &#8211; 05.2001, 1769 , 58<br \/>\n1.9 D, A\u00f1o 05.1993 &#8211; 05.2001, 1905 , 64<br \/>\n1.9 D, A\u00f1o 06.1994 &#8211; 05.2001, 1905 , 68<br \/>\n1.9 D, A\u00f1o 03.1998 &#8211; 05.2001, 1905 , 75<br \/>\n1.9 DT, A\u00f1o 05.1993 &#8211; 05.2001, 1905 , 90<br \/>\nPEUGEOT Expert I (224)<br \/>\n1.9 D, A\u00f1o 02.1996 &#8211; 12.1998, 1905 , 70<br \/>\n1.9 TD, A\u00f1o 02.1996 &#8211; 09.2000, 1905 , 90<br \/>\n1.9 TD, A\u00f1o 02.1996 &#8211; 05.1998, 1905 , 92<br \/>\n2.0 HDi, A\u00f1o 10.2000 &#8211; 10.2006, 1997 , 94<br \/>\n2.0 HDI, A\u00f1o 07.2000 &#8211; 12.2006, 1997 , 109<br \/>\n2.0 HDI 16V, A\u00f1o 07.2000 &#8211; 12.2006, 1997 , 109<br \/>\nPEUGEOT 406<br \/>\n1.9 D, A\u00f1o 10.1996 &#8211; 10.2004, 1905 , 75<br \/>\n1.9 TD, A\u00f1o 10.1996 &#8211; 10.2004, 1905 , 90<br \/>\n2.0 HDi 110, A\u00f1o 08.2001 &#8211; 10.2004, 1997 , 107<br \/>\n2.0 HDI 110, A\u00f1o 02.1999 &#8211; 04.2004, 1997 , 109<br \/>\n2.0 HDI 90, A\u00f1o 02.1999 &#8211; 10.2004, 1997 , 90<br \/>\n2.1 TD 12V, A\u00f1o 10.1996 &#8211; 10.2004, 2088 , 109<br \/>\n2.2 HDI, A\u00f1o 03.2000 &#8211; 10.2004, 2179 , 133<br \/>\nPEUGEOT Partner I Furg\u00f3n<br \/>\n1.8 D, A\u00f1o 06.1996 &#8211; 12.2002, 1769 , 58<br \/>\n1.9 D, A\u00f1o 06.1996 &#8211; 12.2002, 1905 , 69<br \/>\n2.0 HDi, A\u00f1o 04.2000 &#8211; 07.2008, 1997 , 90<br \/>\nPEUGEOT Partner I Combispace<br \/>\n1.9 D, A\u00f1o 06.1996 &#8211; 12.2002, 1905 , 68<br \/>\n1.9 D, A\u00f1o 05.1996 &#8211; 12.1998, 1905 , 69<br \/>\n2.0 HDI, A\u00f1o 02.2000 &#8211; 07.2008, 1997 , 90<br \/>\n2.0 HDi 4&#215;4, A\u00f1o 04.2004 &#8211; 08.2005, 1997 , 90<br \/>\nPEUGEOT 206 Hatchback (2A\/C)<br \/>\n2.0 HDI 90, A\u00f1o 12.1999 &#8211; 09.2009, 1997 , 90<br \/>\nPEUGEOT 607 Berlina<br \/>\n2.0 HDi, A\u00f1o 03.2001 &#8211; 09.2004, 1997 , 107<br \/>\n2.0 HDI, A\u00f1o 05.2000 &#8211; 09.2005, 1997 , 109<br \/>\n2.2 HDI, A\u00f1o 02.2000 &#8211; 02.2006, 2179 , 133<br \/>\nPEUGEOT 807<br \/>\n2.0 HDi, A\u00f1o 06.2002 &#8211; &#8230;, 1997 , 107<br \/>\n2.0 HDi, A\u00f1o 04.2004 &#8211; 05.2006, 1997 , 109<br \/>\n2.2 HDi, A\u00f1o 06.2002 &#8211; &#8230;, 2179 , 128<br \/>\n2.2 HDi, A\u00f1o 04.2004 &#8211; &#8230;, 2179 , 136<\/p>\n<p>LA PIEZA ES NUEVA Y ORIGINAL.<\/p>\n","protected":false},"excerpt":{"rendered":"<p>71739924 Correa de instrumentos de: Longitud: 1740 mm. Ancho: 20 mm. ALFA ROMEO 166 (936) 2.4 JTD, A\u00f1o 04.2002 &#8211; 06.2007, 2387 , 150 2.4 JTD, A\u00f1o 10.2003 &#8211; 06.2007, 2387 , 163 2.4 JTD, A\u00f1o 10.2003 &#8211; 06.2007, 2387 , 175 2.4 JTD, A\u00f1o 07.2006 &#8211; 06.2007, 2387 , 180 2.4 JTD, A\u00f1o 07.2005 [&hellip;]<\/p>\n","protected":false},"featured_media":53778,"template":"","meta":{"_seopress_robots_primary_cat":"","_seopress_titles_title":"","_seopress_titles_desc":"","_seopress_robots_index":""},"product_cat":[57,146,147,151,183,189,182,16,129,135,181,23,188,156,20,138,119,21,158,24,122,104,125,113,141,143,128,144],"product_tag":[],"class_list":{"0":"post-53776","1":"product","2":"type-product","3":"status-publish","4":"has-post-thumbnail","6":"product_cat-recambios-alfa-romeo-166","7":"product_cat-recambios-peugeot-206","8":"product_cat-recambios-peugeot-306","9":"product_cat-recambios-peugeot-406","10":"product_cat-recambios-peugeot-607","11":"product_cat-recambios-peugeot-806","12":"product_cat-recambios-peugeot-807","13":"product_cat-recambios-alfa-romeo","14":"product_cat-recambios-citroen-berlingo","15":"product_cat-recambios-citroen-c5","16":"product_cat-recambios-citroen-c8","17":"product_cat-recambios-citroen","18":"product_cat-recambios-citroen-evasion","19":"product_cat-recambios-peugeot-expert","20":"product_cat-recambios-fiat","21":"product_cat-recambios-citroen-jumpy","22":"product_cat-recambios-lancia-kappa","23":"product_cat-recambios-lancia","24":"product_cat-recambios-peugeot-partner","25":"product_cat-recambios-peugeot","26":"product_cat-recambios-lancia-phedra","27":"product_cat-recambios-fiat-scudo","28":"product_cat-recambios-lancia-thesis","29":"product_cat-recambios-fiat-ulysse","30":"product_cat-recambios-citroen-xantia","31":"product_cat-recambios-citroen-xsara","32":"product_cat-recambios-lancia-z","33":"product_cat-recambios-citroen-zx","35":"first","36":"outofstock","37":"taxable","38":"shipping-taxable","39":"purchasable","40":"product-type-simple"},"_links":{"self":[{"href":"https:\/\/galicianparts.com\/shop\/wp-json\/wp\/v2\/product\/53776"}],"collection":[{"href":"https:\/\/galicianparts.com\/shop\/wp-json\/wp\/v2\/product"}],"about":[{"href":"https:\/\/galicianparts.com\/shop\/wp-json\/wp\/v2\/types\/product"}],"wp:featuredmedia":[{"embeddable":true,"href":"https:\/\/galicianparts.com\/shop\/wp-json\/wp\/v2\/media\/53778"}],"wp:attachment":[{"href":"https:\/\/galicianparts.com\/shop\/wp-json\/wp\/v2\/media?parent=53776"}],"wp:term":[{"taxonomy":"product_cat","embeddable":true,"href":"https:\/\/galicianparts.com\/shop\/wp-json\/wp\/v2\/product_cat?post=53776"},{"taxonomy":"product_tag","embeddable":true,"href":"https:\/\/galicianparts.com\/shop\/wp-json\/wp\/v2\/product_tag?post=53776"}],"curies":[{"name":"wp","href":"https:\/\/api.w.org\/{rel}","templated":true}]}}