{"id":53807,"date":"2022-07-26T10:03:16","date_gmt":"2022-07-26T08:03:16","guid":{"rendered":"https:\/\/galicianparts.com\/shop\/producto\/5988269-presilla-rodamiento-buje-lancia-delta-integrale-fiat-uno-turbo-nueva-original\/"},"modified":"2025-03-21T12:26:20","modified_gmt":"2025-03-21T10:26:20","slug":"5988269-presilla-rodamiento-buje-lancia-delta-integrale-fiat-uno-turbo-nueva-original","status":"publish","type":"product","link":"https:\/\/galicianparts.com\/shop\/producto\/5988269-presilla-rodamiento-buje-lancia-delta-integrale-fiat-uno-turbo-nueva-original\/","title":{"rendered":"5988269 Presilla rodamiento buje Lancia Delta Integrale \/Fiat Uno Turbo NUEVA ORIGINAL"},"content":{"rendered":"<p>Circlip de sujeci\u00f3n interno del buje de la manguetas delanteras de:<br \/>\nDi\u00e1metro interior: 65mm.<br \/>\nDi\u00e1metro exterior: 73mm.<\/p>\n<p>FIAT &#8211; 2B DUNA BENZINA\/DIESEL (1986-1990)<br \/>\nFIAT &#8211; XP ELBA CSL (1991-1996)<br \/>\nFIAT &#8211; XR MILLE (1994-1995) 1000 SPI<br \/>\nFIAT &#8211; XR MILLE (1994-1995) 1697 DS<br \/>\nFIAT &#8211; XS MILLE CLIP (1995-1997) 1697 DS<br \/>\nFIAT &#8211; 1X PALIO 2V EXTRA EUROPA (1997-2002) 1242 MPI 8V EM.04 \/ ED(CSI)<br \/>\nFIAT &#8211; 1X PALIO 2V EXTRA EUROPA (1997-2002) 1108 CARB EM.04 \/ 1372 SPI EM.04 \/ 1697 DS EM.08<br \/>\nFIAT &#8211; 1X PALIO 2V EXTRA EUROPA (1997-2002) 1108 CARB EM.04 \/ 1697 DS EM.08<br \/>\nFIAT &#8211; 1X PALIO 2V EXTRA EUROPA (1997-2002) 1372 SPI EM.04<br \/>\nFIAT &#8211; 1X PALIO 2V EXTRA EUROPA (1997-2002) 1242 MPI 8V EM.04 \/ ED 3P(ZA) \/ EL 3P(ZA) \/ EL 5P(ZA) \/ ED 5P (ZA)<br \/>\nFIAT &#8211; 1X PALIO 2V EXTRA EUROPA (1997-2002) 1580 MPI TORQUE 16V CF2<br \/>\nFIAT &#8211; 1X PALIO 2V EXTRA EUROPA (1997-2002) 1372 SPI EM.04 \/ 1372 SPI CF2(TR) \/ 1580 MPI TORQUE 16V CF2 \/ 1596 16V CF3<br \/>\nFIAT &#8211; 1X PALIO 2V EXTRA EUROPA (1997-2002) 1242 MPI 8V CF2 \/ 1242 MPI CF3<br \/>\nFIAT &#8211; 1X PALIO 2V EXTRA EUROPA (1997-2002) 994 MPI CF2<br \/>\nFIAT &#8211; 1X PALIO 2V EXTRA EUROPA (1997-2002) 1242 MPI EM.04<br \/>\nFIAT &#8211; 1X PALIO 2V EXTRA EUROPA (1997-2002) 1242 MPI 8V EM.04 \/ ED 3P MY 2002 (ZA) \/ EL 3P MY 2002 (ZA) \/ ED 5P MY 2002 (ZA) \/ EL 5P MY 2002 (ZA)<br \/>\nFIAT &#8211; 1X PALIO 2V EXTRA EUROPA (1997-2002) 1580 MPI 16V EM.04 R.L. \/ LUXURY 3P MY 2002 (ZA) \/ EL 5P MY 2002 (ZA)<br \/>\nFIAT &#8211; 1X PALIO 2V EXTRA EUROPA (1997-2002) 1580 MPI 16V EM.04 R.L. \/ HL 3P(ZA) \/ EL 5P(ZA)<br \/>\nFIAT &#8211; 2H PALIO 2V EXTRA EUROPA REST. 2002 (2002-2011) 1242 MPI 8V CF2 87RON \/ 1242\u00a08V\u00a0MPI\u00a0EM.\u00a004<br \/>\nFIAT &#8211; 2H PALIO 2V EXTRA EUROPA REST. 2002 (2002-2011) 1242 8V CF3 EOBD \/ 1596 TQ CF3 \/ 1596 TQ CF3 SPORT \/ 1242\u00a016V\u00a0CF3 \/ EL (TR) \/ HL (TR) \/ VAN (TR)<br \/>\nFIAT &#8211; 2H PALIO 2V EXTRA EUROPA REST. 2002 (2002-2011) 1461\u00a0MPI\u00a0CF2\/CF3 \/ EL (CN) \/ ELX (CN) \/ HL (CN) MY 2004 \/ FX\u00a0(CN)\u00a0MY\u00a02005\u00a0CF2<br \/>\nFIAT &#8211; 2H PALIO 2V EXTRA EUROPA REST. 2002 (2002-2011) 1242\u00a016V\u00a0CF3 \/ EL\u00a0SPEEDGEAR\u00a0(TR) \/ HL SPEEDGEAR (TR) \/ ELX\u00a0SPEEDGEAR\u00a0(CN) \/ HL SPEEDGEAR 5DOOR (CN) MY 2004 \/ EL\u00a0SPEEDGEAR\u00a0(CN)<br \/>\nFIAT &#8211; 2H PALIO 2V EXTRA EUROPA REST. 2002 (2002-2011) 1596 16V CF3 (IND) \/ 1910 DS CF3 (IND)<br \/>\nFIAT &#8211; 2H PALIO 2V EXTRA EUROPA REST. 2002 (2002-2011) 1000\u00a08V \/ 1242\u00a016V\u00a0USA83 \/ 1697\u00a0TD\u00a0CF2<br \/>\nFIAT &#8211; 2H PALIO 2V EXTRA EUROPA REST. 2002 (2002-2011) 1461\u00a0MPI\u00a0CF2\/CF3 \/ HL AUTOMATIC TRANSMISSION (CN) MY 2004 C<br \/>\nFIAT &#8211; 2H PALIO 2V EXTRA EUROPA REST. 2002 (2002-2011) 1400\u00a08V\u00a080CV\/59KW \/ 1580\u00a016V\u00a0MPI\u00a0EM.\u00a004<br \/>\nFIAT &#8211; 3D PALIO 2V REST.2 (2005-2011) 1242\u00a016V\u00a0CF3 \/ 1400 8V 80CV \/ 1697\u00a0TB\/DS\u00a0CF2 \/ 1000 8V MPI TUNEZ<br \/>\nFIAT &#8211; 3D PALIO 2V REST.2 (2005-2011) 1108 8V MPI GS CF3 \/ 1.6 16V MPI GS CF3<br \/>\nFIAT &#8211; 2G PALIO WE EUROPA REST. (2002-2004) 1242 MPI 8V CF3 \/ 1242\u00a016V\u00a0CF3 \/ 1596 16V CF3<br \/>\nFIAT &#8211; 2G PALIO WE EUROPA REST. (2002-2004) 1910 DS CF3<br \/>\nFIAT &#8211; 1Y PALIO WE EXTRA EUROPA (1997-2002) 1372 SPI CF2 (PL) \/ 1580 MPI 16V EM.04<br \/>\nFIAT &#8211; 1Y PALIO WE EXTRA EUROPA (1997-2002) 1242 MPI 8V CF2 87RON \/ 1242 MPI 8V CF2 \/ 1242 MPI CF3<br \/>\nFIAT &#8211; 1Y PALIO WE EXTRA EUROPA (1997-2002) 1372 SPI EM.04<br \/>\nFIAT &#8211; 1Y PALIO WE EXTRA EUROPA (1997-2002) 1580 MPI TORQUE 16V CF2 \/ HL (TR)<br \/>\nFIAT &#8211; 1Y PALIO WE EXTRA EUROPA (1997-2002) 1372 SPI EM.04 \/ 1372 SPI CF2 (TR) \/ 1596 MPI TORQUE 16V CF3<br \/>\nFIAT &#8211; 1Y PALIO WE EXTRA EUROPA (1997-2002) 1580 MPI 16V EM.04 R.L. \/ EL (ZA) \/ HL (ZA) \/ SW EL (IND)<br \/>\nFIAT &#8211; 1Y PALIO WE EXTRA EUROPA (1997-2002) 1697 TDS SOFT ECE08\/CF1 46KW \/ 1697 TDS SOFT CF2 51KW<br \/>\nFIAT &#8211; 1Y PALIO WE EXTRA EUROPA (1997-2002) 1580 MPI TORQUE 16V CF2 \/ HL (PL) \/ HL MY.2000 (PL)<br \/>\nFIAT &#8211; 1Y PALIO WE EXTRA EUROPA (1997-2002) 1580 MPI 16V EM.04 R.L. \/ EL MY 2002 (ZA) \/ HL MY 2002 (ZA)<br \/>\nFIAT &#8211; 1Y PALIO WE EXTRA EUROPA (1997-2002) 1697 TDS ECE08 53 KW<br \/>\nFIAT &#8211; 2K PALIO WE EXTRA EUROPA REST. 2002 (2002-2008) 1242 MPI 8V CF3 \/ 1242\u00a016V\u00a0CF3 \/ EL (PL) \/ HL (PL) \/ EL (TR) \/ HL (TR)<br \/>\nFIAT &#8211; 2K PALIO WE EXTRA EUROPA REST. 2002 (2002-2008) 1596 16V CF3 (IND) \/ 1910 DS CF3 (IND<br \/>\nFIAT &#8211; 2K PALIO WE EXTRA EUROPA REST. 2002 (2002-2008) EL(CN) \/ ELX(CN \/ HL (CN) MY 2004 \/ HLX-T.A. (CN)MY 2004 \/ FSX (CN) MY 2005 CF2 \/ 1461 MPI CF2<br \/>\nFIAT &#8211; 2K PALIO WE EXTRA EUROPA REST. 2002 (2002-2008) 1242\u00a016V\u00a0CF3 \/ HL SPEEDGEAR(CN) \/ HL SPEEDGEAR-T.A. (CN) M,Y 2004<br \/>\nFIAT &#8211; 2K PALIO WE EXTRA EUROPA REST. 2002 (2002-2008) 1697\u00a0TD\u00a0CF2<br \/>\nFIAT &#8211; 2K PALIO WE EXTRA EUROPA REST. 2002 (2002-2008) 1461 MPI CF2 \/ HL AUTOMATIC TRANSMISSION (CN) MY 2004 C<br \/>\nFIAT &#8211; 2K PALIO WE EXTRA EUROPA REST. 2002 (2002-2008) 1596 16V CF3<br \/>\nFIAT &#8211; 3F PALIO WEEKEND REST.2 (2005-2009) 1697\u00a0TB\/DS\u00a0CF2<br \/>\nFIAT &#8211; PY PALIO\/WEEKEND EUROPA (1997-2002) 1697 TDS SW \/ 1.9 DS CF3<br \/>\nFIAT &#8211; PY PALIO\/WEEKEND EUROPA (1997-2002) 1242 SW CF2 \/ 1580 SW<br \/>\nFIAT &#8211; PY PALIO\/WEEKEND EUROPA (1997-2002) 1242 SW CF2 \/ 1580 SW \/ 1.2 SW CF3 \/ 1242 BN CF3 \/ 1596 16V CF3 SW<br \/>\nFIAT &#8211; PY PALIO\/WEEKEND EUROPA (1997-2002) 1242 BN CF2<br \/>\nFIAT &#8211; 2A SIENA EXTRA EUROPA (1997-2002) 1372 SPI CF2(PL)<br \/>\nFIAT &#8211; 2A SIENA EXTRA EUROPA (1997-2002) 1242 MPI EM.04 \/ 1242 MPI CF2 87RON \/ 1372 SPI EM.04 \/ 1697 DS EM.08 \/ 1697 TDS SOFT ECE08<br \/>\nFIAT &#8211; 2A SIENA EXTRA EUROPA (1997-2002) 1242 MPI EM.04 \/ 1242 MPI CF2 87RON \/ 1697 DS EM.08 \/ 1697 TDS SOFT ECE08<br \/>\nFIAT &#8211; 2A SIENA EXTRA EUROPA (1997-2002) 1372 SPI EM.04<br \/>\nFIAT &#8211; 2A SIENA EXTRA EUROPA (1997-2002) 1242 MPI CF2 \/ 1242 MPI CF3 \/ 1242 MPI EM.04 \/ EL (VN) \/ ED GAMMA 2002 (VN) \/ HL GAMMA 2002 (VN)<br \/>\nFIAT &#8211; 2A SIENA EXTRA EUROPA (1997-2002) 1242 MPI EM.04 \/ EL\u00a0(ZA) \/ 1580 MPI 16V EM.04 R.L. \/ HL(IND) \/ HL (ZA)<br \/>\nFIAT &#8211; 2A SIENA EXTRA EUROPA (1997-2002) 1580 MPI TORQUE 16V CF2 \/ HL (TR)<br \/>\nFIAT &#8211; 2A SIENA EXTRA EUROPA (1997-2002) 1372 SPI EM.04 \/ 1372 SPI CF2(TR-ET) \/ 1596 16V CF3 \/ 1580 MPI TORQUE 16V CF2 \/ HL (TR) \/ HL (ET) \/ HLX MY.2001(ET)<br \/>\nFIAT &#8211; 2A SIENA EXTRA EUROPA (1997-2002) 1697 TDS SOFT CF2<br \/>\nFIAT &#8211; 2A SIENA EXTRA EUROPA (1997-2002) 1580 MPI TORQUE 16V CF2 \/ HL (PL) \/ HL MY.2000 (PL)<br \/>\nFIAT &#8211; 2A SIENA EXTRA EUROPA (1997-2002) 1242 MPI EM.04 \/ EL-IBRIDA (ZA) \/ 1580 MPI 16V EM.04 R.L. \/ HL-IBRIDA (ZA)<br \/>\nFIAT &#8211; 2A SIENA EXTRA EUROPA (1997-2002) 1580 MPI 16V EM.04 R.L. \/ HL (VN) \/ HLX GAMMA 2002 (VN)<br \/>\nFIAT &#8211; 2L SIENA EXTRA EUROPA REST.(2002-2012) 1242 MPI 8V CF2 87 RON \/ 1242\u00a08V\u00a0MPI\u00a0EM.\u00a004<br \/>\nFIAT &#8211; 2L SIENA EXTRA EUROPA REST.(2002-2012) 1242 MPI 8V CF3 \/ 1400\u00a08V\u00a080CV\/59KW\u00a0IRAN \/ 1400\u00a08V\u00a080CV\/59KW \/ 1596 16V CF3 \/ 1580\u00a016V\u00a0MPI\u00a0EM\u00a004<br \/>\nFIAT &#8211; 2L SIENA EXTRA EUROPA REST.(2002-2012) 1242\u00a016V\u00a0CF3 \/ EL (PL) \/ HL (PL) \/ EL (TR) \/ HL (TR) \/ ELX (ET)<br \/>\nFIAT &#8211; 2L SIENA EXTRA EUROPA REST.(2002-2012) 1242\u00a016V\u00a0CF3 \/ HL SPEEDGEAR \/ ELX SPEEDGEAR (ET) \/ HL SPEEDGEAR (CN) \/ HL SPEEDGEAR (CN) MY 2004 \/ EL\u00a0SPEEDGEAR\u00a0(TR)<br \/>\nFIAT &#8211; 2L SIENA EXTRA EUROPA REST.(2002-2012) 1461 MPI CF2 \/ EL (CN) \/ ELX (CN) \/ EX (CN) MY 2004 CF2 \/ HL (CN) MY 2004 \/ HLX (CN) MY 2004<br \/>\nFIAT &#8211; 2L SIENA EXTRA EUROPA REST.(2002-2012) 1596 16V CF3 (IND) \/ 1910 DS CF3<br \/>\nFIAT &#8211; 2L SIENA EXTRA EUROPA REST.(2002-2012) 1242\u00a016V\u00a0USA83 \/ 1697\u00a0TD\u00a0CF2<br \/>\nFIAT &#8211; 2L SIENA EXTRA EUROPA REST.(2002-2012) 1461 MPI CF2 \/ HL AUTOMATIC TRANSMISSION (CN) MY 2004 C<br \/>\nFIAT &#8211; 3E SIENA REST.2 (2005-2011) 1242\u00a016V\u00a0CF3 \/ 1400\u00a08V\u00a080CV\/59KW\u00a0178F\u00a03011 \/ 1697\u00a0TB\/DS\u00a0CF2 \/ 1400\u00a08V\u00a080CV\/59KW\u00a0178F\u00a05038<br \/>\nFIAT &#8211; ML UNO CS (1988-1990)<br \/>\nFIAT &#8211; MU UNO DIESEL R\/89 (1989-1995) 1367 TURBO \/ 1697 ASPIRADO \/ 1930 ASPIRADO<br \/>\nFIAT &#8211; 1D UNO MONDO (1995-2010) 1242\u00a08V\u00a0MPI\u00a0CF3<br \/>\nFIAT &#8211; MT UNO TURBO R\/89 (1989-1993)<br \/>\nLANCIA &#8211; RT DELTA 4WD (1986-1991) 2000 8V<br \/>\nLANCIA &#8211; RT DELTA 4WD (1986-1991)<br \/>\nLANCIA &#8211; TB DELTA R.86 (1986-1992) 1100 CARB<br \/>\nLANCIA &#8211; TB DELTA R.86 (1986-1992) 1500 CARB \/ CAMBIO AUTOMATICO<br \/>\nLANCIA &#8211; TB DELTA R.86 (1986-1992) 1300 CARB \/ 1500 CARB<br \/>\nLANCIA &#8211; TB DELTA R.86 (1986-1992) 1600 MPI \/ 1600 SPI USA 83 \/ 1600 MPI TB \/ 1600 MPI TB USA 83<br \/>\nLANCIA &#8211; TB DELTA R.86 (1986-1992) 1930 TB\/DS<br \/>\nFIAT PROFESSIONAL &#8211; 2M FIORINO (1991-1993)<br \/>\nFIAT PROFESSIONAL &#8211; 3G STRADA REST. 2 (2005-2011) 1697\u00a0TB\/DS\u00a0CF2<\/p>\n<p>LA PIEZA ES NUEVA Y ORIGINAL.<\/p>\n","protected":false},"excerpt":{"rendered":"<p>Circlip de sujeci\u00f3n interno del buje de la manguetas delanteras de: Di\u00e1metro interior: 65mm. Di\u00e1metro exterior: 73mm. FIAT &#8211; 2B DUNA BENZINA\/DIESEL (1986-1990) FIAT &#8211; XP ELBA CSL (1991-1996) FIAT &#8211; XR MILLE (1994-1995) 1000 SPI FIAT &#8211; XR MILLE (1994-1995) 1697 DS FIAT &#8211; XS MILLE CLIP (1995-1997) 1697 DS FIAT &#8211; 1X PALIO [&hellip;]<\/p>\n","protected":false},"featured_media":95369,"template":"","meta":{"_seopress_robots_primary_cat":"","_seopress_titles_title":"","_seopress_titles_desc":"","_seopress_robots_index":""},"product_cat":[118,89,90,20,91,21,98,107,109,114],"product_tag":[],"class_list":{"0":"post-53807","1":"product","2":"type-product","3":"status-publish","4":"has-post-thumbnail","6":"product_cat-recambios-lancia-delta","7":"product_cat-recambios-fiat-duna","8":"product_cat-recambios-fiat-elba","9":"product_cat-recambios-fiat","10":"product_cat-recambios-fiat-fiorino","11":"product_cat-recambios-lancia","12":"product_cat-recambios-fiat-palio","13":"product_cat-recambios-fiat-siena","14":"product_cat-recambios-fiat-strada","15":"product_cat-recambios-fiat-uno","17":"first","18":"instock","19":"taxable","20":"shipping-taxable","21":"purchasable","22":"product-type-simple"},"_links":{"self":[{"href":"https:\/\/galicianparts.com\/shop\/wp-json\/wp\/v2\/product\/53807"}],"collection":[{"href":"https:\/\/galicianparts.com\/shop\/wp-json\/wp\/v2\/product"}],"about":[{"href":"https:\/\/galicianparts.com\/shop\/wp-json\/wp\/v2\/types\/product"}],"wp:featuredmedia":[{"embeddable":true,"href":"https:\/\/galicianparts.com\/shop\/wp-json\/wp\/v2\/media\/95369"}],"wp:attachment":[{"href":"https:\/\/galicianparts.com\/shop\/wp-json\/wp\/v2\/media?parent=53807"}],"wp:term":[{"taxonomy":"product_cat","embeddable":true,"href":"https:\/\/galicianparts.com\/shop\/wp-json\/wp\/v2\/product_cat?post=53807"},{"taxonomy":"product_tag","embeddable":true,"href":"https:\/\/galicianparts.com\/shop\/wp-json\/wp\/v2\/product_tag?post=53807"}],"curies":[{"name":"wp","href":"https:\/\/api.w.org\/{rel}","templated":true}]}}