{"id":53833,"date":"2022-07-26T11:04:09","date_gmt":"2022-07-26T09:04:09","guid":{"rendered":"https:\/\/galicianparts.com\/shop\/producto\/7613177-polea-superior-distribucion-fiat-panda-uno-lancia-autobianchi-y10-original\/"},"modified":"2025-12-23T19:47:20","modified_gmt":"2025-12-23T17:47:20","slug":"7613177-polea-superior-distribucion-fiat-panda-uno-lancia-autobianchi-y10-original","status":"publish","type":"product","link":"https:\/\/galicianparts.com\/shop\/producto\/7613177-polea-superior-distribucion-fiat-panda-uno-lancia-autobianchi-y10-original\/","title":{"rendered":"7613177 Polea superior distribuci\u00f3n Fiat Panda \/Uno \/Lancia \/Autobianchi Y10 ORIGINAL"},"content":{"rendered":"<p>Engranaje del \u00e1rbol de levas, pi\u00f1\u00f3n superior de la distribuci\u00f3n del motor de:<br \/>\nN\u00ba Dientes: 38.<br \/>\nDi\u00e1metro: 114 mm.<br \/>\nAncho: 24 mm.<br \/>\nFIAT &#8211; 1S PANDA 4X2 MAQ 91 (1991-2003) 750 ACT CARB \/ 750 ACT CARB.DAV. \/ 1000 CARB. \/ 1000 CARB.DAV.<br \/>\nFIAT &#8211; LV PANDA 4X2 RL\/86 (1985-1991) 1000 ACT \/ 1000 ACT DAV-15 \/ 1000 ACT B.N.O. (D)<br \/>\nFIAT &#8211; LV PANDA 4X2 RL\/86 (1985-1991) 1000 ACT USA&#8217;77 (CH)<br \/>\nFIAT &#8211; LV PANDA 4X2 RL\/86 (1985-1991) 750 ACT \/ 750 ACT DAV 15<br \/>\nFIAT &#8211; 2R PANDA 4X4 R\/86 (1985-1991) 1000 ACT CARB DAV 15<br \/>\nFIAT &#8211; 1D UNO MONDO (1995-2010) 1000 CARB. \/ INDIA<br \/>\nFIAT &#8211; MR UNO R\/89 (1989-1995) 1000 \/ 1000 DAV.<br \/>\nLANCIA &#8211; ZL Y10 FL.89 (1988-1992) 1000 \/ 1000 DAV.<br \/>\nAUTOBIANCHI &#8211; Y10<\/p>\n<p>LA PIEZA ES NUEVA Y ORIGINAL.<\/p>\n","protected":false},"excerpt":{"rendered":"<p>Engranaje del \u00e1rbol de levas, pi\u00f1\u00f3n superior de la distribuci\u00f3n del motor de: N\u00ba Dientes: 38. Di\u00e1metro: 114 mm. Ancho: 24 mm. FIAT &#8211; 1S PANDA 4X2 MAQ 91 (1991-2003) 750 ACT CARB \/ 750 ACT CARB.DAV. \/ 1000 CARB. \/ 1000 CARB.DAV. FIAT &#8211; LV PANDA 4X2 RL\/86 (1985-1991) 1000 ACT \/ 1000 ACT [&hellip;]<\/p>\n","protected":false},"featured_media":53837,"template":"","meta":{"_seopress_robots_primary_cat":"","_seopress_titles_title":"","_seopress_titles_desc":"","_seopress_robots_index":""},"product_cat":[25,20,21,99,114,126,64],"product_tag":[],"class_list":{"0":"post-53833","1":"product","2":"type-product","3":"status-publish","4":"has-post-thumbnail","6":"product_cat-recambios-autobianchi","7":"product_cat-recambios-fiat","8":"product_cat-recambios-lancia","9":"product_cat-recambios-fiat-panda","10":"product_cat-recambios-fiat-uno","11":"product_cat-recambios-lancia-y10","12":"product_cat-recambios-autobianchi-y10","14":"first","15":"outofstock","16":"taxable","17":"shipping-taxable","18":"purchasable","19":"product-type-simple"},"_links":{"self":[{"href":"https:\/\/galicianparts.com\/shop\/wp-json\/wp\/v2\/product\/53833"}],"collection":[{"href":"https:\/\/galicianparts.com\/shop\/wp-json\/wp\/v2\/product"}],"about":[{"href":"https:\/\/galicianparts.com\/shop\/wp-json\/wp\/v2\/types\/product"}],"wp:featuredmedia":[{"embeddable":true,"href":"https:\/\/galicianparts.com\/shop\/wp-json\/wp\/v2\/media\/53837"}],"wp:attachment":[{"href":"https:\/\/galicianparts.com\/shop\/wp-json\/wp\/v2\/media?parent=53833"}],"wp:term":[{"taxonomy":"product_cat","embeddable":true,"href":"https:\/\/galicianparts.com\/shop\/wp-json\/wp\/v2\/product_cat?post=53833"},{"taxonomy":"product_tag","embeddable":true,"href":"https:\/\/galicianparts.com\/shop\/wp-json\/wp\/v2\/product_tag?post=53833"}],"curies":[{"name":"wp","href":"https:\/\/api.w.org\/{rel}","templated":true}]}}