{"id":53984,"date":"2022-07-27T10:01:15","date_gmt":"2022-07-27T08:01:15","guid":{"rendered":"https:\/\/galicianparts.com\/shop\/producto\/46513969-deposito-refrigerante-lancia-lybra-1999-2005-nuevo-original\/"},"modified":"2022-10-10T12:39:55","modified_gmt":"2022-10-10T10:39:55","slug":"46513969-deposito-refrigerante-lancia-lybra-1999-2005-nuevo-original","status":"publish","type":"product","link":"https:\/\/galicianparts.com\/shop\/producto\/46513969-deposito-refrigerante-lancia-lybra-1999-2005-nuevo-original\/","title":{"rendered":"46513969 Dep\u00f3sito refrigerante Lancia Lybra (1999-2005) NUEVO ORIGINAL"},"content":{"rendered":"<p>Vaso de expansi\u00f3n, dep\u00f3sito de recuperaci\u00f3n del refrigerante de:<br \/>\nLANCIA &#8211; SX LYBRA BZ (1999-2005) 1580 16V CF2 \/ 1596 16V CF3<br \/>\nLANCIA &#8211; SX LYBRA BZ (1999-2005) 1.8 16V CF2 \/ 1.8 16V CF3 \/ 1.8 16V CF4<br \/>\nLANCIA &#8211; SX LYBRA BZ (1999-2005) 2.0 20V CF2 \/ 2.0 20V CF3 \/ 2.4 20V CF3<br \/>\nLANCIA &#8211; SY LYBRA DS (1999-2005)<\/p>\n<p>LA PIEZA ES ORIGINAL.<\/p>\n","protected":false},"excerpt":{"rendered":"<p>Vaso de expansi\u00f3n, dep\u00f3sito de recuperaci\u00f3n del refrigerante de: LANCIA &#8211; SX LYBRA BZ (1999-2005) 1580 16V CF2 \/ 1596 16V CF3 LANCIA &#8211; SX LYBRA BZ (1999-2005) 1.8 16V CF2 \/ 1.8 16V CF3 \/ 1.8 16V CF4 LANCIA &#8211; SX LYBRA BZ (1999-2005) 2.0 20V CF2 \/ 2.0 20V CF3 \/ 2.4 20V [&hellip;]<\/p>\n","protected":false},"featured_media":53985,"template":"","meta":{"_seopress_robots_primary_cat":"","_seopress_titles_title":"","_seopress_titles_desc":"","_seopress_robots_index":""},"product_cat":[21,120],"product_tag":[],"class_list":{"0":"post-53984","1":"product","2":"type-product","3":"status-publish","4":"has-post-thumbnail","6":"product_cat-recambios-lancia","7":"product_cat-recambios-lancia-lybra","9":"first","10":"outofstock","11":"taxable","12":"shipping-taxable","13":"purchasable","14":"product-type-simple"},"_links":{"self":[{"href":"https:\/\/galicianparts.com\/shop\/wp-json\/wp\/v2\/product\/53984"}],"collection":[{"href":"https:\/\/galicianparts.com\/shop\/wp-json\/wp\/v2\/product"}],"about":[{"href":"https:\/\/galicianparts.com\/shop\/wp-json\/wp\/v2\/types\/product"}],"wp:featuredmedia":[{"embeddable":true,"href":"https:\/\/galicianparts.com\/shop\/wp-json\/wp\/v2\/media\/53985"}],"wp:attachment":[{"href":"https:\/\/galicianparts.com\/shop\/wp-json\/wp\/v2\/media?parent=53984"}],"wp:term":[{"taxonomy":"product_cat","embeddable":true,"href":"https:\/\/galicianparts.com\/shop\/wp-json\/wp\/v2\/product_cat?post=53984"},{"taxonomy":"product_tag","embeddable":true,"href":"https:\/\/galicianparts.com\/shop\/wp-json\/wp\/v2\/product_tag?post=53984"}],"curies":[{"name":"wp","href":"https:\/\/api.w.org\/{rel}","templated":true}]}}