{"id":54094,"date":"2022-07-27T14:32:38","date_gmt":"2022-07-27T12:32:38","guid":{"rendered":"https:\/\/galicianparts.com\/shop\/producto\/5414362-filtro-gasoil-fiat-242-citroen-c35-visa-cx-peugeot-204-305-j7-purflux-c112\/"},"modified":"2022-08-08T12:12:10","modified_gmt":"2022-08-08T10:12:10","slug":"5414362-filtro-gasoil-fiat-242-citroen-c35-visa-cx-peugeot-204-305-j7-purflux-c112","status":"publish","type":"product","link":"https:\/\/galicianparts.com\/shop\/producto\/5414362-filtro-gasoil-fiat-242-citroen-c35-visa-cx-peugeot-204-305-j7-purflux-c112\/","title":{"rendered":"5414362 Filtro gasoil Fiat 242 \/ Citroen C35 \/Visa \/CX \/Peugeot 204 \/305 \/J7 PURFLUX C112"},"content":{"rendered":"<p>Filtro de combustible PURFLUX C112 de:<br \/>\nDi\u00e1metro exterior: 65mm<br \/>\nDi\u00e1metro interior: 14mm<br \/>\nAltura: 52mm<\/p>\n<p>FIAT 242-Serie<br \/>\n2.5 D, A\u00f1o 08.1980 &#8211; 07.1982, 2498 , 71<\/p>\n<p>CITRO\u00cbN CX I<br \/>\n2.2 D, A\u00f1o 10.1975 &#8211; 02.1979, 2175 , 67<br \/>\n2.5 D Turbo, A\u00f1o 04.1983 &#8211; 08.1985, 2500 , 95<br \/>\n2.5 D, A\u00f1o 02.1978 &#8211; 06.1982, 2500 , 75<br \/>\nCITRO\u00cbN Visa Hatchback<br \/>\n17 D, A\u00f1o 04.1984 &#8211; 03.1991, 1769 , 60<br \/>\nCITRO\u00cbN C35<br \/>\n2.2 D, A\u00f1o 11.1973 &#8211; 01.1980, 2175 , 61<\/p>\n<p>PEUGEOT 204<br \/>\n1.2 D, A\u00f1o 05.1968 &#8211; 05.1973, 1255 , 39<br \/>\n1.3 D, A\u00f1o 01.1973 &#8211; 10.1977, 1357 , 45<br \/>\nPEUGEOT 305 I<br \/>\n1.5 Di\u00e9sel, A\u00f1o 11.1977 &#8211; 09.1982, 1548 , 49<br \/>\nPEUGEOT 305 II<br \/>\n1.8 D, A\u00f1o 11.1982 &#8211; 12.1988, 1769 , 60<br \/>\n1.9 D, A\u00f1o 10.1982 &#8211; 07.1988, 1905 , 64<br \/>\n1.9 D, A\u00f1o 10.1982 &#8211; 07.1988, 1905 , 65<br \/>\nPEUGEOT 504<br \/>\n2.1 D, A\u00f1o 09.1979 &#8211; 08.1982, 2112 , 58<br \/>\n2.1 D, A\u00f1o 09.1979 &#8211; 08.1982, 2112 , 67<br \/>\n2.1 D, A\u00f1o 02.1971 &#8211; 07.1986, 2112 , 65<br \/>\n2.3 D, A\u00f1o 07.1975 &#8211; 12.1983, 2304 , 69<br \/>\nPEUGEOT 505<br \/>\n2.3 D, A\u00f1o 05.1979 &#8211; 09.1984, 2304 , 69<br \/>\n2.3 Turbodi\u00e9sel, A\u00f1o 09.1980 &#8211; 06.1986, 2304 , 80<br \/>\n2.5 Di\u00e9sel, A\u00f1o 10.1981 &#8211; 11.1990, 2498 , 69<br \/>\n2.5 Di\u00e9sel, A\u00f1o 06.1981 &#8211; 12.1993, 2498 , 75<br \/>\n2.5 Turbodi\u00e9sel, A\u00f1o 10.1983 &#8211; 12.1993, 2498 , 90<br \/>\n2.5 Turbodi\u00e9sel, A\u00f1o 10.1983 &#8211; 12.1990, 2498 , 95<br \/>\n2.5 Turbodi\u00e9sel, A\u00f1o 10.1986 &#8211; 12.1993, 2498 , 105<br \/>\nPEUGEOT 604<br \/>\n2.3 TD, A\u00f1o 09.1979 &#8211; 05.1983, 2304 , 80<br \/>\n2.5 TD, A\u00f1o 08.1983 &#8211; 12.1986, 2498 , 90<br \/>\nPEUGEOT J7<br \/>\n1.9 D, A\u00f1o 08.1968 &#8211; 07.1978, 1948 , 55<br \/>\n2.1 D, A\u00f1o 08.1968 &#8211; 07.1977, 2112 , 57<br \/>\nPEUGEOT 304<br \/>\n1.4 D, A\u00f1o 10.1976 &#8211; 10.1979, 1357 , 45<\/p>\n<p>LA PIEZA ES NUEVA Y ORIGINA PURFLUX<\/p>\n","protected":false},"excerpt":{"rendered":"<p>Filtro de combustible PURFLUX C112 de: Di\u00e1metro exterior: 65mm Di\u00e1metro interior: 14mm Altura: 52mm FIAT 242-Serie 2.5 D, A\u00f1o 08.1980 &#8211; 07.1982, 2498 , 71 CITRO\u00cbN CX I 2.2 D, A\u00f1o 10.1975 &#8211; 02.1979, 2175 , 67 2.5 D Turbo, A\u00f1o 04.1983 &#8211; 08.1985, 2500 , 95 2.5 D, A\u00f1o 02.1978 &#8211; 06.1982, 2500 , [&hellip;]<\/p>\n","protected":false},"featured_media":54095,"template":"","meta":{"_seopress_robots_primary_cat":"","_seopress_titles_title":"","_seopress_titles_desc":"","_seopress_robots_index":""},"product_cat":[347,73,262,194,195,153,349,133,23,136,20,196,24,140],"product_tag":[],"class_list":{"0":"post-54094","1":"product","2":"type-product","3":"status-publish","4":"has-post-thumbnail","6":"product_cat-recambios-peugeot-204","7":"product_cat-recambios-fiat-242","8":"product_cat-recambios-peugeot-304","9":"product_cat-recambios-peugeot-305","10":"product_cat-recambios-peugeot-504","11":"product_cat-recambios-peugeot-505","12":"product_cat-recambios-peugeot-604","13":"product_cat-recambios-citroen-c35","14":"product_cat-recambios-citroen","15":"product_cat-recambios-citroen-cx","16":"product_cat-recambios-fiat","17":"product_cat-recambios-peugeot-j7","18":"product_cat-recambios-peugeot","19":"product_cat-recambios-citroen-visa","21":"first","22":"instock","23":"taxable","24":"shipping-taxable","25":"purchasable","26":"product-type-simple"},"_links":{"self":[{"href":"https:\/\/galicianparts.com\/shop\/wp-json\/wp\/v2\/product\/54094"}],"collection":[{"href":"https:\/\/galicianparts.com\/shop\/wp-json\/wp\/v2\/product"}],"about":[{"href":"https:\/\/galicianparts.com\/shop\/wp-json\/wp\/v2\/types\/product"}],"wp:featuredmedia":[{"embeddable":true,"href":"https:\/\/galicianparts.com\/shop\/wp-json\/wp\/v2\/media\/54095"}],"wp:attachment":[{"href":"https:\/\/galicianparts.com\/shop\/wp-json\/wp\/v2\/media?parent=54094"}],"wp:term":[{"taxonomy":"product_cat","embeddable":true,"href":"https:\/\/galicianparts.com\/shop\/wp-json\/wp\/v2\/product_cat?post=54094"},{"taxonomy":"product_tag","embeddable":true,"href":"https:\/\/galicianparts.com\/shop\/wp-json\/wp\/v2\/product_tag?post=54094"}],"curies":[{"name":"wp","href":"https:\/\/api.w.org\/{rel}","templated":true}]}}