{"id":54125,"date":"2022-07-27T17:40:30","date_gmt":"2022-07-27T15:40:30","guid":{"rendered":"https:\/\/galicianparts.com\/shop\/producto\/735529385-guarnecido-interior-espejo-izq-lancia-ypsilon-2011-nuevo-original\/"},"modified":"2022-11-29T10:45:32","modified_gmt":"2022-11-29T08:45:32","slug":"735529385-guarnecido-interior-espejo-izq-lancia-ypsilon-2011-nuevo-original","status":"publish","type":"product","link":"https:\/\/galicianparts.com\/shop\/producto\/735529385-guarnecido-interior-espejo-izq-lancia-ypsilon-2011-nuevo-original\/","title":{"rendered":"735529385 Guarnecido interior espejo izq. Lancia Ypsilon (2011-&#8230;) NUEVO ORIGINAL"},"content":{"rendered":"<p>Embellecedor color negro, tapizado interior del espejo retrovisor el\u00e9ctrico izquierdo de:<br \/>\nLANCIA &#8211; TK NEW YPSILON (2011-&#8230;.)  ESPEJOS RETROVISORES EXTERIORES CON MANDO EL\u00c9CTRICO Y DESEMPA\u00d1AMIENTO<\/p>\n<p>LA PIEZA ES NUEVA Y ORIGINAL.<\/p>\n","protected":false},"excerpt":{"rendered":"<p>Embellecedor color negro, tapizado interior del espejo retrovisor el\u00e9ctrico izquierdo de: LANCIA &#8211; TK NEW YPSILON (2011-&#8230;.) ESPEJOS RETROVISORES EXTERIORES CON MANDO EL\u00c9CTRICO Y DESEMPA\u00d1AMIENTO LA PIEZA ES NUEVA Y ORIGINAL.<\/p>\n","protected":false},"featured_media":54126,"template":"","meta":{"_seopress_robots_primary_cat":"","_seopress_titles_title":"","_seopress_titles_desc":"","_seopress_robots_index":""},"product_cat":[21,127],"product_tag":[],"class_list":{"0":"post-54125","1":"product","2":"type-product","3":"status-publish","4":"has-post-thumbnail","6":"product_cat-recambios-lancia","7":"product_cat-recambios-lancia-ypsilon","9":"first","10":"instock","11":"taxable","12":"shipping-taxable","13":"purchasable","14":"product-type-simple"},"_links":{"self":[{"href":"https:\/\/galicianparts.com\/shop\/wp-json\/wp\/v2\/product\/54125"}],"collection":[{"href":"https:\/\/galicianparts.com\/shop\/wp-json\/wp\/v2\/product"}],"about":[{"href":"https:\/\/galicianparts.com\/shop\/wp-json\/wp\/v2\/types\/product"}],"wp:featuredmedia":[{"embeddable":true,"href":"https:\/\/galicianparts.com\/shop\/wp-json\/wp\/v2\/media\/54126"}],"wp:attachment":[{"href":"https:\/\/galicianparts.com\/shop\/wp-json\/wp\/v2\/media?parent=54125"}],"wp:term":[{"taxonomy":"product_cat","embeddable":true,"href":"https:\/\/galicianparts.com\/shop\/wp-json\/wp\/v2\/product_cat?post=54125"},{"taxonomy":"product_tag","embeddable":true,"href":"https:\/\/galicianparts.com\/shop\/wp-json\/wp\/v2\/product_tag?post=54125"}],"curies":[{"name":"wp","href":"https:\/\/api.w.org\/{rel}","templated":true}]}}