{"id":54199,"date":"2022-07-28T09:18:33","date_gmt":"2022-07-28T07:18:33","guid":{"rendered":"https:\/\/galicianparts.com\/shop\/producto\/71712149-correa-auxiliar-lancia-delta-ii-dedra-fiat-ducato-94-02-citroen-saxo-vts-original\/"},"modified":"2022-07-28T09:20:43","modified_gmt":"2022-07-28T07:20:43","slug":"71712149-correa-auxiliar-lancia-delta-ii-dedra-fiat-ducato-94-02-citroen-saxo-vts-original","status":"publish","type":"product","link":"https:\/\/galicianparts.com\/shop\/producto\/71712149-correa-auxiliar-lancia-delta-ii-dedra-fiat-ducato-94-02-citroen-saxo-vts-original\/","title":{"rendered":"71712149 Correa auxiliar Lancia Delta II \/Dedra \/Fiat Ducato (94-02) Citro\u00ebn Saxo VTS ORIGINAL"},"content":{"rendered":"<p>Correa de instrumentos de:<br \/>\nLongitud: 1050 mm.<br \/>\nAncho: 17,8 mm.<\/p>\n<p>ALFA ROMEO 155 (167)<br \/>\n2.0 16V Turbo Q4, A\u00f1o 01.1992 &#8211; 12.1997, 1995 , 186<br \/>\n2.0 16V Turbo Q4 (167.A2B, 167.A2C, 167.A2E), A\u00f1o 01.1992 &#8211; 12.1997, 1995 , 190<\/p>\n<p>CITRO\u00cbN Saxo Hatchback<br \/>\n1.6, A\u00f1o 02.1996 &#8211; 04.2004, 1587 , 120<br \/>\n1.6 VTS, A\u00f1o 06.1996 &#8211; 09.2003, 1587 , 118<\/p>\n<p>FIAT Ducato II (230L)<br \/>\n1.9 D, A\u00f1o 03.1994 &#8211; 04.2002, 1929 , 69<br \/>\n1.9 TD, A\u00f1o 03.1994 &#8211; 04.2002, 1929 , 82<br \/>\n1.9 TD CAT, A\u00f1o 08.1994 &#8211; 04.2002, 1929 , 80<br \/>\n2.5 TD, A\u00f1o 06.1994 &#8211; 08.1998, 2499 , 109<br \/>\n2.5 TD 4&#215;4, A\u00f1o 11.1994 &#8211; 04.1998, 2499 , 109<br \/>\n2.5 TD 4&#215;4, A\u00f1o 11.1994 &#8211; 04.1998, 2499 , 116<br \/>\n2.5 TDI, A\u00f1o 03.1994 &#8211; 04.2002, 2500 , 109<br \/>\n2.5 TDI, A\u00f1o 03.1994 &#8211; 04.2002, 2500 , 116<br \/>\n2.5 TDI 4&#215;4, A\u00f1o 05.1998 &#8211; 04.2002, 2500 , 116<br \/>\n2.8 D, A\u00f1o 05.1998 &#8211; 04.2002, 2800 , 87<br \/>\n2.8 D 4&#215;4, A\u00f1o 08.1998 &#8211; 04.2002, 2800 , 87<br \/>\n2.8 TD 4&#215;4, A\u00f1o 05.1998 &#8211; 09.2001, 2799 , 122<br \/>\n2.8 TDI, A\u00f1o 10.1997 &#8211; 04.2002, 2800 , 122<br \/>\n2.8 TDI 4&#215;4, A\u00f1o 06.1999 &#8211; 04.2002, 2800 , 122<br \/>\nFIAT Tempra Berlina (159)<br \/>\n1.8 i.e., A\u00f1o 03.1992 &#8211; 08.1996, 1756 , 105<br \/>\n1.8 i.e., A\u00f1o 09.1993 &#8211; 08.1996, 1756 , 103<br \/>\n1.8 i.e., A\u00f1o 10.1994 &#8211; 08.1996, 1756 , 101<br \/>\n2.0, A\u00f1o 05.1994 &#8211; 12.1998, 1995 , 110<br \/>\n2.0 i.e., A\u00f1o 10.1990 &#8211; 08.1996, 1995 , 113<br \/>\nFIAT Tempra S.W. (159)<br \/>\n1.8 i.e., A\u00f1o 09.1993 &#8211; 08.1996, 1756 , 90<br \/>\n1.8 i.e., A\u00f1o 10.1994 &#8211; 08.1996, 1756 , 101<br \/>\n2.0 i.e., A\u00f1o 01.1991 &#8211; 03.1995, 1995 , 113<br \/>\n2.0 i.e. 4&#215;4, A\u00f1o 03.1992 &#8211; 03.1995, 1995 , 113<br \/>\nFIAT Tipo Hatchback (160)<br \/>\n1.8 i.e., A\u00f1o 10.1990 &#8211; 06.1993, 1756 , 105<br \/>\n1.8 i.e., A\u00f1o 04.1993 &#8211; 04.1995, 1756 , 103<br \/>\n1.8 i.e., A\u00f1o 10.1994 &#8211; 10.1995, 1756 , 101<br \/>\n2.0, A\u00f1o 10.1990 &#8211; 10.1992, 1995 , 116<br \/>\n2.0 16V, A\u00f1o 07.1991 &#8211; 04.1995, 1995 , 146<br \/>\n2.0 i.e., A\u00f1o 03.1990 &#8211; 04.1995, 1995 , 113<br \/>\n2.0 i.e. 16V Sport, A\u00f1o 03.1993 &#8211; 04.1995, 1995 , 139<br \/>\nFIAT Coupe (175)<br \/>\n2.0 16V, A\u00f1o 11.1993 &#8211; 08.1996, 1995 , 139<br \/>\n2.0 16V Turbo, A\u00f1o 11.1993 &#8211; 08.1996, 1995 , 190<\/p>\n<p>LANCIA Dedra Berlina (835)<br \/>\n1.8 i.e., A\u00f1o 09.1989 &#8211; 06.1994, 1756 , 109<br \/>\n1.8 i.e., A\u00f1o 08.1993 &#8211; 07.1999, 1756 , 90<br \/>\n1.8 i.e., A\u00f1o 09.1989 &#8211; 07.1999, 1756 , 105<br \/>\n1.8 i.e., A\u00f1o 07.1994 &#8211; 07.1999, 1756 , 101<br \/>\n2.0 16V, A\u00f1o 07.1994 &#8211; 07.1999, 1995 , 139<br \/>\n2.0 HF Integrale, A\u00f1o 11.1990 &#8211; 07.1994, 1995 , 169<br \/>\n2.0 i.e., A\u00f1o 09.1989 &#8211; 07.1992, 1995 , 117<br \/>\n2.0 i.e., A\u00f1o 09.1989 &#8211; 07.1999, 1995 , 113<br \/>\n2.0 i.e. Turbo, A\u00f1o 04.1991 &#8211; 07.1999, 1995 , 162<br \/>\n2.0 i.e. Turbo Integrale, A\u00f1o 05.1990 &#8211; 07.1994, 1995 , 165<br \/>\n2.0 Turbo, A\u00f1o 11.1990 &#8211; 06.1994, 1995 , 177<br \/>\nLANCIA Delta II (836)<br \/>\n1.8 i.e., A\u00f1o 06.1993 &#8211; 08.1999, 1756 , 103<br \/>\n1.8 i.e., A\u00f1o 07.1994 &#8211; 08.1999, 1756 , 90<br \/>\n2.0 16V, A\u00f1o 06.1993 &#8211; 08.1999, 1995 , 139<br \/>\n2.0 16V Turbo, A\u00f1o 06.1993 &#8211; 08.1999, 1995 , 186<br \/>\n2.0 16V Turbo, A\u00f1o 07.1996 &#8211; 08.1999, 1995 , 193<\/p>\n<p>PEUGEOT 106 II Hatchback (1A, 1C)<br \/>\n1.6 i, A\u00f1o 05.1996 &#8211; 01.2001, 1587 , 101<br \/>\n1.6 S16, A\u00f1o 05.1996 &#8211; 07.2004, 1587 , 118<br \/>\n1.6 S16, A\u00f1o 04.1998 &#8211; 09.2001, 1587 , 120<\/p>\n<p>LA PIEZA ES NUEVA Y ORIGINAL.<\/p>\n","protected":false},"excerpt":{"rendered":"<p>Correa de instrumentos de: Longitud: 1050 mm. Ancho: 17,8 mm. ALFA ROMEO 155 (167) 2.0 16V Turbo Q4, A\u00f1o 01.1992 &#8211; 12.1997, 1995 , 186 2.0 16V Turbo Q4 (167.A2B, 167.A2C, 167.A2E), A\u00f1o 01.1992 &#8211; 12.1997, 1995 , 190 CITRO\u00cbN Saxo Hatchback 1.6, A\u00f1o 02.1996 &#8211; 04.2004, 1587 , 120 1.6 VTS, A\u00f1o 06.1996 &#8211; [&hellip;]<\/p>\n","protected":false},"featured_media":54202,"template":"","meta":{"_seopress_robots_primary_cat":"","_seopress_titles_title":"","_seopress_titles_desc":"","_seopress_robots_index":""},"product_cat":[145,48,16,23,85,117,118,88,20,21,24,200,111,112],"product_tag":[],"class_list":{"0":"post-54199","1":"product","2":"type-product","3":"status-publish","4":"has-post-thumbnail","6":"product_cat-recambios-peugeot-106","7":"product_cat-recambios-alfa-romeo-155","8":"product_cat-recambios-alfa-romeo","9":"product_cat-recambios-citroen","10":"product_cat-recambios-fiat-coupe","11":"product_cat-recambios-lancia-dedra","12":"product_cat-recambios-lancia-delta","13":"product_cat-recambios-fiat-ducato","14":"product_cat-recambios-fiat","15":"product_cat-recambios-lancia","16":"product_cat-recambios-peugeot","17":"product_cat-recambios-citroen-saxo","18":"product_cat-recambios-fiat-tempra","19":"product_cat-recambios-fiat-tipo","21":"first","22":"instock","23":"taxable","24":"shipping-taxable","25":"purchasable","26":"product-type-simple"},"_links":{"self":[{"href":"https:\/\/galicianparts.com\/shop\/wp-json\/wp\/v2\/product\/54199"}],"collection":[{"href":"https:\/\/galicianparts.com\/shop\/wp-json\/wp\/v2\/product"}],"about":[{"href":"https:\/\/galicianparts.com\/shop\/wp-json\/wp\/v2\/types\/product"}],"wp:featuredmedia":[{"embeddable":true,"href":"https:\/\/galicianparts.com\/shop\/wp-json\/wp\/v2\/media\/54202"}],"wp:attachment":[{"href":"https:\/\/galicianparts.com\/shop\/wp-json\/wp\/v2\/media?parent=54199"}],"wp:term":[{"taxonomy":"product_cat","embeddable":true,"href":"https:\/\/galicianparts.com\/shop\/wp-json\/wp\/v2\/product_cat?post=54199"},{"taxonomy":"product_tag","embeddable":true,"href":"https:\/\/galicianparts.com\/shop\/wp-json\/wp\/v2\/product_tag?post=54199"}],"curies":[{"name":"wp","href":"https:\/\/api.w.org\/{rel}","templated":true}]}}