{"id":54225,"date":"2022-07-28T10:30:22","date_gmt":"2022-07-28T08:30:22","guid":{"rendered":"https:\/\/galicianparts.com\/shop\/producto\/71736975-latiguillo-pinza-freno-delantera-fiat-ducato-94-02-citroen-jumper-peugeot-boxer-original\/"},"modified":"2022-11-16T14:14:07","modified_gmt":"2022-11-16T12:14:07","slug":"71736975-latiguillo-pinza-freno-delantera-fiat-ducato-94-02-citroen-jumper-peugeot-boxer-original","status":"publish","type":"product","link":"https:\/\/galicianparts.com\/shop\/producto\/71736975-latiguillo-pinza-freno-delantera-fiat-ducato-94-02-citroen-jumper-peugeot-boxer-original\/","title":{"rendered":"71736975 Latiguillo pinza freno delantera Fiat Ducato (94-02) Citro\u00ebn Jumper \/Peugeot Boxer ORIGINAL"},"content":{"rendered":"<p>Tubo de freno de la pinza de freno de las ruedas delanteras de:<br \/>\nLargo: 490<br \/>\nRosca 1: M 10X1<br \/>\nRosca 2: F 10X1<\/p>\n<p>CITRO\u00cbN Jumper I Bus (230) (A\u00f1o 02.1994 &#8211; 04.2002)<br \/>\nCITRO\u00cbN Jumper I Furg\u00f3n (230) (A\u00f1o 02.1994 &#8211; 04.2002)<br \/>\nCITRO\u00cbN Jumper I Cami\u00f3n de plataforma\/Chasis (230) (A\u00f1o 03.1994 &#8211; 04.2002)<\/p>\n<p>FIAT Ducato II Furg\u00f3n (230L) (A\u00f1o 03.1994 &#8211; 05.2005)<br \/>\nFIAT Ducato II Bus (230) (A\u00f1o 03.1994 &#8211; 04.2002)<br \/>\nFIAT Ducato II Cami\u00f3n de plataforma\/Chasis (230) (A\u00f1o 03.1994 &#8211; 04.2002)<\/p>\n<p>PEUGEOT Boxer Bus (230) (A\u00f1o 03.1994 &#8211; 04.2002)<br \/>\nPEUGEOT Boxer Furg\u00f3n (230) (A\u00f1o 03.1994 &#8211; 06.2003)<br \/>\nPEUGEOT Boxer Cami\u00f3n de plataforma\/Chasis (230) (A\u00f1o 03.1994 &#8211; 04.2002)<\/p>\n<p>LA PIEZA ES NUEVA Y ORIGINAL.<\/p>\n","protected":false},"excerpt":{"rendered":"<p>Tubo de freno de la pinza de freno de las ruedas delanteras de: Largo: 490 Rosca 1: M 10X1 Rosca 2: F 10X1 CITRO\u00cbN Jumper I Bus (230) (A\u00f1o 02.1994 &#8211; 04.2002) CITRO\u00cbN Jumper I Furg\u00f3n (230) (A\u00f1o 02.1994 &#8211; 04.2002) CITRO\u00cbN Jumper I Cami\u00f3n de plataforma\/Chasis (230) (A\u00f1o 03.1994 &#8211; 04.2002) FIAT Ducato II [&hellip;]<\/p>\n","protected":false},"featured_media":54229,"template":"","meta":{"_seopress_robots_primary_cat":"","_seopress_titles_title":"","_seopress_titles_desc":"","_seopress_robots_index":""},"product_cat":[155,23,88,20,137,24],"product_tag":[],"class_list":{"0":"post-54225","1":"product","2":"type-product","3":"status-publish","4":"has-post-thumbnail","6":"product_cat-recambios-peugeot-boxer","7":"product_cat-recambios-citroen","8":"product_cat-recambios-fiat-ducato","9":"product_cat-recambios-fiat","10":"product_cat-recambios-citroen-jumper","11":"product_cat-recambios-peugeot","13":"first","14":"instock","15":"taxable","16":"shipping-taxable","17":"purchasable","18":"product-type-simple"},"_links":{"self":[{"href":"https:\/\/galicianparts.com\/shop\/wp-json\/wp\/v2\/product\/54225"}],"collection":[{"href":"https:\/\/galicianparts.com\/shop\/wp-json\/wp\/v2\/product"}],"about":[{"href":"https:\/\/galicianparts.com\/shop\/wp-json\/wp\/v2\/types\/product"}],"wp:featuredmedia":[{"embeddable":true,"href":"https:\/\/galicianparts.com\/shop\/wp-json\/wp\/v2\/media\/54229"}],"wp:attachment":[{"href":"https:\/\/galicianparts.com\/shop\/wp-json\/wp\/v2\/media?parent=54225"}],"wp:term":[{"taxonomy":"product_cat","embeddable":true,"href":"https:\/\/galicianparts.com\/shop\/wp-json\/wp\/v2\/product_cat?post=54225"},{"taxonomy":"product_tag","embeddable":true,"href":"https:\/\/galicianparts.com\/shop\/wp-json\/wp\/v2\/product_tag?post=54225"}],"curies":[{"name":"wp","href":"https:\/\/api.w.org\/{rel}","templated":true}]}}