{"id":54318,"date":"2022-07-28T16:52:49","date_gmt":"2022-07-28T14:52:49","guid":{"rendered":"https:\/\/galicianparts.com\/shop\/producto\/5888150-kit-pastillas-freno-delantero-seat-fura-marbella-lancia-delta-i-prisma-original\/"},"modified":"2022-09-21T18:06:56","modified_gmt":"2022-09-21T16:06:56","slug":"5888150-kit-pastillas-freno-delantero-seat-fura-marbella-lancia-delta-i-prisma-original","status":"publish","type":"product","link":"https:\/\/galicianparts.com\/shop\/producto\/5888150-kit-pastillas-freno-delantero-seat-fura-marbella-lancia-delta-i-prisma-original\/","title":{"rendered":"5888150 Kit pastillas freno delantero Seat Fura \/Marbella \/Lancia Delta I \/Prisma ORIGINAL"},"content":{"rendered":"<p>9941718 Juego, set de pastillas de freno delanteras de:<\/p>\n<p>LANCIA Delta I (831)<br \/>\n1.3, A\u00f1o 09.1983 &#8211; 08.1992, 1301 , 79<br \/>\n1.3, A\u00f1o 09.1979 &#8211; 08.1992, 1301 , 75<br \/>\n1.5, A\u00f1o 09.1979 &#8211; 12.1992, 1498 , 86<br \/>\nLANCIA Prisma (831)<br \/>\n1.3, A\u00f1o 01.1983 &#8211; 12.1989, 1301 , 79<br \/>\n1.5, A\u00f1o 09.1985 &#8211; 02.1992, 1498 , 75<br \/>\n1.5, A\u00f1o 08.1986 &#8211; 02.1992, 1498 , 80<br \/>\n1.5, A\u00f1o 01.1983 &#8211; 04.1986, 1498 , 86<\/p>\n<p>SEAT Malaga (023A)<br \/>\n1.2, A\u00f1o 05.1985 &#8211; 12.1993, 1193 , 60<br \/>\n1.2, A\u00f1o 11.1984 &#8211; 12.1993, 1193 , 64<br \/>\n1.2 i, A\u00f1o 12.1989 &#8211; 12.1993, 1193 , 71<br \/>\n1.5, A\u00f1o 05.1985 &#8211; 12.1993, 1461 , 85<br \/>\n1.5 i, A\u00f1o 01.1987 &#8211; 12.1993, 1461 , 100<br \/>\n1.5 i CAT, A\u00f1o 10.1986 &#8211; 12.1993, 1461 , 90<br \/>\n1.7 D, A\u00f1o 05.1985 &#8211; 12.1993, 1714 , 54<br \/>\n1.7 D, A\u00f1o 05.1990 &#8211; 12.1993, 1714 , 57<br \/>\nSEAT Marbella (28)<br \/>\n0.8, A\u00f1o 08.1986 &#8211; 12.1993, 843 , 34<br \/>\n0.9, A\u00f1o 01.1987 &#8211; 12.1993, 903 , 40<br \/>\n0.9 CAT, A\u00f1o 01.1990 &#8211; 11.1996, 903 , 40<br \/>\nSEAT Terra (24)<br \/>\n0.9, A\u00f1o 02.1987 &#8211; 12.1996, 903 , 40<br \/>\n0.9 CAT, A\u00f1o 02.1992 &#8211; 12.1994, 903 , 40<br \/>\n1.3 D, A\u00f1o 03.1990 &#8211; 12.1994, 1272 , 45<br \/>\n1.4 D, A\u00f1o 10.1990 &#8211; 12.1995, 1398 , 48<br \/>\nSEAT Fura (025A)<\/p>\n<p>LA PIEZA ES NUEVA Y ORIGINAL.<\/p>\n","protected":false},"excerpt":{"rendered":"<p>9941718 Juego, set de pastillas de freno delanteras de: LANCIA Delta I (831) 1.3, A\u00f1o 09.1983 &#8211; 08.1992, 1301 , 79 1.3, A\u00f1o 09.1979 &#8211; 08.1992, 1301 , 75 1.5, A\u00f1o 09.1979 &#8211; 12.1992, 1498 , 86 LANCIA Prisma (831) 1.3, A\u00f1o 01.1983 &#8211; 12.1989, 1301 , 79 1.5, A\u00f1o 09.1985 &#8211; 02.1992, 1498 , [&hellip;]<\/p>\n","protected":false},"featured_media":54319,"template":"","meta":{"_seopress_robots_primary_cat":"","_seopress_titles_title":"","_seopress_titles_desc":"","_seopress_robots_index":""},"product_cat":[118,208,21,164,207,123,26,233],"product_tag":[],"class_list":{"0":"post-54318","1":"product","2":"type-product","3":"status-publish","4":"has-post-thumbnail","6":"product_cat-recambios-lancia-delta","7":"product_cat-recambios-seat-fura","8":"product_cat-recambios-lancia","9":"product_cat-recambios-seat-malaga","10":"product_cat-recambios-seat-marbella","11":"product_cat-recambios-lancia-prisma","12":"product_cat-recambios-seat","13":"product_cat-recambios-seat-terra","15":"first","16":"instock","17":"taxable","18":"shipping-taxable","19":"purchasable","20":"product-type-simple"},"_links":{"self":[{"href":"https:\/\/galicianparts.com\/shop\/wp-json\/wp\/v2\/product\/54318"}],"collection":[{"href":"https:\/\/galicianparts.com\/shop\/wp-json\/wp\/v2\/product"}],"about":[{"href":"https:\/\/galicianparts.com\/shop\/wp-json\/wp\/v2\/types\/product"}],"wp:featuredmedia":[{"embeddable":true,"href":"https:\/\/galicianparts.com\/shop\/wp-json\/wp\/v2\/media\/54319"}],"wp:attachment":[{"href":"https:\/\/galicianparts.com\/shop\/wp-json\/wp\/v2\/media?parent=54318"}],"wp:term":[{"taxonomy":"product_cat","embeddable":true,"href":"https:\/\/galicianparts.com\/shop\/wp-json\/wp\/v2\/product_cat?post=54318"},{"taxonomy":"product_tag","embeddable":true,"href":"https:\/\/galicianparts.com\/shop\/wp-json\/wp\/v2\/product_tag?post=54318"}],"curies":[{"name":"wp","href":"https:\/\/api.w.org\/{rel}","templated":true}]}}