{"id":54366,"date":"2022-07-28T18:54:32","date_gmt":"2022-07-28T16:54:32","guid":{"rendered":"https:\/\/galicianparts.com\/shop\/producto\/98455448-correa-auxiliar-lancia-thema-fiat-croma-peugeot-hyundai-kia-original\/"},"modified":"2022-07-28T18:55:31","modified_gmt":"2022-07-28T16:55:31","slug":"98455448-correa-auxiliar-lancia-thema-fiat-croma-peugeot-hyundai-kia-original","status":"publish","type":"product","link":"https:\/\/galicianparts.com\/shop\/producto\/98455448-correa-auxiliar-lancia-thema-fiat-croma-peugeot-hyundai-kia-original\/","title":{"rendered":"98455448 Correa auxiliar Lancia Thema \/Fiat Croma \/Peugeot \/Hyundai \/Kia ORIGINAL"},"content":{"rendered":"<p>Correa de instrumentos de:<br \/>\nLongitud: 890 mm.<br \/>\nAncho: 17,8 mm.<\/p>\n<p>FIAT Croma I Hatchback<br \/>\n2.5 TD, A\u00f1o 05.1989 &#8211; 08.1996, 2500 , 115<\/p>\n<p>LANCIA Thema (834)<br \/>\n2.5 Turbo DS, A\u00f1o 05.1992 &#8211; 07.1994, 2500 , 116<\/p>\n<p>PEUGEOT 306<br \/>\n1.1, A\u00f1o 05.1993 &#8211; 05.2001, 1124 , 60<br \/>\n1.4, A\u00f1o 05.1993 &#8211; 05.2001, 1360 , 75<br \/>\n1.6, A\u00f1o 05.1993 &#8211; 10.2000, 1587 , 89<br \/>\n1.6, A\u00f1o 07.2000 &#8211; 05.2001, 1587 , 90<br \/>\n1.6, A\u00f1o 10.2000 &#8211; 05.2001, 1587 , 98<br \/>\nPEUGEOT Partner I<br \/>\n1.1, A\u00f1o 06.1996 &#8211; 10.2002, 1124 , 60<br \/>\n1.4, A\u00f1o 06.1996 &#8211; 12.2015, 1360 , 75<br \/>\n1.6 16V, A\u00f1o 07.2001 &#8211; 03.2008, 1587 , 109<br \/>\n1.6 Flexfuel, A\u00f1o 09.2000 &#8211; 10.2002, 1587 , 109<\/p>\n<p>HYUNDAI i30 II Hatchback (GD)<br \/>\n1.4, A\u00f1o 12.2014 &#8211; 12.2016, 1368 , 101<br \/>\nHYUNDAI i20 II (GB, IB)<br \/>\n1.4, A\u00f1o 11.2014 &#8211; &#8230;, 1368 , 100<br \/>\nHYUNDAI i20 II Active (GB)<br \/>\n1.4, A\u00f1o 07.2018 &#8211; &#8230;, 1368 , 99<br \/>\n1.4, A\u00f1o 09.2015 &#8211; &#8230;, 1368 , 101<br \/>\nHYUNDAI i30 II Furg\u00f3n \/ Familiar (GDE, GD)<br \/>\n1.4 MPI, A\u00f1o 05.2015 &#8211; &#8230;, 1368 , 101<\/p>\n<p>KIA Picanto II (TA)<br \/>\n1.2, A\u00f1o 09.2011 &#8211; &#8230;, 1248 , 85<br \/>\n1.2, A\u00f1o 09.2011 &#8211; 02.2017, 1248 , 87<br \/>\n1.2, A\u00f1o 01.2013 &#8211; &#8230;, 1248 , 88<br \/>\nKIA Rio III (UB)<br \/>\n1.2, A\u00f1o 09.2011 &#8211; &#8230;, 1248 , 69<br \/>\n1.2 CVVT, A\u00f1o 11.2014 &#8211; &#8230;, 1248 , 84<br \/>\n1.25, A\u00f1o 11.2014 &#8211; &#8230;, 1248 , 87<br \/>\n1.25 CVVT, A\u00f1o 09.2011 &#8211; &#8230;, 1248 , 86<br \/>\n1.25 CVVT, A\u00f1o 09.2011 &#8211; &#8230;, 1248 , 88<br \/>\n1.25 LPG, A\u00f1o 09.2011 &#8211; &#8230;, 1248 , 86<br \/>\nKIA cee\u2018d II Hatchback (JD)<br \/>\n1.4 MPI, A\u00f1o 04.2015 &#8211; &#8230;, 1368 , 101<br \/>\nKIA Pro cee\u2018d II Hatchback (JD)<br \/>\n1.4 MPI, A\u00f1o 07.2013 &#8211; &#8230;, 1368 , 100<br \/>\n1.4 MPI, A\u00f1o 04.2015 &#8211; &#8230;, 1368 , 101<\/p>\n<p>LA PIEZA ES NUEVA Y ORIGINAL.<\/p>\n","protected":false},"excerpt":{"rendered":"<p>Correa de instrumentos de: Longitud: 890 mm. Ancho: 17,8 mm. FIAT Croma I Hatchback 2.5 TD, A\u00f1o 05.1989 &#8211; 08.1996, 2500 , 115 LANCIA Thema (834) 2.5 Turbo DS, A\u00f1o 05.1992 &#8211; 07.1994, 2500 , 116 PEUGEOT 306 1.1, A\u00f1o 05.1993 &#8211; 05.2001, 1124 , 60 1.4, A\u00f1o 05.1993 &#8211; 05.2001, 1360 , 75 1.6, [&hellip;]<\/p>\n","protected":false},"featured_media":54370,"template":"","meta":{"_seopress_robots_primary_cat":"","_seopress_titles_title":"","_seopress_titles_desc":"","_seopress_robots_index":""},"product_cat":[147,213,86,20,271,294,295,22,21,158,24,60,216,253,124],"product_tag":[],"class_list":{"0":"post-54366","1":"product","2":"type-product","3":"status-publish","4":"has-post-thumbnail","6":"product_cat-recambios-peugeot-306","7":"product_cat-recambios-kia-ceed","8":"product_cat-recambios-fiat-croma","9":"product_cat-recambios-fiat","10":"product_cat-recambios-hyundai","11":"product_cat-recambios-hyundai-i20","12":"product_cat-recambios-hyundai-i30","13":"product_cat-recambios-kia","14":"product_cat-recambios-lancia","15":"product_cat-recambios-peugeot-partner","16":"product_cat-recambios-peugeot","17":"product_cat-recambios-kia-picanto","18":"product_cat-recambios-kia-pro-ceed","19":"product_cat-recambios-kia-rio","20":"product_cat-recambios-lancia-thema","22":"first","23":"instock","24":"taxable","25":"shipping-taxable","26":"purchasable","27":"product-type-simple"},"_links":{"self":[{"href":"https:\/\/galicianparts.com\/shop\/wp-json\/wp\/v2\/product\/54366"}],"collection":[{"href":"https:\/\/galicianparts.com\/shop\/wp-json\/wp\/v2\/product"}],"about":[{"href":"https:\/\/galicianparts.com\/shop\/wp-json\/wp\/v2\/types\/product"}],"wp:featuredmedia":[{"embeddable":true,"href":"https:\/\/galicianparts.com\/shop\/wp-json\/wp\/v2\/media\/54370"}],"wp:attachment":[{"href":"https:\/\/galicianparts.com\/shop\/wp-json\/wp\/v2\/media?parent=54366"}],"wp:term":[{"taxonomy":"product_cat","embeddable":true,"href":"https:\/\/galicianparts.com\/shop\/wp-json\/wp\/v2\/product_cat?post=54366"},{"taxonomy":"product_tag","embeddable":true,"href":"https:\/\/galicianparts.com\/shop\/wp-json\/wp\/v2\/product_tag?post=54366"}],"curies":[{"name":"wp","href":"https:\/\/api.w.org\/{rel}","templated":true}]}}