{"id":54371,"date":"2022-07-28T19:05:32","date_gmt":"2022-07-28T17:05:32","guid":{"rendered":"https:\/\/galicianparts.com\/shop\/producto\/4452647-correa-distribucion-motor-1-0-fiat-uno-ritmo-seat-127-lancia-y10-original\/"},"modified":"2025-11-11T00:51:31","modified_gmt":"2025-11-10T22:51:31","slug":"4452647-correa-distribucion-motor-1-0-fiat-uno-ritmo-seat-127-lancia-y10-original","status":"publish","type":"product","link":"https:\/\/galicianparts.com\/shop\/producto\/4452647-correa-distribucion-motor-1-0-fiat-uno-ritmo-seat-127-lancia-y10-original\/","title":{"rendered":"4452647 Correa distribuci\u00f3n motor 1.0 Fiat Uno \/Ritmo \/Seat 127 \/Lancia Y10 ORIGINAL"},"content":{"rendered":"<p>71739899 Correa dentada del motor de:<br \/>\nDientes: 117.<br \/>\nAncho: 15 mm.<\/p>\n<p>FIAT Ritmo I Hatchback (138)<br \/>\n1.0 60, A\u00f1o 09.1978 &#8211; 09.1982, 1049 , 60<br \/>\nFIAT 127 (127)<br \/>\n1.0, A\u00f1o 04.1977 &#8211; 12.1986, 1049 , 50<br \/>\n1.0 Sport, A\u00f1o 07.1978 &#8211; 02.1982, 1049 , 70<br \/>\nFIAT Uno Hatchback (146)<br \/>\n1.0, A\u00f1o 06.1989 &#8211; 02.1992, 999 , 42<br \/>\nFIAT Fiorino (147)<br \/>\n1.0, A\u00f1o 06.1982 &#8211; 10.1987, 1036 , 50<br \/>\n1.0, A\u00f1o 12.1986 &#8211; 10.1989, 1036 , 56<\/p>\n<p>LANCIA Y10 (156)<br \/>\n1.0 Fire, A\u00f1o 03.1985 &#8211; 07.1989, 1049 , 56<\/p>\n<p>SEAT 127<br \/>\n1.0, A\u00f1o 04.1972 &#8211; 12.1982, 1010 , 52<\/p>\n<p>AUTOBIANCHI Y10 Hatchback<br \/>\n1.0, A\u00f1o 03.1985 &#8211; 10.1995, 1049 , 56<\/p>\n<p>LA PIEZA ES NUEVA Y ORIGINAL.<\/p>\n","protected":false},"excerpt":{"rendered":"<p>71739899 Correa dentada del motor de: Dientes: 117. Ancho: 15 mm. FIAT Ritmo I Hatchback (138) 1.0 60, A\u00f1o 09.1978 &#8211; 09.1982, 1049 , 60 FIAT 127 (127) 1.0, A\u00f1o 04.1977 &#8211; 12.1986, 1049 , 50 1.0 Sport, A\u00f1o 07.1978 &#8211; 02.1982, 1049 , 70 FIAT Uno Hatchback (146) 1.0, A\u00f1o 06.1989 &#8211; 02.1992, 999 [&hellip;]<\/p>\n","protected":false},"featured_media":54375,"template":"","meta":{"_seopress_robots_primary_cat":"","_seopress_titles_title":"","_seopress_titles_desc":"","_seopress_robots_index":""},"product_cat":[179,25,20,91,21,103,26,114,126,64],"product_tag":[],"class_list":{"0":"post-54371","1":"product","2":"type-product","3":"status-publish","4":"has-post-thumbnail","6":"product_cat-recambios-seat-127","7":"product_cat-recambios-autobianchi","8":"product_cat-recambios-fiat","9":"product_cat-recambios-fiat-fiorino","10":"product_cat-recambios-lancia","11":"product_cat-recambios-fiat-ritmo","12":"product_cat-recambios-seat","13":"product_cat-recambios-fiat-uno","14":"product_cat-recambios-lancia-y10","15":"product_cat-recambios-autobianchi-y10","17":"first","18":"instock","19":"taxable","20":"shipping-taxable","21":"purchasable","22":"product-type-simple"},"_links":{"self":[{"href":"https:\/\/galicianparts.com\/shop\/wp-json\/wp\/v2\/product\/54371"}],"collection":[{"href":"https:\/\/galicianparts.com\/shop\/wp-json\/wp\/v2\/product"}],"about":[{"href":"https:\/\/galicianparts.com\/shop\/wp-json\/wp\/v2\/types\/product"}],"wp:featuredmedia":[{"embeddable":true,"href":"https:\/\/galicianparts.com\/shop\/wp-json\/wp\/v2\/media\/54375"}],"wp:attachment":[{"href":"https:\/\/galicianparts.com\/shop\/wp-json\/wp\/v2\/media?parent=54371"}],"wp:term":[{"taxonomy":"product_cat","embeddable":true,"href":"https:\/\/galicianparts.com\/shop\/wp-json\/wp\/v2\/product_cat?post=54371"},{"taxonomy":"product_tag","embeddable":true,"href":"https:\/\/galicianparts.com\/shop\/wp-json\/wp\/v2\/product_tag?post=54371"}],"curies":[{"name":"wp","href":"https:\/\/api.w.org\/{rel}","templated":true}]}}