{"id":54377,"date":"2022-07-28T19:23:52","date_gmt":"2022-07-28T17:23:52","guid":{"rendered":"https:\/\/galicianparts.com\/shop\/producto\/7768335-correa-auxiliar-fiat-cinquecento-ritmo-lancia-delta-ii-dedra-peugeot-original\/"},"modified":"2022-07-28T19:25:39","modified_gmt":"2022-07-28T17:25:39","slug":"7768335-correa-auxiliar-fiat-cinquecento-ritmo-lancia-delta-ii-dedra-peugeot-original","status":"publish","type":"product","link":"https:\/\/galicianparts.com\/shop\/producto\/7768335-correa-auxiliar-fiat-cinquecento-ritmo-lancia-delta-ii-dedra-peugeot-original\/","title":{"rendered":"7768335 Correa auxiliar Fiat Cinquecento \/Ritmo \/Lancia Delta II \/Dedra \/Peugeot ORIGINAL"},"content":{"rendered":"<p>Correa de instrumentos de:<br \/>\nLongitud: 740 mm.<br \/>\nAncho: 10 mm.<\/p>\n<p>FIAT Cinquecento (170)<br \/>\n0.7, A\u00f1o 12.1991 &#8211; 01.1996, 704 , 31<br \/>\n0.7 i, A\u00f1o 07.1994 &#8211; 01.1998, 704 , 30<br \/>\nFIAT Regata Berlina (138)<br \/>\n1.9 Turbodi\u00e9sel 80, A\u00f1o 05.1986 &#8211; 07.1989, 1929 , 80<br \/>\nFIAT Ritmo I Hatchback (138)<br \/>\n1.9 Turbodi\u00e9sel 80, A\u00f1o 12.1985 &#8211; 12.1987, 1929 , 80<br \/>\nFIAT Croma I Hatchback (154)<br \/>\n1.9 TD i.d., A\u00f1o 11.1992 &#8211; 12.1996, 1929 , 94<br \/>\nFIAT Tempra (159)<br \/>\n1.4 i.e., A\u00f1o 04.1990 &#8211; 08.1996, 1372 , 69<br \/>\n1.6, A\u00f1o 04.1990 &#8211; 06.1993, 1581 , 69<br \/>\n1.6 (159.AD), A\u00f1o 03.1990 &#8211; 08.1996, 1581 , 86<br \/>\n1.6 i.e., A\u00f1o 06.1990 &#8211; 07.1992, 1581 , 78<br \/>\n1.6 i.e., A\u00f1o 06.1994 &#8211; 08.1996, 1581 , 87<br \/>\n1.6 i.e., A\u00f1o 06.1994 &#8211; 08.1996, 1581 , 90<br \/>\n1.6 i.e., A\u00f1o 06.1992 &#8211; 08.1996, 1581 , 75<br \/>\n1.9 D, A\u00f1o 07.1991 &#8211; 08.1996, 1929 , 65<br \/>\n1.9 TD, A\u00f1o 07.1992 &#8211; 08.1996, 1929 , 80<br \/>\n1.9 TD, A\u00f1o 05.1990 &#8211; 08.1996, 1929 , 90<br \/>\nFIAT Tipo Hatchback (160)<br \/>\n1.1, A\u00f1o 01.1988 &#8211; 10.1991, 1108 , 56<br \/>\n1.4, A\u00f1o 07.1987 &#8211; 12.1989, 1372 , 71<br \/>\n1.4 i.e., A\u00f1o 05.1989 &#8211; 04.1995, 1372 , 78<br \/>\n1.4 i.e., A\u00f1o 05.1989 &#8211; 04.1995, 1372 , 70<br \/>\n1.6, A\u00f1o 03.1988 &#8211; 10.1992, 1581 , 79<br \/>\n1.6, A\u00f1o 01.1988 &#8211; 10.1991, 1581 , 83<br \/>\n1.6 i.e., A\u00f1o 10.1992 &#8211; 04.1995, 1581 , 75<br \/>\n1.6 i.e., A\u00f1o 07.1990 &#8211; 01.1993, 1581 , 78<br \/>\n1.9 TD, A\u00f1o 03.1992 &#8211; 06.1993, 1929 , 80<br \/>\n1.9 TD, A\u00f1o 09.1990 &#8211; 04.1995, 1929 , 90<\/p>\n<p>LANCIA Dedra Berlina (835)<br \/>\n1.6 i.e., A\u00f1o 08.1989 &#8211; 06.1994, 1581 , 90<br \/>\n1.6 i.e., A\u00f1o 08.1989 &#8211; 03.1993, 1581 , 78<br \/>\n1.9 TDS, A\u00f1o 04.1989 &#8211; 07.1999, 1929 , 90<br \/>\nLANCIA Delta I (831)<br \/>\n1.9 Turbo DS, A\u00f1o 10.1986 &#8211; 12.1989, 1929 , 80<br \/>\nLANCIA Prisma (831)<br \/>\n1.9 Turbodi\u00e9sel, A\u00f1o 05.1985 &#8211; 12.1989, 1928 , 80<\/p>\n<p>PEUGEOT 305 I Familiar (A\u00f1o 08.1980 &#8211; 09.1982)<br \/>\n1.5 Di\u00e9sel, A\u00f1o 08.1980 &#8211; 09.1982, 1548 , 49<br \/>\nPEUGEOT 505 Berlina<br \/>\n2.5 Turbodi\u00e9sel, A\u00f1o 10.1983 &#8211; 12.1993, 2498 , 90<br \/>\n2.5 Turbodi\u00e9sel, A\u00f1o 10.1986 &#8211; 12.1993, 2498 , 105<\/p>\n<p>LA PIEZA ES NUEVA Y ORIGINAL.<\/p>\n","protected":false},"excerpt":{"rendered":"<p>Correa de instrumentos de: Longitud: 740 mm. Ancho: 10 mm. FIAT Cinquecento (170) 0.7, A\u00f1o 12.1991 &#8211; 01.1996, 704 , 31 0.7 i, A\u00f1o 07.1994 &#8211; 01.1998, 704 , 30 FIAT Regata Berlina (138) 1.9 Turbodi\u00e9sel 80, A\u00f1o 05.1986 &#8211; 07.1989, 1929 , 80 FIAT Ritmo I Hatchback (138) 1.9 Turbodi\u00e9sel 80, A\u00f1o 12.1985 &#8211; [&hellip;]<\/p>\n","protected":false},"featured_media":54379,"template":"","meta":{"_seopress_robots_primary_cat":"","_seopress_titles_title":"","_seopress_titles_desc":"","_seopress_robots_index":""},"product_cat":[194,153,84,86,117,118,20,21,24,123,102,103,111,112],"product_tag":[],"class_list":{"0":"post-54377","1":"product","2":"type-product","3":"status-publish","4":"has-post-thumbnail","6":"product_cat-recambios-peugeot-305","7":"product_cat-recambios-peugeot-505","8":"product_cat-recambios-fiat-cinquecento","9":"product_cat-recambios-fiat-croma","10":"product_cat-recambios-lancia-dedra","11":"product_cat-recambios-lancia-delta","12":"product_cat-recambios-fiat","13":"product_cat-recambios-lancia","14":"product_cat-recambios-peugeot","15":"product_cat-recambios-lancia-prisma","16":"product_cat-recambios-fiat-regata","17":"product_cat-recambios-fiat-ritmo","18":"product_cat-recambios-fiat-tempra","19":"product_cat-recambios-fiat-tipo","21":"first","22":"instock","23":"taxable","24":"shipping-taxable","25":"purchasable","26":"product-type-simple"},"_links":{"self":[{"href":"https:\/\/galicianparts.com\/shop\/wp-json\/wp\/v2\/product\/54377"}],"collection":[{"href":"https:\/\/galicianparts.com\/shop\/wp-json\/wp\/v2\/product"}],"about":[{"href":"https:\/\/galicianparts.com\/shop\/wp-json\/wp\/v2\/types\/product"}],"wp:featuredmedia":[{"embeddable":true,"href":"https:\/\/galicianparts.com\/shop\/wp-json\/wp\/v2\/media\/54379"}],"wp:attachment":[{"href":"https:\/\/galicianparts.com\/shop\/wp-json\/wp\/v2\/media?parent=54377"}],"wp:term":[{"taxonomy":"product_cat","embeddable":true,"href":"https:\/\/galicianparts.com\/shop\/wp-json\/wp\/v2\/product_cat?post=54377"},{"taxonomy":"product_tag","embeddable":true,"href":"https:\/\/galicianparts.com\/shop\/wp-json\/wp\/v2\/product_tag?post=54377"}],"curies":[{"name":"wp","href":"https:\/\/api.w.org\/{rel}","templated":true}]}}