{"id":54397,"date":"2022-07-29T12:16:05","date_gmt":"2022-07-29T10:16:05","guid":{"rendered":"https:\/\/galicianparts.com\/shop\/producto\/5888577-kit-pastillas-freno-delantero-fiat-242-citroen-c35-gs-ami-original\/"},"modified":"2023-03-20T13:40:25","modified_gmt":"2023-03-20T11:40:25","slug":"5888577-kit-pastillas-freno-delantero-fiat-242-citroen-c35-gs-ami-original","status":"publish","type":"product","link":"https:\/\/galicianparts.com\/shop\/producto\/5888577-kit-pastillas-freno-delantero-fiat-242-citroen-c35-gs-ami-original\/","title":{"rendered":"5888577 Kit pastillas freno delantero Fiat 242 \/Citroen C35 \/GS \/Ami ORIGINAL"},"content":{"rendered":"<p>5983898 Juego, set de pastillas de freno delanteras con sensor de desgaste de:<br \/>\nLargo: 77mm<br \/>\nAlto: 82mm<br \/>\nEspesor: 15,5mm<br \/>\nFIAT 242-Serie Furg\u00f3n<br \/>\n1.6, A\u00f1o 10.1975 &#8211; 07.1982, 1585 , 63<br \/>\n1.9, A\u00f1o 10.1975 &#8211; 07.1982, 1995 , 69<br \/>\n2.2 D, A\u00f1o 10.1975 &#8211; 08.1980, 2175 , 63<br \/>\n2.5 D, A\u00f1o 08.1980 &#8211; 07.1982, 2498 , 71<\/p>\n<p>CITRO\u00cbN GS<br \/>\n1.0, A\u00f1o 09.1970 &#8211; 09.1977, 1015 , 54<br \/>\n1.1, A\u00f1o 09.1977 &#8211; 06.1980, 1129 , 54<br \/>\n1.1, A\u00f1o 09.1977 &#8211; 07.1981, 1129 , 57<br \/>\n1.2, A\u00f1o 04.1973 &#8211; 06.1979, 1222 , 58<br \/>\nA 1.3, A\u00f1o 09.1979 &#8211; 07.1986, 1299 , 65<br \/>\nBirotor, A\u00f1o 09.1973 &#8211; 10.1975, 995 , 107<br \/>\nX 2, A\u00f1o 09.1975 &#8211; 07.1979, 1222 , 63<br \/>\nCITRO\u00cbN GS Break<br \/>\n1.0, A\u00f1o 07.1971 &#8211; 09.1977, 1015 , 54<br \/>\nA 1.2, A\u00f1o 04.1973 &#8211; 06.1979, 1222 , 58<br \/>\nCITRO\u00cbN Ami<br \/>\n10 1.0 Super (AM3), A\u00f1o 03.1973 &#8211; 12.1977, 1015 , 54<br \/>\nCITRO\u00cbN C35<br \/>\n2.0, A\u00f1o 11.1973 &#8211; 01.1994, 1985 , 88<br \/>\n2.2 D, A\u00f1o 11.1973 &#8211; 01.1980, 2175 , 61<br \/>\n2.5 D, A\u00f1o 02.1980 &#8211; 01.1994, 2498 , 69<\/p>\n<p>LA PIEZA ES NUEVA Y ORIGINAL.<\/p>\n","protected":false},"excerpt":{"rendered":"<p>5983898 Juego, set de pastillas de freno delanteras con sensor de desgaste de: Largo: 77mm Alto: 82mm Espesor: 15,5mm FIAT 242-Serie Furg\u00f3n 1.6, A\u00f1o 10.1975 &#8211; 07.1982, 1585 , 63 1.9, A\u00f1o 10.1975 &#8211; 07.1982, 1995 , 69 2.2 D, A\u00f1o 10.1975 &#8211; 08.1980, 2175 , 63 2.5 D, A\u00f1o 08.1980 &#8211; 07.1982, 2498 , [&hellip;]<\/p>\n","protected":false},"featured_media":54399,"template":"","meta":{"_seopress_robots_primary_cat":"","_seopress_titles_title":"","_seopress_titles_desc":"","_seopress_robots_index":""},"product_cat":[73,361,133,23,20,245],"product_tag":[],"class_list":{"0":"post-54397","1":"product","2":"type-product","3":"status-publish","4":"has-post-thumbnail","6":"product_cat-recambios-fiat-242","7":"product_cat-recambios-citroen-ami","8":"product_cat-recambios-citroen-c35","9":"product_cat-recambios-citroen","10":"product_cat-recambios-fiat","11":"product_cat-recambios-citroen-gs","13":"first","14":"outofstock","15":"taxable","16":"shipping-taxable","17":"purchasable","18":"product-type-simple"},"_links":{"self":[{"href":"https:\/\/galicianparts.com\/shop\/wp-json\/wp\/v2\/product\/54397"}],"collection":[{"href":"https:\/\/galicianparts.com\/shop\/wp-json\/wp\/v2\/product"}],"about":[{"href":"https:\/\/galicianparts.com\/shop\/wp-json\/wp\/v2\/types\/product"}],"wp:featuredmedia":[{"embeddable":true,"href":"https:\/\/galicianparts.com\/shop\/wp-json\/wp\/v2\/media\/54399"}],"wp:attachment":[{"href":"https:\/\/galicianparts.com\/shop\/wp-json\/wp\/v2\/media?parent=54397"}],"wp:term":[{"taxonomy":"product_cat","embeddable":true,"href":"https:\/\/galicianparts.com\/shop\/wp-json\/wp\/v2\/product_cat?post=54397"},{"taxonomy":"product_tag","embeddable":true,"href":"https:\/\/galicianparts.com\/shop\/wp-json\/wp\/v2\/product_tag?post=54397"}],"curies":[{"name":"wp","href":"https:\/\/api.w.org\/{rel}","templated":true}]}}