{"id":54410,"date":"2022-07-29T13:31:19","date_gmt":"2022-07-29T11:31:19","guid":{"rendered":"https:\/\/galicianparts.com\/shop\/producto\/994700-capuchon-bombin-embrague-fiat-x1-9-1973-1989-nuevo-original\/"},"modified":"2025-04-07T19:44:01","modified_gmt":"2025-04-07T17:44:01","slug":"994700-capuchon-bombin-embrague-fiat-x1-9-1973-1989-nuevo-original","status":"publish","type":"product","link":"https:\/\/galicianparts.com\/shop\/producto\/994700-capuchon-bombin-embrague-fiat-x1-9-1973-1989-nuevo-original\/","title":{"rendered":"994700 Capuch\u00f3n bombin embrague Fiat X1\/9 (1973-1989) NUEVO ORIGINAL"},"content":{"rendered":"<p>Guardapolvo del cilindro maestro del embrague de:<br \/>\nFIAT X 1\/9 (128)<br \/>\n1.3, A\u00f1o 10.1975 &#8211; 06.1978, 1290 , 73<br \/>\n1.3, A\u00f1o 05.1973 &#8211; 12.1979, 1290 , 75<br \/>\n1.5, A\u00f1o 06.1985 &#8211; 12.1989, 1499 , 76<br \/>\n1.5, A\u00f1o 11.1978 &#8211; 12.1989, 1499 , 85<\/p>\n<p>LA PIEZA ES NUEVA Y ORIGINAL.<\/p>\n","protected":false},"excerpt":{"rendered":"<p>Guardapolvo del cilindro maestro del embrague de: FIAT X 1\/9 (128) 1.3, A\u00f1o 10.1975 &#8211; 06.1978, 1290 , 73 1.3, A\u00f1o 05.1973 &#8211; 12.1979, 1290 , 75 1.5, A\u00f1o 06.1985 &#8211; 12.1989, 1499 , 76 1.5, A\u00f1o 11.1978 &#8211; 12.1989, 1499 , 85 LA PIEZA ES NUEVA Y ORIGINAL.<\/p>\n","protected":false},"featured_media":54411,"template":"","meta":{"_seopress_robots_primary_cat":"","_seopress_titles_title":"","_seopress_titles_desc":"","_seopress_robots_index":""},"product_cat":[20,206],"product_tag":[],"class_list":{"0":"post-54410","1":"product","2":"type-product","3":"status-publish","4":"has-post-thumbnail","6":"product_cat-recambios-fiat","7":"product_cat-recambios-fiat-x1-9","9":"first","10":"outofstock","11":"taxable","12":"shipping-taxable","13":"purchasable","14":"product-type-simple"},"_links":{"self":[{"href":"https:\/\/galicianparts.com\/shop\/wp-json\/wp\/v2\/product\/54410"}],"collection":[{"href":"https:\/\/galicianparts.com\/shop\/wp-json\/wp\/v2\/product"}],"about":[{"href":"https:\/\/galicianparts.com\/shop\/wp-json\/wp\/v2\/types\/product"}],"wp:featuredmedia":[{"embeddable":true,"href":"https:\/\/galicianparts.com\/shop\/wp-json\/wp\/v2\/media\/54411"}],"wp:attachment":[{"href":"https:\/\/galicianparts.com\/shop\/wp-json\/wp\/v2\/media?parent=54410"}],"wp:term":[{"taxonomy":"product_cat","embeddable":true,"href":"https:\/\/galicianparts.com\/shop\/wp-json\/wp\/v2\/product_cat?post=54410"},{"taxonomy":"product_tag","embeddable":true,"href":"https:\/\/galicianparts.com\/shop\/wp-json\/wp\/v2\/product_tag?post=54410"}],"curies":[{"name":"wp","href":"https:\/\/api.w.org\/{rel}","templated":true}]}}