{"id":54464,"date":"2022-08-01T10:49:50","date_gmt":"2022-08-01T08:49:50","guid":{"rendered":"https:\/\/galicianparts.com\/shop\/producto\/50701328-tope-amortiguador-suspension-trasera-fiat-stilo-2001-2007-nuevo-original\/"},"modified":"2022-08-01T10:53:12","modified_gmt":"2022-08-01T08:53:12","slug":"50701328-tope-amortiguador-suspension-trasera-fiat-stilo-2001-2007-nuevo-original","status":"publish","type":"product","link":"https:\/\/galicianparts.com\/shop\/producto\/50701328-tope-amortiguador-suspension-trasera-fiat-stilo-2001-2007-nuevo-original\/","title":{"rendered":"50701328 Tope amortiguador suspensi\u00f3n trasera Fiat Stilo (2001-2007) NUEVO ORIGINAL"},"content":{"rendered":"<p>Capuch\u00f3n con el tope de goma superior de los amortiguadores de la suspensi\u00f3n trasera de:<br \/>\nFIAT &#8211; 2C STILO (2001-2003) BN ACTIVE\/ATTRACTIVE 3P \/ BN DYNAMIC\/POWER 3P \/ BN ACTIVE\/ATTRACTIVE 5P \/ BN DYNAMIC\/POWER 5P \/ BN ACTUAL 3P \/ BN ACTUAL 5 P<br \/>\nFIAT &#8211; 2C STILO (2001-2003) BN ACTUAL 2\/ACTIVE N.G. 3P \/ BN ACTUAL 2\/ACTIVE N.G. 5P \/ BN DYNAMIC N.G. 3P \/ BN DYNAMIC N.G. 5P<br \/>\nFIAT &#8211; 2C STILO (2001-2003) BN ABARTH 3P \/ BN ABARTH 5P \/ BN GT N.G. 3P \/ BN GT N.G. 5P \/ BN ABARTH N.G. 3P \/ BN ABARTH N.G. 5P<br \/>\nFIAT &#8211; 2V STILO F.L.L. 2003 (2003-2007) 1.4 16V CF4 95CV\/70KW \/ 1.4\u00a016V\u00a0CF4\u00a095CV\/66KW \/ 1.6 16V \/ 1.8 16V CF4 \/ SEDAN ACTUAL 3D  FL 2003 \/ SEDAN ACTUAL 5D  FL 2003 \/ SEDAN ACTIVE 3D  FL 2003 \/ SEDAN ACTIVE 5D  FL 2003 \/ SEDAN GT 3D  FL 2003 \/ SEDAN DYNAMIC 5D  FL 2003 \/ SEDAN ABARTH 3D  FL 2003 \/ SEDAN ABARTH SELESPEED 3D FL 2003<br \/>\nFIAT &#8211; 2V STILO F.L.L. 2003 (2003-2007) 1.9 JTD 58KW\/80CV \/ 1.9\u00a0JTD\u00a08V\u00a0100\u00a0CV\/74KW \/ 1.9 JTD 85KW\/115CV \/ 1.9 JTD 103KW\/140CV \/ 1.9 JTD 16V F3 126CV\/93KW COND DEPOT FRA \/ 1.9 JTD 16V F3 136CV\/100KW COND DEPOT BE \/ SEDAN ACTUAL 3D  FL 2003 \/ SEDAN ACTUAL 5D  FL 2003 \/ SEDAN ACTIVE 3D  FL 2003 \/ SEDAN ACTIVE 5D  FL 2003 \/ SEDAN GT 3D  FL 2003 \/ SEDAN DYNAMIC 5D  FL 2003 \/ SEDAN ABARTH 3D  FL 2003 \/ SEDAN ABARTH SELESPEED 3D FL 2003<\/p>\n<p>LA PIEZA ES NUEVA Y ORIGINAL.<\/p>\n","protected":false},"excerpt":{"rendered":"<p>Capuch\u00f3n con el tope de goma superior de los amortiguadores de la suspensi\u00f3n trasera de: FIAT &#8211; 2C STILO (2001-2003) BN ACTIVE\/ATTRACTIVE 3P \/ BN DYNAMIC\/POWER 3P \/ BN ACTIVE\/ATTRACTIVE 5P \/ BN DYNAMIC\/POWER 5P \/ BN ACTUAL 3P \/ BN ACTUAL 5 P FIAT &#8211; 2C STILO (2001-2003) BN ACTUAL 2\/ACTIVE N.G. 3P \/ [&hellip;]<\/p>\n","protected":false},"featured_media":54467,"template":"","meta":{"_seopress_robots_primary_cat":"","_seopress_titles_title":"","_seopress_titles_desc":"","_seopress_robots_index":""},"product_cat":[20,108],"product_tag":[],"class_list":{"0":"post-54464","1":"product","2":"type-product","3":"status-publish","4":"has-post-thumbnail","6":"product_cat-recambios-fiat","7":"product_cat-recambios-fiat-stilo","9":"first","10":"instock","11":"taxable","12":"shipping-taxable","13":"purchasable","14":"product-type-simple"},"_links":{"self":[{"href":"https:\/\/galicianparts.com\/shop\/wp-json\/wp\/v2\/product\/54464"}],"collection":[{"href":"https:\/\/galicianparts.com\/shop\/wp-json\/wp\/v2\/product"}],"about":[{"href":"https:\/\/galicianparts.com\/shop\/wp-json\/wp\/v2\/types\/product"}],"wp:featuredmedia":[{"embeddable":true,"href":"https:\/\/galicianparts.com\/shop\/wp-json\/wp\/v2\/media\/54467"}],"wp:attachment":[{"href":"https:\/\/galicianparts.com\/shop\/wp-json\/wp\/v2\/media?parent=54464"}],"wp:term":[{"taxonomy":"product_cat","embeddable":true,"href":"https:\/\/galicianparts.com\/shop\/wp-json\/wp\/v2\/product_cat?post=54464"},{"taxonomy":"product_tag","embeddable":true,"href":"https:\/\/galicianparts.com\/shop\/wp-json\/wp\/v2\/product_tag?post=54464"}],"curies":[{"name":"wp","href":"https:\/\/api.w.org\/{rel}","templated":true}]}}