{"id":54483,"date":"2022-08-01T11:46:59","date_gmt":"2022-08-01T09:46:59","guid":{"rendered":"https:\/\/galicianparts.com\/shop\/producto\/4434797-correa-auxiliar-lancia-delta-gt-fiat-alfa-citroen-peugeot-original\/"},"modified":"2022-08-08T19:23:24","modified_gmt":"2022-08-08T17:23:24","slug":"4434797-correa-auxiliar-lancia-delta-gt-fiat-alfa-citroen-peugeot-original","status":"publish","type":"product","link":"https:\/\/galicianparts.com\/shop\/producto\/4434797-correa-auxiliar-lancia-delta-gt-fiat-alfa-citroen-peugeot-original\/","title":{"rendered":"4434797 Correa auxiliar Lancia Delta GT \/Fiat \/Alfa \/Citro\u00ebn \/Peugeot ORIGINAL"},"content":{"rendered":"<p>Correa de instrumentos de:<br \/>\nLongitud: 775 mm.<br \/>\nAncho: 10 mm.<\/p>\n<p>ALFA ROMEO 164 (164)<br \/>\n2.0 V6 Turbo, A\u00f1o 03.1991 &#8211; 09.1992, 1996 , 204<br \/>\n2.0 V6 Turbo, A\u00f1o 09.1992 &#8211; 09.1998, 1996 , 201<br \/>\n3.0, A\u00f1o 09.1990 &#8211; 12.1993, 2959 , 185<br \/>\n3.0, A\u00f1o 11.1987 &#8211; 09.1991, 2959 , 188<br \/>\n3.0 i.e. QV, A\u00f1o 09.1990 &#8211; 09.1992, 2959 , 200<br \/>\n3.0 V6, A\u00f1o 06.1987 &#8211; 09.1992, 2959 , 192<br \/>\n3.0 V6, A\u00f1o 06.1987 &#8211; 09.1992, 2959 , 184<br \/>\nALFA ROMEO Montreal (105)<br \/>\n2.6, A\u00f1o 12.1972 &#8211; 03.1979, 2593 , 194<\/p>\n<p>CITRO\u00cbN 2CV Berlina<br \/>\n0.6, A\u00f1o 09.1975 &#8211; 06.1981, 602 , 24<br \/>\n0.6, A\u00f1o 08.1979 &#8211; 07.1990, 602 , 27<br \/>\nCITRO\u00cbN LNA Hatchback<br \/>\n0.6, A\u00f1o 11.1976 &#8211; 07.1979, 602 , 33<br \/>\n0.6, A\u00f1o 07.1982 &#8211; 04.1985, 652 , 34<br \/>\n0.6, A\u00f1o 11.1978 &#8211; 07.1986, 652 , 35<br \/>\nCITRO\u00cbN Dyane Hatchback<br \/>\n4 (A79\/1 (AYA2)), A\u00f1o 04.1968 &#8211; 07.1975, 435 , 23<br \/>\n6 (M28\/1 (AK2)), A\u00f1o 05.1972 &#8211; 12.1980, 602 , 33<br \/>\nCITRO\u00cbN BX<br \/>\n1.1, A\u00f1o 10.1986 &#8211; 06.1992, 1124 , 57<br \/>\n1.4 E, A\u00f1o 10.1982 &#8211; 06.1988, 1360 , 61<br \/>\n1.4 E, A\u00f1o 09.1985 &#8211; 02.1993, 1360 , 67<br \/>\n1.4 E, A\u00f1o 04.1983 &#8211; 07.1989, 1360 , 71<br \/>\n1.4 E, A\u00f1o 04.1983 &#8211; 02.1993, 1360 , 72<br \/>\n1.4 E, A\u00f1o 10.1985 &#8211; 05.1989, 1360 , 80<br \/>\nCITRO\u00cbN C25<br \/>\n2.0, A\u00f1o 02.1991 &#8211; 02.1994, 1971 , 84<br \/>\n2.0 E, A\u00f1o 09.1981 &#8211; 02.1994, 1971 , 79<\/p>\n<p>FIAT Regata<br \/>\n1.9 Di\u00e9sel 65, A\u00f1o 04.1984 &#8211; 07.1989, 1929 , 65<br \/>\nFIAT 126 (126)<br \/>\n0.7, A\u00f1o 09.1987 &#8211; 06.1996, 704 , 26<br \/>\nFIAT Croma I Hatchback (154)<br \/>\n1.6, A\u00f1o 12.1985 &#8211; 12.1990, 1585 , 83<br \/>\n2.0 CHT, A\u00f1o 12.1985 &#8211; 02.1989, 1995 , 90<br \/>\n2.0 i.e., A\u00f1o 03.1987 &#8211; 09.1992, 1995 , 120<br \/>\n2.0 i.e., A\u00f1o 03.1986 &#8211; 09.1990, 1995 , 113<br \/>\n2.0 i.e. Turbo, A\u00f1o 11.1986 &#8211; 11.1988, 1995 , 151<br \/>\n2.0 i.e. Turbo, A\u00f1o 12.1985 &#8211; 06.1990, 1995 , 155<\/p>\n<p>LANCIA Delta I (831)<br \/>\n1.6 GT, A\u00f1o 11.1982 &#8211; 04.1986, 1585 , 105<br \/>\nLANCIA Thema Berlina (834)<br \/>\n2.0 i.e., A\u00f1o 11.1984 &#8211; 09.1988, 1995 , 120<br \/>\n2.0 i.e. Turbo, A\u00f1o 11.1984 &#8211; 12.1989, 1995 , 166<br \/>\n2.0 i.e.Turbo, A\u00f1o 07.1986 &#8211; 05.1990, 1995 , 150<br \/>\nLANCIA Fulvia Coup\u00e9 (818)<br \/>\n1.3, A\u00f1o 09.1968 &#8211; 07.1975, 1298 , 88<br \/>\n1.3, A\u00f1o 08.1970 &#8211; 12.1976, 1298 , 90<\/p>\n<p>PEUGEOT J5 Bus (280)<br \/>\n2.0, A\u00f1o 09.1981 &#8211; 09.1990, 1971 , 75<br \/>\n2.0, A\u00f1o 01.1983 &#8211; 09.1990, 1971 , 79<br \/>\n2.0 Super 4&#215;4, A\u00f1o 09.1981 &#8211; 08.1990, 1971 , 79<br \/>\nPEUGEOT 205 I Hatchback<br \/>\n1.3, A\u00f1o 02.1984 &#8211; 10.1987, 1294 , 62<br \/>\nPEUGEOT 205 II Hatchback<br \/>\n1.3, A\u00f1o 08.1990 &#8211; 07.1992, 1294 , 64<br \/>\n1.6 GTX, A\u00f1o 01.1987 &#8211; 10.1991, 1592 , 94<br \/>\nPEUGEOT 305 I<br \/>\n1.3, A\u00f1o 11.1977 &#8211; 09.1982, 1290 , 60<br \/>\n1.3, A\u00f1o 11.1977 &#8211; 09.1982, 1290 , 65<br \/>\n1.5, A\u00f1o 11.1979 &#8211; 09.1982, 1472 , 73<br \/>\n1.5, A\u00f1o 05.1980 &#8211; 09.1982, 1472 , 88<br \/>\n1.5 Di\u00e9sel, A\u00f1o 11.1977 &#8211; 09.1982, 1548 , 49<br \/>\nPEUGEOT 305 II<br \/>\n1.1, A\u00f1o 11.1982 &#8211; 12.1988, 1127 , 58<br \/>\n1.3, A\u00f1o 10.1982 &#8211; 08.1985, 1290 , 60<br \/>\n1.5, A\u00f1o 09.1985 &#8211; 07.1990, 1472 , 68<br \/>\n1.5, A\u00f1o 10.1982 &#8211; 08.1985, 1472 , 73<br \/>\nPEUGEOT 309 I Hatchback<br \/>\n1.1, A\u00f1o 10.1985 &#8211; 07.1989, 1118 , 54<br \/>\n1.3, A\u00f1o 10.1985 &#8211; 07.1989, 1294 , 64<br \/>\n1.3 XL, A\u00f1o 09.1986 &#8211; 08.1989, 1294 , 71<br \/>\n1.4, A\u00f1o 10.1985 &#8211; 08.1989, 1442 , 83<br \/>\n1.5, A\u00f1o 06.1987 &#8211; 12.1989, 1442 , 86<br \/>\n1.6, A\u00f1o 01.1986 &#8211; 07.1989, 1592 , 94<br \/>\nPEUGEOT 304 Berlina<br \/>\n1.3, A\u00f1o 08.1972 &#8211; 09.1975, 1290 , 75<br \/>\n1.3 GL, A\u00f1o 09.1972 &#8211; 10.1979, 1290 , 65<br \/>\nPEUGEOT J5 (280)<br \/>\n1.8, A\u00f1o 09.1981 &#8211; 08.1990, 1796 , 69<br \/>\n2.0, A\u00f1o 01.1986 &#8211; 11.1988, 1971 , 75<br \/>\n2.0, A\u00f1o 01.1983 &#8211; 11.1988, 1971 , 79<br \/>\nPEUGEOT J5 (290)<br \/>\n1.8, A\u00f1o 09.1990 &#8211; 01.1994, 1796 , 69<br \/>\n2.0, A\u00f1o 09.1990 &#8211; 01.1994, 1971 , 84<br \/>\nPEUGEOT 304 Familiar<br \/>\n1.1, A\u00f1o 10.1976 &#8211; 10.1980, 1127 , 58<br \/>\n1.3, A\u00f1o 09.1970 &#8211; 10.1980, 1290 , 65<\/p>\n<p>LA PIEZA ES NUEVA Y ORIGINAL.<\/p>\n","protected":false},"excerpt":{"rendered":"<p>Correa de instrumentos de: Longitud: 775 mm. Ancho: 10 mm. ALFA ROMEO 164 (164) 2.0 V6 Turbo, A\u00f1o 03.1991 &#8211; 09.1992, 1996 , 204 2.0 V6 Turbo, A\u00f1o 09.1992 &#8211; 09.1998, 1996 , 201 3.0, A\u00f1o 09.1990 &#8211; 12.1993, 2959 , 185 3.0, A\u00f1o 11.1987 &#8211; 09.1991, 2959 , 188 3.0 i.e. QV, A\u00f1o 09.1990 [&hellip;]<\/p>\n","protected":false},"featured_media":54485,"template":"","meta":{"_seopress_robots_primary_cat":"","_seopress_titles_title":"","_seopress_titles_desc":"","_seopress_robots_index":""},"product_cat":[67,54,235,343,262,194,16,130,132,23,86,118,345,20,230,157,21,260,363,24,102,124],"product_tag":[],"class_list":{"0":"post-54483","1":"product","2":"type-product","3":"status-publish","4":"has-post-thumbnail","6":"product_cat-recambios-fiat-126","7":"product_cat-recambios-alfa-romeo-164","8":"product_cat-recambios-peugeot-205","9":"product_cat-recambios-citroen-2cv","10":"product_cat-recambios-peugeot-304","11":"product_cat-recambios-peugeot-305","12":"product_cat-recambios-alfa-romeo","13":"product_cat-recambios-citroen-bx","14":"product_cat-recambios-citroen-c25","15":"product_cat-recambios-citroen","16":"product_cat-recambios-fiat-croma","17":"product_cat-recambios-lancia-delta","18":"product_cat-recambios-citroen-dyane","19":"product_cat-recambios-fiat","20":"product_cat-recambios-lancia-fulvia","21":"product_cat-recambios-peugeot-j5","22":"product_cat-recambios-lancia","23":"product_cat-recambios-citroen-lna","24":"product_cat-recambios-alfa-romeo-montreal","25":"product_cat-recambios-peugeot","26":"product_cat-recambios-fiat-regata","27":"product_cat-recambios-lancia-thema","29":"first","30":"instock","31":"taxable","32":"shipping-taxable","33":"purchasable","34":"product-type-simple"},"_links":{"self":[{"href":"https:\/\/galicianparts.com\/shop\/wp-json\/wp\/v2\/product\/54483"}],"collection":[{"href":"https:\/\/galicianparts.com\/shop\/wp-json\/wp\/v2\/product"}],"about":[{"href":"https:\/\/galicianparts.com\/shop\/wp-json\/wp\/v2\/types\/product"}],"wp:featuredmedia":[{"embeddable":true,"href":"https:\/\/galicianparts.com\/shop\/wp-json\/wp\/v2\/media\/54485"}],"wp:attachment":[{"href":"https:\/\/galicianparts.com\/shop\/wp-json\/wp\/v2\/media?parent=54483"}],"wp:term":[{"taxonomy":"product_cat","embeddable":true,"href":"https:\/\/galicianparts.com\/shop\/wp-json\/wp\/v2\/product_cat?post=54483"},{"taxonomy":"product_tag","embeddable":true,"href":"https:\/\/galicianparts.com\/shop\/wp-json\/wp\/v2\/product_tag?post=54483"}],"curies":[{"name":"wp","href":"https:\/\/api.w.org\/{rel}","templated":true}]}}