{"id":54495,"date":"2022-08-01T12:52:28","date_gmt":"2022-08-01T10:52:28","guid":{"rendered":"https:\/\/galicianparts.com\/shop\/producto\/7581316-correa-auxiliar-l705mm-lancia-fiat-alfa-citroen-peugeot-seat-hyundai-original\/"},"modified":"2025-02-07T10:51:04","modified_gmt":"2025-02-07T08:51:04","slug":"7581316-correa-auxiliar-l705mm-lancia-fiat-alfa-citroen-peugeot-seat-hyundai-original","status":"publish","type":"product","link":"https:\/\/galicianparts.com\/shop\/producto\/7581316-correa-auxiliar-l705mm-lancia-fiat-alfa-citroen-peugeot-seat-hyundai-original\/","title":{"rendered":"7581316 Correa auxiliar L705mm Lancia\/ Fiat \/Alfa \/Citro\u00ebn \/Peugeot \/Seat \/Hyundai ORIGINAL"},"content":{"rendered":"<p>Correa de instrumentos de:<br \/>\nLongitud: 705 mm.<br \/>\nAncho: 10 mm.<\/p>\n<p>ALFA ROMEO 145 (930)<br \/>\n1.4 i.e. (930.A3), A\u00f1o 07.1994 &#8211; 12.1996, 1351 , 90<br \/>\n1.6 i.e. (930.A2), A\u00f1o 10.1994 &#8211; 12.1996, 1596 , 103<br \/>\n1.7 i.e. 16V (930.A1), A\u00f1o 10.1994 &#8211; 12.1996, 1712 , 129<br \/>\nALFA ROMEO 164 (164)<br \/>\n2.0 Turbo, A\u00f1o 10.1987 &#8211; 09.1998, 1995 , 174<br \/>\nALFA ROMEO 33 (905)<br \/>\n1.2, A\u00f1o 06.1983 &#8211; 12.1989, 1186 , 68<br \/>\n1.3, A\u00f1o 10.1984 &#8211; 12.1989, 1351 , 86<br \/>\n1.3, A\u00f1o 06.1983 &#8211; 12.1989, 1351 , 75<br \/>\n1.5, A\u00f1o 07.1986 &#8211; 12.1989, 1490 , 102<br \/>\n1.5, A\u00f1o 05.1983 &#8211; 12.1987, 1490 , 84<br \/>\n1.5, A\u00f1o 06.1983 &#8211; 12.1986, 1490 , 90<br \/>\n1.5 4&#215;4, A\u00f1o 11.1983 &#8211; 12.1984, 1490 , 84<br \/>\n1.5 4&#215;4, A\u00f1o 09.1986 &#8211; 12.1989, 1490 , 105<br \/>\n1.5 QV, A\u00f1o 06.1984 &#8211; 12.1989, 1490 , 105<br \/>\n1.7 i.e., A\u00f1o 09.1988 &#8211; 12.1989, 1712 , 105<br \/>\n1.7 QV, A\u00f1o 03.1988 &#8211; 12.1989, 1712 , 114<br \/>\nALFA ROMEO Spider (115)<br \/>\n1.6, A\u00f1o 03.1976 &#8211; 12.1990, 1570 , 103<br \/>\n1.6, A\u00f1o 01.1990 &#8211; 12.1993, 1570 , 107<br \/>\n1.6, A\u00f1o 03.1971 &#8211; 12.1979, 1570 , 109<br \/>\n2.0, A\u00f1o 08.1986 &#8211; 12.1990, 1962 , 116<br \/>\n2.0, A\u00f1o 01.1990 &#8211; 12.1993, 1962 , 120<br \/>\n2.0, A\u00f1o 08.1986 &#8211; 12.1990, 1962 , 125<br \/>\n2.0 Veloce, A\u00f1o 01.1977 &#8211; 12.1993, 1962 , 126<br \/>\nALFA ROMEO 33 (907A)<br \/>\n1.4 i.e., A\u00f1o 06.1991 &#8211; 09.1994, 1351 , 88<br \/>\n1.4 i.e., A\u00f1o 06.1991 &#8211; 09.1994, 1351 , 90<br \/>\n1.7 16V, A\u00f1o 01.1990 &#8211; 09.1994, 1712 , 129<br \/>\n1.7 16V, A\u00f1o 01.1990 &#8211; 03.1992, 1712 , 132<br \/>\n1.7 16V 4&#215;4, A\u00f1o 01.1990 &#8211; 09.1994, 1712 , 129<br \/>\n1.7 16V 4&#215;4, A\u00f1o 01.1990 &#8211; 09.1994, 1712 , 132<br \/>\n1.7 i.e., A\u00f1o 04.1992 &#8211; 09.1994, 1712 , 105<br \/>\n1.7 i.e., A\u00f1o 01.1990 &#8211; 09.1994, 1712 , 107<br \/>\nALFA ROMEO 75 (162B)<br \/>\n1.6, A\u00f1o 05.1985 &#8211; 09.1989, 1570 , 103<br \/>\n1.6, A\u00f1o 05.1985 &#8211; 09.1989, 1567 , 110<br \/>\n1.6 KAT, A\u00f1o 05.1989 &#8211; 02.1992, 1567 , 110<br \/>\n1.8, A\u00f1o 09.1985 &#8211; 06.1989, 1779 , 116<br \/>\n1.8, A\u00f1o 08.1989 &#8211; 02.1992, 1779 , 122<br \/>\n1.8, A\u00f1o 09.1988 &#8211; 02.1992, 1779 , 120<br \/>\n1.8 Turbo, A\u00f1o 09.1986 &#8211; 02.1992, 1779 , 150<br \/>\n1.8 Turbo i.e., A\u00f1o 02.1986 &#8211; 01.1990, 1779 , 155<br \/>\n2.0, A\u00f1o 05.1985 &#8211; 10.1988, 1962 , 128<br \/>\n2.0 T.S KAT, A\u00f1o 05.1985 &#8211; 02.1992, 1962 , 148<br \/>\n2.0 T.S., A\u00f1o 01.1987 &#8211; 02.1992, 1962 , 146<br \/>\nALFA ROMEO 90 (162)<br \/>\n1.8, A\u00f1o 10.1984 &#8211; 07.1987, 1779 , 121<br \/>\n1.8, A\u00f1o 10.1984 &#8211; 07.1987, 1779 , 116<br \/>\n2.0 i.e., A\u00f1o 10.1984 &#8211; 07.1987, 1997 , 132<br \/>\n2.0 i.e., A\u00f1o 10.1984 &#8211; 07.1987, 1962 , 128<br \/>\nALFA ROMEO Sprint \/ Alfasud Sprint (902A)<br \/>\n1.7 i.e., A\u00f1o 10.1987 &#8211; 12.1989, 1712 , 105<br \/>\nALFA ROMEO Alfetta (116)<br \/>\n1.6, A\u00f1o 01.1975 &#8211; 12.1984, 1570 , 107<br \/>\n1.8, A\u00f1o 07.1974 &#8211; 12.1977, 1779 , 116<br \/>\n1.8, A\u00f1o 10.1979 &#8211; 12.1984, 1779 , 121<br \/>\n1.8, A\u00f1o 10.1979 &#8211; 12.1984, 1779 , 122<br \/>\n2.0, A\u00f1o 07.1978 &#8211; 12.1984, 1962 , 132<br \/>\n2.0, A\u00f1o 03.1977 &#8211; 02.1980, 1962 , 121<br \/>\nALFA ROMEO Giulietta Berlina (116)<br \/>\n1.3, A\u00f1o 10.1977 &#8211; 06.1983, 1357 , 90<br \/>\n1.6, A\u00f1o 10.1977 &#8211; 04.1985, 1570 , 107<br \/>\n1.8, A\u00f1o 04.1979 &#8211; 04.1985, 1779 , 122<br \/>\n1.8 Turbo, A\u00f1o 01.1984 &#8211; 12.1985, 1779 , 150<br \/>\n2.0, A\u00f1o 06.1980 &#8211; 04.1985, 1962 , 131<br \/>\n2.0 Turbo, A\u00f1o 07.1983 &#8211; 06.1984, 1962 , 170<br \/>\nALFA ROMEO GT (105\/115)<br \/>\n1.6, A\u00f1o 03.1963 &#8211; 12.1966, 1570 , 102<br \/>\n1600, A\u00f1o 01.1966 &#8211; 12.1968, 1570 , 109<br \/>\n1.6, A\u00f1o 09.1972 &#8211; 12.1977, 1570 , 103<br \/>\n1.6, A\u00f1o 06.1971 &#8211; 12.1977, 1570 , 109<br \/>\n1.6 A, A\u00f1o 01.1965 &#8211; 12.1970, 1570 , 113<br \/>\n1.9 V 2000, A\u00f1o 01.1971 &#8211; 12.1977, 1962 , 131<br \/>\nALFA ROMEO 146 (930)<br \/>\n1.4 i.e. (930.B3), A\u00f1o 12.1994 &#8211; 12.1996, 1351 , 90<br \/>\n1.6 i.e. (930.B2), A\u00f1o 12.1994 &#8211; 12.1996, 1596 , 103<br \/>\n1.7 i.e. 16V (930.B1), A\u00f1o 12.1994 &#8211; 12.1996, 1712 , 129<br \/>\nALFA ROMEO GTV (116)<br \/>\n2.0, A\u00f1o 07.1978 &#8211; 01.1986, 1962 , 131<br \/>\n2.0, A\u00f1o 01.1985 &#8211; 12.1985, 1962 , 128<\/p>\n<p>CITRO\u00cbN CX II Hatchback<br \/>\n2.5 D, A\u00f1o 08.1985 &#8211; 12.1992, 2500 , 73<br \/>\n2.5 D Turbo, A\u00f1o 08.1985 &#8211; 12.1986, 2500 , 95<br \/>\n2.5 D Turbo, A\u00f1o 01.1987 &#8211; 12.1992, 2500 , 120<br \/>\n2.5 GTi, A\u00f1o 05.1986 &#8211; 12.1992, 2500 , 121<br \/>\n2.5 GTi Turbo 2, A\u00f1o 09.1986 &#8211; 12.1992, 2500 , 156<br \/>\n2.5 GTi Turbo 2, A\u00f1o 08.1985 &#8211; 12.1992, 2500 , 166<br \/>\n2.5 TRi, A\u00f1o 08.1985 &#8211; 12.1992, 2500 , 136<br \/>\nCITRO\u00cbN C25 Bus<br \/>\n2.5 D, A\u00f1o 10.1985 &#8211; 02.1994, 2500 , 73<br \/>\n2.5 D 4&#215;4, A\u00f1o 01.1987 &#8211; 02.1994, 2500 , 73<br \/>\n2.5 D Turbo, A\u00f1o 08.1987 &#8211; 02.1994, 2500 , 95<br \/>\n2.5 D Turbo 4&#215;4, A\u00f1o 08.1987 &#8211; 02.1994, 2500 , 95<\/p>\n<p>FIAT Regata Berlina (138)<br \/>\n1.6 Super 100, A\u00f1o 10.1983 &#8211; 12.1990, 1585 , 101<br \/>\n1.7 Di\u00e9sel 60, A\u00f1o 09.1983 &#8211; 12.1986, 1714 , 58<br \/>\n1.3 70, A\u00f1o 09.1983 &#8211; 07.1989, 1301 , 65<br \/>\n1.5 75, A\u00f1o 12.1983 &#8211; 07.1989, 1498 , 75<br \/>\n1.5 85, A\u00f1o 05.1985 &#8211; 12.1987, 1498 , 79<br \/>\n1.6 85, A\u00f1o 10.1983 &#8211; 06.1990, 1585 , 82<br \/>\n1.5 Super 85, A\u00f1o 09.1983 &#8211; 04.1985, 1498 , 82<br \/>\n1.6 i.e. 90, A\u00f1o 01.1987 &#8211; 07.1989, 1595 , 90<br \/>\nFIAT Regata Weekend<br \/>\n1.6 100, A\u00f1o 09.1984 &#8211; 12.1990, 1585 , 101<br \/>\n1.3 70, A\u00f1o 01.1984 &#8211; 07.1989, 1301 , 68<br \/>\n1.6 i.e. 90, A\u00f1o 01.1987 &#8211; 07.1989, 1595 , 90<br \/>\nFIAT X 1\/9 (128)<br \/>\n1.3, A\u00f1o 10.1975 &#8211; 06.1978, 1290 , 73<br \/>\n1.3, A\u00f1o 05.1973 &#8211; 12.1979, 1290 , 75<br \/>\n1.5, A\u00f1o 06.1985 &#8211; 12.1989, 1499 , 76<br \/>\n1.5, A\u00f1o 11.1978 &#8211; 12.1989, 1499 , 85<br \/>\nFIAT Ritmo I Cabrio<br \/>\n1.5 80, A\u00f1o 03.1983 &#8211; 12.1986, 1498 , 82<br \/>\n1.5 80, A\u00f1o 01.1980 &#8211; 07.1989, 1498 , 86<br \/>\nFIAT Ritmo I Hatchback (138)<br \/>\n1.0 60, A\u00f1o 09.1978 &#8211; 09.1982, 1049 , 60<br \/>\n1.1 60, A\u00f1o 10.1982 &#8211; 12.1987, 1116 , 55<br \/>\n1.1 60, A\u00f1o 04.1985 &#8211; 12.1987, 1116 , 58<br \/>\n1.3 65, A\u00f1o 01.1978 &#8211; 08.1985, 1301 , 65<br \/>\n1.3 70, A\u00f1o 01.1983 &#8211; 04.1985, 1301 , 68<br \/>\n1.3 75, A\u00f1o 01.1981 &#8211; 09.1982, 1301 , 75<br \/>\n1.5 75, A\u00f1o 01.1978 &#8211; 12.1988, 1498 , 75<br \/>\n1.5 85, A\u00f1o 08.1985 &#8211; 05.1987, 1498 , 79<br \/>\n1.5 85, A\u00f1o 01.1983 &#8211; 12.1987, 1498 , 82<br \/>\n1.5 85, A\u00f1o 01.1981 &#8211; 05.1987, 1498 , 85<br \/>\n1.7 Di\u00e9sel 55, A\u00f1o 10.1979 &#8211; 09.1982, 1714 , 55<br \/>\n1.7 Di\u00e9sel 60, A\u00f1o 05.1985 &#8211; 12.1987, 1698 , 60<br \/>\nFIAT 128 Coup\u00e9 (128)<br \/>\n1.1, A\u00f1o 03.1972 &#8211; 02.1981, 1116 , 64<br \/>\n1.1, A\u00f1o 08.1975 &#8211; 02.1981, 1116 , 65<br \/>\n1.3, A\u00f1o 03.1972 &#8211; 12.1979, 1290 , 75<br \/>\n1.3 Berlinetta, A\u00f1o 06.1975 &#8211; 12.1979, 1290 , 73<br \/>\nFIAT 128 Berlina (128)<br \/>\n1.1, A\u00f1o 02.1975 &#8211; 09.1981, 1116 , 45<br \/>\n1.1, A\u00f1o 03.1969 &#8211; 12.1984, 1116 , 55<br \/>\n1.3 Rally, A\u00f1o 09.1971 &#8211; 02.1976, 1290 , 67<br \/>\n1.3 Sport, A\u00f1o 08.1974 &#8211; 12.1984, 1290 , 60<br \/>\nFIAT Croma I Hatchback (154)<br \/>\n1.6, A\u00f1o 12.1985 &#8211; 12.1990, 1585 , 83<br \/>\n2.0 16V, A\u00f1o 08.1992 &#8211; 08.1996, 1995 , 137<br \/>\n2.0 CHT, A\u00f1o 12.1985 &#8211; 02.1989, 1995 , 90<br \/>\n2.0 i.e., A\u00f1o 03.1987 &#8211; 09.1992, 1995 , 120<br \/>\n2.0 i.e., A\u00f1o 03.1986 &#8211; 09.1990, 1995 , 113<br \/>\n2.0 i.e., A\u00f1o 10.1987 &#8211; 08.1996, 1995 , 116<br \/>\n2.0 i.e. Turbo, A\u00f1o 11.1986 &#8211; 11.1988, 1995 , 151<br \/>\n2.0 i.e. Turbo, A\u00f1o 12.1985 &#8211; 06.1990, 1995 , 155<br \/>\n2.0 i.e. Turbo, A\u00f1o 06.1987 &#8211; 08.1996, 1995 , 150<br \/>\nFIAT Fiorino I Furg\u00f3n (147)<br \/>\n1.0, A\u00f1o 12.1986 &#8211; 04.1988, 1049 , 56<br \/>\nFIAT Uno Hatchback (146)<br \/>\n1.1 50, A\u00f1o 01.1990 &#8211; 12.1993, 1108 , 50<br \/>\n1.1 55, A\u00f1o 01.1983 &#8211; 08.1989, 1116 , 54<br \/>\n1.1 60, A\u00f1o 04.1989 &#8211; 12.1992, 1108 , 57<br \/>\n1.1 60, A\u00f1o 05.1985 &#8211; 08.1989, 1116 , 58<br \/>\n1.3 70, A\u00f1o 05.1985 &#8211; 08.1989, 1302 , 65<br \/>\n1.3 70, A\u00f1o 01.1983 &#8211; 04.1985, 1302 , 68<br \/>\n1.5 i.e. 75, A\u00f1o 10.1985 &#8211; 12.1993, 1499 , 75<\/p>\n<p>LANCIA Delta I (831)<br \/>\n1.3, A\u00f1o 09.1983 &#8211; 08.1992, 1301 , 79<br \/>\n1.3, A\u00f1o 09.1979 &#8211; 08.1992, 1301 , 75<br \/>\n1.5, A\u00f1o 09.1979 &#8211; 12.1992, 1498 , 86<br \/>\n1.6 GT i.e., A\u00f1o 05.1987 &#8211; 08.1992, 1585 , 90<br \/>\n1.6 GT i.e., A\u00f1o 08.1986 &#8211; 08.1988, 1585 , 109<br \/>\n1.6 HF Turbo, A\u00f1o 10.1983 &#8211; 12.1986, 1585 , 131<br \/>\n1.6 HF Turbo, A\u00f1o 08.1986 &#8211; 05.1993, 1585 , 166<br \/>\n1.6 HF Turbo, A\u00f1o 08.1986 &#8211; 08.1988, 1585 , 140<br \/>\n1.6 HF Turbo, A\u00f1o 04.1987 &#8211; 03.1989, 1585 , 132<br \/>\nLANCIA Thema Berlina (834)<br \/>\n2.0 i.e, A\u00f1o 09.1988 &#8211; 05.1992, 1995 , 117<br \/>\n2.0 i.e., A\u00f1o 11.1984 &#8211; 09.1988, 1995 , 120<br \/>\n2.0 i.e., A\u00f1o 09.1987 &#8211; 05.1992, 1995 , 115<br \/>\n2.0 i.e. 16V, A\u00f1o 05.1988 &#8211; 08.1992, 1995 , 147<br \/>\n2.0 i.e. Turbo, A\u00f1o 11.1984 &#8211; 12.1989, 1995 , 166<br \/>\n2.0 i.e.Turbo, A\u00f1o 07.1986 &#8211; 05.1990, 1995 , 150<br \/>\nLANCIA Prisma (831)<br \/>\n1.3, A\u00f1o 01.1983 &#8211; 12.1989, 1301 , 79<br \/>\n1.5, A\u00f1o 09.1985 &#8211; 02.1992, 1498 , 75<br \/>\n1.5, A\u00f1o 08.1986 &#8211; 02.1992, 1498 , 80<br \/>\n1.5, A\u00f1o 01.1983 &#8211; 04.1986, 1498 , 86<br \/>\n1.6, A\u00f1o 08.1986 &#8211; 02.1992, 1585 , 99<br \/>\n1.6, A\u00f1o 01.1983 &#8211; 04.1986, 1585 , 105<br \/>\n1.6 i.e., A\u00f1o 05.1986 &#8211; 12.1989, 1585 , 108<br \/>\n1.6 i.e. Super, A\u00f1o 05.1987 &#8211; 12.1989, 1585 , 90<\/p>\n<p>PEUGEOT J5 (290)<br \/>\n2.5 D, A\u00f1o 10.1990 &#8211; 02.1994, 2500 , 73<br \/>\n2.5 D 4&#215;4, A\u00f1o 10.1990 &#8211; 02.1994, 2500 , 73<br \/>\n2.5 TD, A\u00f1o 10.1990 &#8211; 02.1994, 2500 , 95<br \/>\n2.5 TD 4&#215;4, A\u00f1o 10.1990 &#8211; 02.1994, 2500 , 95<\/p>\n<p>SEAT Ronda (022A)<br \/>\n1.7 Di\u00e9sel, A\u00f1o 06.1982 &#8211; 12.1986, 1714 , 54<br \/>\n1.7 Di\u00e9sel, A\u00f1o 06.1982 &#8211; 12.1986, 1714 , 56<br \/>\nSEAT Malaga (023A)<br \/>\n1.7 D, A\u00f1o 05.1985 &#8211; 12.1993, 1714 , 54<br \/>\nSEAT Ibiza I Hatchback (021A)<br \/>\n1.7 D, A\u00f1o 06.1984 &#8211; 05.1993, 1714 , 54<\/p>\n<p>HYUNDAI Pony (X-2)<br \/>\n1.3, A\u00f1o 10.1989 &#8211; 01.1995, 1299 , 58<br \/>\n1.3, A\u00f1o 10.1989 &#8211; 01.1995, 1299 , 67<br \/>\n1.5, A\u00f1o 10.1989 &#8211; 01.1995, 1468 , 72<br \/>\n1.5 i, A\u00f1o 10.1989 &#8211; 01.1995, 1468 , 83<br \/>\n1.5 i, A\u00f1o 10.1989 &#8211; 01.1995, 1468 , 84<\/p>\n<p>LA PIEZA ES NUEVA Y ORIGINAL.<\/p>\n","protected":false},"excerpt":{"rendered":"<p>Correa de instrumentos de: Longitud: 705 mm. Ancho: 10 mm. ALFA ROMEO 145 (930) 1.4 i.e. (930.A3), A\u00f1o 07.1994 &#8211; 12.1996, 1351 , 90 1.6 i.e. (930.A2), A\u00f1o 10.1994 &#8211; 12.1996, 1596 , 103 1.7 i.e. 16V (930.A1), A\u00f1o 10.1994 &#8211; 12.1996, 1712 , 129 ALFA ROMEO 164 (164) 2.0 Turbo, A\u00f1o 10.1987 &#8211; 09.1998, [&hellip;]<\/p>\n","protected":false},"featured_media":54498,"template":"","meta":{"_seopress_robots_primary_cat":"","_seopress_titles_title":"","_seopress_titles_desc":"","_seopress_robots_index":""},"product_cat":[69,45,46,54,43,58,342,16,180,132,23,86,136,118,20,91,53,50,55,271,162,157,21,164,24,302,123,102,103,165,26,56,124,114,206],"product_tag":[],"class_list":{"0":"post-54495","1":"product","2":"type-product","3":"status-publish","4":"has-post-thumbnail","6":"product_cat-recambios-fiat-128","7":"product_cat-recambios-alfa-romeo-145","8":"product_cat-recambios-alfa-romeo-146","9":"product_cat-recambios-alfa-romeo-164","10":"product_cat-recambios-alfa-romeo-33","11":"product_cat-recambios-alfa-romeo-75","12":"product_cat-recambios-alfa-romeo-90","13":"product_cat-recambios-alfa-romeo","14":"product_cat-recambios-alfa-romeo-alfetta","15":"product_cat-recambios-citroen-c25","16":"product_cat-recambios-citroen","17":"product_cat-recambios-fiat-croma","18":"product_cat-recambios-citroen-cx","19":"product_cat-recambios-lancia-delta","20":"product_cat-recambios-fiat","21":"product_cat-recambios-fiat-fiorino","22":"product_cat-recambios-alfa-romeo-giulietta","23":"product_cat-recambios-alfa-romeo-gt","24":"product_cat-recambios-alfa-romeo-gtv","25":"product_cat-recambios-hyundai","26":"product_cat-recambios-seat-ibiza","27":"product_cat-recambios-peugeot-j5","28":"product_cat-recambios-lancia","29":"product_cat-recambios-seat-malaga","30":"product_cat-recambios-peugeot","31":"product_cat-recambios-hyundai-pony","32":"product_cat-recambios-lancia-prisma","33":"product_cat-recambios-fiat-regata","34":"product_cat-recambios-fiat-ritmo","35":"product_cat-recambios-seat-ronda","36":"product_cat-recambios-seat","37":"product_cat-recambios-alfa-romeo-spider","38":"product_cat-recambios-lancia-thema","39":"product_cat-recambios-fiat-uno","40":"product_cat-recambios-fiat-x1-9","42":"first","43":"outofstock","44":"taxable","45":"shipping-taxable","46":"purchasable","47":"product-type-simple"},"_links":{"self":[{"href":"https:\/\/galicianparts.com\/shop\/wp-json\/wp\/v2\/product\/54495"}],"collection":[{"href":"https:\/\/galicianparts.com\/shop\/wp-json\/wp\/v2\/product"}],"about":[{"href":"https:\/\/galicianparts.com\/shop\/wp-json\/wp\/v2\/types\/product"}],"wp:featuredmedia":[{"embeddable":true,"href":"https:\/\/galicianparts.com\/shop\/wp-json\/wp\/v2\/media\/54498"}],"wp:attachment":[{"href":"https:\/\/galicianparts.com\/shop\/wp-json\/wp\/v2\/media?parent=54495"}],"wp:term":[{"taxonomy":"product_cat","embeddable":true,"href":"https:\/\/galicianparts.com\/shop\/wp-json\/wp\/v2\/product_cat?post=54495"},{"taxonomy":"product_tag","embeddable":true,"href":"https:\/\/galicianparts.com\/shop\/wp-json\/wp\/v2\/product_tag?post=54495"}],"curies":[{"name":"wp","href":"https:\/\/api.w.org\/{rel}","templated":true}]}}