{"id":54508,"date":"2022-08-01T13:25:14","date_gmt":"2022-08-01T11:25:14","guid":{"rendered":"https:\/\/galicianparts.com\/shop\/producto\/7574198-correa-auxiliar-l835mm-fiat-124-131-ritmo-lancia-alfa-seat-citroen-original\/"},"modified":"2024-12-19T14:29:37","modified_gmt":"2024-12-19T12:29:37","slug":"7574198-correa-auxiliar-l835mm-fiat-124-131-ritmo-lancia-alfa-seat-citroen-original","status":"publish","type":"product","link":"https:\/\/galicianparts.com\/shop\/producto\/7574198-correa-auxiliar-l835mm-fiat-124-131-ritmo-lancia-alfa-seat-citroen-original\/","title":{"rendered":"7574198 Correa auxiliar L835mm Fiat 124 \/131 \/Ritmo \/Lancia \/Alfa \/Seat \/Citro\u00ebn ORIGINAL"},"content":{"rendered":"<p>Correa de instrumentos de:<br \/>\nLongitud: 835 mm.<br \/>\nAncho: 10 mm.<\/p>\n<p>ALFA ROMEO 164 (164)<br \/>\n2.0 Turbo, A\u00f1o 10.1987 &#8211; 09.1998, 1995 , 174<br \/>\n2.0 Turbo, A\u00f1o 02.1988 &#8211; 10.1992, 1995 , 175<br \/>\nALFA ROMEO 6 (119)<br \/>\n2.5 i.e., A\u00f1o 04.1979 &#8211; 06.1984, 2492 , 158<br \/>\n2.5 i.e., A\u00f1o 10.1983 &#8211; 12.1986, 2492 , 150<br \/>\nALFA ROMEO 75 (162B)<br \/>\n2.5 V6, A\u00f1o 05.1985 &#8211; 08.1986, 2492 , 156<br \/>\n3.0 V6, A\u00f1o 02.1990 &#8211; 02.1992, 2959 , 192<br \/>\n3.0 V6 KAT, A\u00f1o 01.1987 &#8211; 02.1992, 2959 , 185<br \/>\nALFA ROMEO 90 (162)<br \/>\n2.0 i.e., A\u00f1o 10.1984 &#8211; 07.1987, 1997 , 132<br \/>\n2.5 i.e. V6, A\u00f1o 10.1984 &#8211; 07.1987, 2492 , 150<br \/>\nALFA ROMEO 1750-2000 (105)<br \/>\n1.7, A\u00f1o 04.1968 &#8211; 11.1971, 1743 , 109<br \/>\nALFA ROMEO SZ Coup\u00e9<br \/>\n3.0 V6 Zagato, A\u00f1o 09.1988 &#8211; 08.1994, 2959 , 207<br \/>\nALFA ROMEO RZ Cabrio<br \/>\n3.0 V6 Zagato, A\u00f1o 01.1992 &#8211; 12.1994, 2959 , 207<\/p>\n<p>CITRO\u00cbN CX II<br \/>\n2.5 GTi, A\u00f1o 05.1986 &#8211; 12.1992, 2500 , 121<br \/>\n2.5 GTi Turbo 2, A\u00f1o 09.1986 &#8211; 12.1992, 2500 , 156<br \/>\n2.5 GTi Turbo 2, A\u00f1o 08.1985 &#8211; 12.1992, 2500 , 166<br \/>\n2.5 TRi, A\u00f1o 08.1985 &#8211; 12.1992, 2500 , 136<\/p>\n<p>FIAT Ritmo I Cabrio<br \/>\n1.5 80, A\u00f1o 03.1983 &#8211; 12.1986, 1498 , 82<br \/>\n1.5 80, A\u00f1o 01.1980 &#8211; 07.1989, 1498 , 86<br \/>\nFIAT Ritmo I Hatchback (138)<br \/>\n1.5 75, A\u00f1o 01.1978 &#8211; 12.1988, 1498 , 75<br \/>\n1.5 85, A\u00f1o 08.1985 &#8211; 05.1987, 1498 , 79<br \/>\n1.5 85, A\u00f1o 01.1981 &#8211; 05.1987, 1498 , 85<br \/>\nFIAT 124 Sport Spider (124)<br \/>\n2.0, A\u00f1o 04.1972 &#8211; 11.1985, 1995 , 105<br \/>\nFIAT 131 (131)<br \/>\n1.4 Mirafiori, A\u00f1o 11.1981 &#8211; 01.1984, 1367 , 70<br \/>\n2.0 Super, A\u00f1o 01.1981 &#8211; 12.1984, 1995 , 113<br \/>\nFIAT Croma I Hatchback (154)<br \/>\n1.6, A\u00f1o 12.1985 &#8211; 12.1990, 1585 , 83<br \/>\n2.0 CHT, A\u00f1o 01.1991 &#8211; 09.1992, 1995 , 100<br \/>\n2.0 CHT, A\u00f1o 12.1985 &#8211; 02.1989, 1995 , 90<br \/>\nFIAT Argenta (132)<br \/>\n1.6, A\u00f1o 04.1981 &#8211; 12.1985, 1585 , 98<br \/>\n1.6 i.e, A\u00f1o 04.1981 &#8211; 12.1985, 1585 , 90<br \/>\n2, A\u00f1o 06.1978 &#8211; 12.1985, 1995 , 113<br \/>\n2.0 Volumex, A\u00f1o 06.1984 &#8211; 07.1985, 1995 , 135<br \/>\nFIAT Uno Hatchback (146)<br \/>\n1.3 Turbo i.e., A\u00f1o 01.1987 &#8211; 12.1987, 1301 , 99<br \/>\n1.3 Turbo i.e., A\u00f1o 09.1989 &#8211; 03.1991, 1301 , 101<br \/>\n1.3 Turbo i.e., A\u00f1o 04.1985 &#8211; 08.1989, 1301 , 105<\/p>\n<p>LANCIA Thema Berlina (834)<br \/>\n2.0 i.e., A\u00f1o 11.1984 &#8211; 09.1988, 1995 , 120<br \/>\n2.0 i.e. Turbo, A\u00f1o 11.1984 &#8211; 12.1989, 1995 , 166<br \/>\nLANCIA Prisma (831)<br \/>\n1.5, A\u00f1o 09.1985 &#8211; 02.1992, 1498 , 75<br \/>\n1.5, A\u00f1o 08.1986 &#8211; 02.1992, 1498 , 80<\/p>\n<p>SEAT Ronda (022A)<br \/>\n1.7 Di\u00e9sel, A\u00f1o 06.1982 &#8211; 12.1986, 1714 , 54<br \/>\n1.7 Di\u00e9sel, A\u00f1o 06.1982 &#8211; 12.1986, 1714 , 56<br \/>\nSEAT Malaga (023A)<br \/>\n1.7 D, A\u00f1o 05.1985 &#8211; 12.1993, 1714 , 54<br \/>\n1.7 D, A\u00f1o 05.1990 &#8211; 12.1993, 1714 , 57<br \/>\nSEAT Ibiza I Hatchback (021A)<br \/>\n1.7 D, A\u00f1o 06.1984 &#8211; 05.1993, 1714 , 54<br \/>\n1.7 D, A\u00f1o 08.1990 &#8211; 05.1993, 1714 , 57<\/p>\n<p>LA PIEZA ES NUEVA Y ORIGINAL.<\/p>\n","protected":false},"excerpt":{"rendered":"<p>Correa de instrumentos de: Longitud: 835 mm. Ancho: 10 mm. ALFA ROMEO 164 (164) 2.0 Turbo, A\u00f1o 10.1987 &#8211; 09.1998, 1995 , 174 2.0 Turbo, A\u00f1o 02.1988 &#8211; 10.1992, 1995 , 175 ALFA ROMEO 6 (119) 2.5 i.e., A\u00f1o 04.1979 &#8211; 06.1984, 2492 , 158 2.5 i.e., A\u00f1o 10.1983 &#8211; 12.1986, 2492 , 150 ALFA [&hellip;]<\/p>\n","protected":false},"featured_media":54509,"template":"","meta":{"_seopress_robots_primary_cat":"","_seopress_titles_title":"","_seopress_titles_desc":"","_seopress_robots_index":""},"product_cat":[65,70,54,324,325,352,58,342,16,79,23,86,136,20,162,21,164,123,103,165,238,26,239,124,114],"product_tag":[],"class_list":{"0":"post-54508","1":"product","2":"type-product","3":"status-publish","4":"has-post-thumbnail","6":"product_cat-recambios-fiat-124","7":"product_cat-recambios-fiat-131","8":"product_cat-recambios-alfa-romeo-164","9":"product_cat-recambios-alfa-romeo-1750","10":"product_cat-recambios-alfa-romeo-2000","11":"product_cat-recambios-alfa-romeo-6","12":"product_cat-recambios-alfa-romeo-75","13":"product_cat-recambios-alfa-romeo-90","14":"product_cat-recambios-alfa-romeo","15":"product_cat-recambios-fiat-argenta","16":"product_cat-recambios-citroen","17":"product_cat-recambios-fiat-croma","18":"product_cat-recambios-citroen-cx","19":"product_cat-recambios-fiat","20":"product_cat-recambios-seat-ibiza","21":"product_cat-recambios-lancia","22":"product_cat-recambios-seat-malaga","23":"product_cat-recambios-lancia-prisma","24":"product_cat-recambios-fiat-ritmo","25":"product_cat-recambios-seat-ronda","26":"product_cat-recambios-alfa-romeo-rz","27":"product_cat-recambios-seat","28":"product_cat-recambios-alfa-romeo-sz","29":"product_cat-recambios-lancia-thema","30":"product_cat-recambios-fiat-uno","32":"first","33":"outofstock","34":"taxable","35":"shipping-taxable","36":"purchasable","37":"product-type-simple"},"_links":{"self":[{"href":"https:\/\/galicianparts.com\/shop\/wp-json\/wp\/v2\/product\/54508"}],"collection":[{"href":"https:\/\/galicianparts.com\/shop\/wp-json\/wp\/v2\/product"}],"about":[{"href":"https:\/\/galicianparts.com\/shop\/wp-json\/wp\/v2\/types\/product"}],"wp:featuredmedia":[{"embeddable":true,"href":"https:\/\/galicianparts.com\/shop\/wp-json\/wp\/v2\/media\/54509"}],"wp:attachment":[{"href":"https:\/\/galicianparts.com\/shop\/wp-json\/wp\/v2\/media?parent=54508"}],"wp:term":[{"taxonomy":"product_cat","embeddable":true,"href":"https:\/\/galicianparts.com\/shop\/wp-json\/wp\/v2\/product_cat?post=54508"},{"taxonomy":"product_tag","embeddable":true,"href":"https:\/\/galicianparts.com\/shop\/wp-json\/wp\/v2\/product_tag?post=54508"}],"curies":[{"name":"wp","href":"https:\/\/api.w.org\/{rel}","templated":true}]}}