{"id":54617,"date":"2022-08-02T10:47:56","date_gmt":"2022-08-02T08:47:56","guid":{"rendered":"https:\/\/galicianparts.com\/shop\/producto\/82491395-tubo-lateral-deposito-servodireccion-fiat-palio-strada-siena-nuevo-original\/"},"modified":"2022-08-02T10:52:44","modified_gmt":"2022-08-02T08:52:44","slug":"82491395-tubo-lateral-deposito-servodireccion-fiat-palio-strada-siena-nuevo-original","status":"publish","type":"product","link":"https:\/\/galicianparts.com\/shop\/producto\/82491395-tubo-lateral-deposito-servodireccion-fiat-palio-strada-siena-nuevo-original\/","title":{"rendered":"82491395 Tubo lateral dep\u00f3sito servodirecci\u00f3n Fiat Palio \/Strada \/Siena NUEVO ORIGINAL"},"content":{"rendered":"<p>Manguito lateral inferior del dep\u00f3sito del l\u00edquido de la cremallera de direcci\u00f3n de:<br \/>\nFIAT &#8211; 1X PALIO 2V EXTRA EUROPA (1997-2002) 1697 DS EM.08<br \/>\nFIAT &#8211; 2H PALIO 2V EXTRA EUROPA REST. 2002 (2002-2011) 1697\u00a0TD\u00a0CF2 \/ ELX\u00a0(EXPORT)<br \/>\nFIAT &#8211; 3D PALIO 2V REST.2 (2005-2011) SERVO DIRECCION \/ 1697\u00a0TB\/DS\u00a0CF2<br \/>\nFIAT &#8211; 2K PALIO WE EXTRA EUROPA REST. 2002 (2002-2008) ELX\u00a0(EXPORT)<br \/>\nFIAT &#8211; 3F PALIO WEEKEND REST.2 (2005-2009)<br \/>\nFIAT &#8211; PY PALIO\/WEEKEND EUROPA (1997-2002) 1697 TDS SW<br \/>\nFIAT &#8211; 2A SIENA EXTRA EUROPA (1997-2002) 1697 DS EM.08<br \/>\nFIAT &#8211; 2L SIENA EXTRA EUROPA REST.(2002-2012) 1697\u00a0TD\u00a0CF2 \/ ELX\u00a0(EXPORT)<br \/>\nFIAT &#8211; 3E SIENA REST.2 (2005-2011) SERVO DIRECCION \/ 1697\u00a0TB\/DS\u00a0CF2<br \/>\nFIAT PROFESSIONAL &#8211; 1G STRADA (1999-2005) 1697 TDS<\/p>\n<p>LA PIEZA ES NUEVA Y ORIGINAL.<\/p>\n","protected":false},"excerpt":{"rendered":"<p>Manguito lateral inferior del dep\u00f3sito del l\u00edquido de la cremallera de direcci\u00f3n de: FIAT &#8211; 1X PALIO 2V EXTRA EUROPA (1997-2002) 1697 DS EM.08 FIAT &#8211; 2H PALIO 2V EXTRA EUROPA REST. 2002 (2002-2011) 1697\u00a0TD\u00a0CF2 \/ ELX\u00a0(EXPORT) FIAT &#8211; 3D PALIO 2V REST.2 (2005-2011) SERVO DIRECCION \/ 1697\u00a0TB\/DS\u00a0CF2 FIAT &#8211; 2K PALIO WE EXTRA EUROPA [&hellip;]<\/p>\n","protected":false},"featured_media":54619,"template":"","meta":{"_seopress_robots_primary_cat":"","_seopress_titles_title":"","_seopress_titles_desc":"","_seopress_robots_index":""},"product_cat":[20,98,107,109],"product_tag":[],"class_list":{"0":"post-54617","1":"product","2":"type-product","3":"status-publish","4":"has-post-thumbnail","6":"product_cat-recambios-fiat","7":"product_cat-recambios-fiat-palio","8":"product_cat-recambios-fiat-siena","9":"product_cat-recambios-fiat-strada","11":"first","12":"instock","13":"taxable","14":"shipping-taxable","15":"purchasable","16":"product-type-simple"},"_links":{"self":[{"href":"https:\/\/galicianparts.com\/shop\/wp-json\/wp\/v2\/product\/54617"}],"collection":[{"href":"https:\/\/galicianparts.com\/shop\/wp-json\/wp\/v2\/product"}],"about":[{"href":"https:\/\/galicianparts.com\/shop\/wp-json\/wp\/v2\/types\/product"}],"wp:featuredmedia":[{"embeddable":true,"href":"https:\/\/galicianparts.com\/shop\/wp-json\/wp\/v2\/media\/54619"}],"wp:attachment":[{"href":"https:\/\/galicianparts.com\/shop\/wp-json\/wp\/v2\/media?parent=54617"}],"wp:term":[{"taxonomy":"product_cat","embeddable":true,"href":"https:\/\/galicianparts.com\/shop\/wp-json\/wp\/v2\/product_cat?post=54617"},{"taxonomy":"product_tag","embeddable":true,"href":"https:\/\/galicianparts.com\/shop\/wp-json\/wp\/v2\/product_tag?post=54617"}],"curies":[{"name":"wp","href":"https:\/\/api.w.org\/{rel}","templated":true}]}}