{"id":54752,"date":"2022-08-03T10:48:10","date_gmt":"2022-08-03T08:48:10","guid":{"rendered":"https:\/\/galicianparts.com\/shop\/producto\/82365688-deposito-refrigerante-lancia-delta-i-y10-prisma-nuevo-original\/"},"modified":"2022-09-05T10:03:32","modified_gmt":"2022-09-05T08:03:32","slug":"82365688-deposito-refrigerante-lancia-delta-i-y10-prisma-nuevo-original","status":"publish","type":"product","link":"https:\/\/galicianparts.com\/shop\/producto\/82365688-deposito-refrigerante-lancia-delta-i-y10-prisma-nuevo-original\/","title":{"rendered":"82365688 Dep\u00f3sito refrigerante Lancia Delta I \/Y10 \/Prisma NUEVO ORIGINAL"},"content":{"rendered":"<p>Vaso de expansi\u00f3n, dep\u00f3sito de recuperaci\u00f3n del refrigerante de:<br \/>\nLANCIA Delta I (831)<br \/>\n1.3, A\u00f1o 09.1983 &#8211; 08.1992, 1301 , 79<br \/>\n1.5, A\u00f1o 09.1979 &#8211; 12.1992, 1498 , 86<br \/>\n1.6 GT, A\u00f1o 11.1982 &#8211; 04.1986, 1585 , 105<br \/>\n1.9 Turbo DS, A\u00f1o 10.1986 &#8211; 12.1989, 1929 , 80<br \/>\nLANCIA Prisma (831)<br \/>\n1.3, A\u00f1o 01.1983 &#8211; 12.1989, 1301 , 79<br \/>\n1.5, A\u00f1o 09.1985 &#8211; 02.1992, 1498 , 75<br \/>\n1.5, A\u00f1o 08.1986 &#8211; 02.1992, 1498 , 80<br \/>\n1.5, A\u00f1o 01.1983 &#8211; 04.1986, 1498 , 86<br \/>\n1.6, A\u00f1o 08.1986 &#8211; 02.1992, 1585 , 99<br \/>\n1.6, A\u00f1o 01.1983 &#8211; 04.1986, 1585 , 105<br \/>\n1.6 i.e., A\u00f1o 05.1986 &#8211; 12.1989, 1585 , 108<br \/>\n1.6 i.e. Super, A\u00f1o 05.1987 &#8211; 12.1989, 1585 , 90<br \/>\n1.9 Di\u00e9sel, A\u00f1o 01.1983 &#8211; 02.1992, 1911 , 65<br \/>\n1.9 Turbodi\u00e9sel, A\u00f1o 05.1985 &#8211; 12.1989, 1928 , 80<br \/>\n2.0 i.e. A las 4 ruedas, A\u00f1o 04.1986 &#8211; 12.1989, 1995 , 115<br \/>\nLANCIA Y10 (156)<br \/>\n1.0 Fire, A\u00f1o 03.1985 &#8211; 07.1989, 1049 , 56<br \/>\n1.0 Fire, A\u00f1o 03.1985 &#8211; 02.1990, 999 , 50<br \/>\n1.0 Fire, A\u00f1o 03.1985 &#8211; 06.1989, 999 , 45<br \/>\n1.0 Fire, A\u00f1o 06.1985 &#8211; 06.1991, 999 , 44<br \/>\n1.0 Fire A las 4 ruedas, A\u00f1o 12.1986 &#8211; 02.1989, 999 , 44<br \/>\n1.0 Fire A las 4 ruedas, A\u00f1o 12.1987 &#8211; 02.1990, 999 , 50<br \/>\n1.0 Fire KAT, A\u00f1o 10.1987 &#8211; 02.1992, 999 , 45<br \/>\n1.0 Turbo, A\u00f1o 03.1985 &#8211; 02.1989, 1049 , 84<br \/>\n1.1 i.e, A\u00f1o 08.1989 &#8211; 06.1992, 1108 , 57<br \/>\n1.1 i.e Allrad, A\u00f1o 08.1989 &#8211; 06.1992, 1108 , 57<br \/>\n1.1 i.e. Fire, A\u00f1o 07.1989 &#8211; 09.1995, 1108 , 50<br \/>\n1.1 i.e. Fire Allrad, A\u00f1o 09.1992 &#8211; 12.1995, 1108 , 50<br \/>\n1.3 i.e. Fire, A\u00f1o 11.1987 &#8211; 05.1993, 1301 , 76<br \/>\n1.3 i.e. Fire, A\u00f1o 02.1989 &#8211; 12.1995, 1297 , 72<\/p>\n<p>LA PIEZA ES NUEVA Y ORIGINAL.<\/p>\n","protected":false},"excerpt":{"rendered":"<p>Vaso de expansi\u00f3n, dep\u00f3sito de recuperaci\u00f3n del refrigerante de: LANCIA Delta I (831) 1.3, A\u00f1o 09.1983 &#8211; 08.1992, 1301 , 79 1.5, A\u00f1o 09.1979 &#8211; 12.1992, 1498 , 86 1.6 GT, A\u00f1o 11.1982 &#8211; 04.1986, 1585 , 105 1.9 Turbo DS, A\u00f1o 10.1986 &#8211; 12.1989, 1929 , 80 LANCIA Prisma (831) 1.3, A\u00f1o 01.1983 &#8211; [&hellip;]<\/p>\n","protected":false},"featured_media":54759,"template":"","meta":{"_seopress_robots_primary_cat":"","_seopress_titles_title":"","_seopress_titles_desc":"","_seopress_robots_index":""},"product_cat":[118,21,123,126],"product_tag":[],"class_list":{"0":"post-54752","1":"product","2":"type-product","3":"status-publish","4":"has-post-thumbnail","6":"product_cat-recambios-lancia-delta","7":"product_cat-recambios-lancia","8":"product_cat-recambios-lancia-prisma","9":"product_cat-recambios-lancia-y10","11":"first","12":"outofstock","13":"taxable","14":"shipping-taxable","15":"purchasable","16":"product-type-simple"},"_links":{"self":[{"href":"https:\/\/galicianparts.com\/shop\/wp-json\/wp\/v2\/product\/54752"}],"collection":[{"href":"https:\/\/galicianparts.com\/shop\/wp-json\/wp\/v2\/product"}],"about":[{"href":"https:\/\/galicianparts.com\/shop\/wp-json\/wp\/v2\/types\/product"}],"wp:featuredmedia":[{"embeddable":true,"href":"https:\/\/galicianparts.com\/shop\/wp-json\/wp\/v2\/media\/54759"}],"wp:attachment":[{"href":"https:\/\/galicianparts.com\/shop\/wp-json\/wp\/v2\/media?parent=54752"}],"wp:term":[{"taxonomy":"product_cat","embeddable":true,"href":"https:\/\/galicianparts.com\/shop\/wp-json\/wp\/v2\/product_cat?post=54752"},{"taxonomy":"product_tag","embeddable":true,"href":"https:\/\/galicianparts.com\/shop\/wp-json\/wp\/v2\/product_tag?post=54752"}],"curies":[{"name":"wp","href":"https:\/\/api.w.org\/{rel}","templated":true}]}}