{"id":54780,"date":"2022-08-03T11:58:55","date_gmt":"2022-08-03T09:58:55","guid":{"rendered":"https:\/\/galicianparts.com\/shop\/producto\/5983175-motor-cierre-centralizado-fiat-regata-nuevo-original\/"},"modified":"2025-05-29T12:26:41","modified_gmt":"2025-05-29T10:26:41","slug":"5983175-motor-cierre-centralizado-fiat-regata-nuevo-original","status":"publish","type":"product","link":"https:\/\/galicianparts.com\/shop\/producto\/5983175-motor-cierre-centralizado-fiat-regata-nuevo-original\/","title":{"rendered":"5983175 Motor cierre centralizado port\u00f3n tras. Fiat Regata NUEVO ORIGINAL"},"content":{"rendered":"<p>Motor de la cerradura el\u00e9ctrica del port\u00f3n del maletero de:<br \/>\nFIAT REGATA<\/p>\n<p>LA PIEZA ES NUEVA Y ORIGINAL.<\/p>\n","protected":false},"excerpt":{"rendered":"<p>Motor de la cerradura el\u00e9ctrica del port\u00f3n del maletero de: FIAT REGATA LA PIEZA ES NUEVA Y ORIGINAL.<\/p>\n","protected":false},"featured_media":94426,"template":"","meta":{"_seopress_robots_primary_cat":"","_seopress_titles_title":"","_seopress_titles_desc":"","_seopress_robots_index":""},"product_cat":[20,102],"product_tag":[],"class_list":{"0":"post-54780","1":"product","2":"type-product","3":"status-publish","4":"has-post-thumbnail","6":"product_cat-recambios-fiat","7":"product_cat-recambios-fiat-regata","9":"first","10":"instock","11":"taxable","12":"shipping-taxable","13":"purchasable","14":"product-type-simple"},"_links":{"self":[{"href":"https:\/\/galicianparts.com\/shop\/wp-json\/wp\/v2\/product\/54780"}],"collection":[{"href":"https:\/\/galicianparts.com\/shop\/wp-json\/wp\/v2\/product"}],"about":[{"href":"https:\/\/galicianparts.com\/shop\/wp-json\/wp\/v2\/types\/product"}],"wp:featuredmedia":[{"embeddable":true,"href":"https:\/\/galicianparts.com\/shop\/wp-json\/wp\/v2\/media\/94426"}],"wp:attachment":[{"href":"https:\/\/galicianparts.com\/shop\/wp-json\/wp\/v2\/media?parent=54780"}],"wp:term":[{"taxonomy":"product_cat","embeddable":true,"href":"https:\/\/galicianparts.com\/shop\/wp-json\/wp\/v2\/product_cat?post=54780"},{"taxonomy":"product_tag","embeddable":true,"href":"https:\/\/galicianparts.com\/shop\/wp-json\/wp\/v2\/product_tag?post=54780"}],"curies":[{"name":"wp","href":"https:\/\/api.w.org\/{rel}","templated":true}]}}