{"id":54855,"date":"2022-08-04T10:29:02","date_gmt":"2022-08-04T08:29:02","guid":{"rendered":"https:\/\/galicianparts.com\/shop\/producto\/7303462-correa-auxiliar-lancia-delta-hf-tb-fiat-ritmo-124-spider-alfa-hyundai-original\/"},"modified":"2024-09-11T20:07:49","modified_gmt":"2024-09-11T18:07:49","slug":"7303462-correa-auxiliar-lancia-delta-hf-tb-fiat-ritmo-124-spider-alfa-hyundai-original","status":"publish","type":"product","link":"https:\/\/galicianparts.com\/shop\/producto\/7303462-correa-auxiliar-lancia-delta-hf-tb-fiat-ritmo-124-spider-alfa-hyundai-original\/","title":{"rendered":"7303462 Correa auxiliar Lancia Delta HF TB\/ Fiat Ritmo \/124 Spider \/Alfa \/Hyundai ORIGINAL"},"content":{"rendered":"<p>Correa de instrumentos de:<br \/>\nLongitud: 813 mm<br \/>\nAncho: 10 mm<\/p>\n<p>ALFA ROMEO 164 (164)<br \/>\n2.5 TD, A\u00f1o 06.1987 &#8211; 09.1992, 2499 , 114<\/p>\n<p>FIAT Regata Berlina (138)<br \/>\n1.6 Super 100, A\u00f1o 10.1983 &#8211; 07.1989, 1585 , 95<br \/>\n1.6 Super 100, A\u00f1o 10.1983 &#8211; 12.1990, 1585 , 101<br \/>\n1.6 i.e. 90, A\u00f1o 01.1987 &#8211; 07.1989, 1595 , 90<br \/>\nFIAT Ritmo I<br \/>\n1.6 100, A\u00f1o 10.1985 &#8211; 12.1987, 1585 , 100<br \/>\n1.6 100, A\u00f1o 10.1985 &#8211; 12.1987, 1585 , 105<br \/>\nFIAT 124 Sport Spider (124)<br \/>\n1.6 Sport, A\u00f1o 11.1969 &#8211; 08.1973, 1608 , 112<br \/>\n1.6 Sport, A\u00f1o 01.1969 &#8211; 12.1974, 1592 , 108<\/p>\n<p>LANCIA Delta I (831)<br \/>\n1.6 GT i.e., A\u00f1o 05.1987 &#8211; 08.1992, 1585 , 90<br \/>\n1.6 GT i.e., A\u00f1o 08.1986 &#8211; 08.1988, 1585 , 109<br \/>\n1.6 HF Turbo, A\u00f1o 08.1986 &#8211; 08.1988, 1585 , 140<br \/>\n1.6 HF Turbo, A\u00f1o 04.1987 &#8211; 03.1989, 1585 , 132<\/p>\n<p>HYUNDAI Pony Hatchback (X-1)<br \/>\n1.5 (X-1), A\u00f1o 10.1985 &#8211; 09.1989, 1468 , 72<br \/>\nHYUNDAI Stellar<br \/>\n1.6, A\u00f1o 10.1983 &#8211; 12.1991, 1597 , 76<\/p>\n<p>LA PIEZA ES NUEVA Y ORIGINAL.<\/p>\n","protected":false},"excerpt":{"rendered":"<p>Correa de instrumentos de: Longitud: 813 mm Ancho: 10 mm ALFA ROMEO 164 (164) 2.5 TD, A\u00f1o 06.1987 &#8211; 09.1992, 2499 , 114 FIAT Regata Berlina (138) 1.6 Super 100, A\u00f1o 10.1983 &#8211; 07.1989, 1585 , 95 1.6 Super 100, A\u00f1o 10.1983 &#8211; 12.1990, 1585 , 101 1.6 i.e. 90, A\u00f1o 01.1987 &#8211; 07.1989, 1595 [&hellip;]<\/p>\n","protected":false},"featured_media":54859,"template":"","meta":{"_seopress_robots_primary_cat":"","_seopress_titles_title":"","_seopress_titles_desc":"","_seopress_robots_index":""},"product_cat":[65,54,16,118,20,271,21,302,102,103,364],"product_tag":[],"class_list":{"0":"post-54855","1":"product","2":"type-product","3":"status-publish","4":"has-post-thumbnail","6":"product_cat-recambios-fiat-124","7":"product_cat-recambios-alfa-romeo-164","8":"product_cat-recambios-alfa-romeo","9":"product_cat-recambios-lancia-delta","10":"product_cat-recambios-fiat","11":"product_cat-recambios-hyundai","12":"product_cat-recambios-lancia","13":"product_cat-recambios-hyundai-pony","14":"product_cat-recambios-fiat-regata","15":"product_cat-recambios-fiat-ritmo","16":"product_cat-recambios-hyundai-stellar","18":"first","19":"outofstock","20":"taxable","21":"shipping-taxable","22":"purchasable","23":"product-type-simple"},"_links":{"self":[{"href":"https:\/\/galicianparts.com\/shop\/wp-json\/wp\/v2\/product\/54855"}],"collection":[{"href":"https:\/\/galicianparts.com\/shop\/wp-json\/wp\/v2\/product"}],"about":[{"href":"https:\/\/galicianparts.com\/shop\/wp-json\/wp\/v2\/types\/product"}],"wp:featuredmedia":[{"embeddable":true,"href":"https:\/\/galicianparts.com\/shop\/wp-json\/wp\/v2\/media\/54859"}],"wp:attachment":[{"href":"https:\/\/galicianparts.com\/shop\/wp-json\/wp\/v2\/media?parent=54855"}],"wp:term":[{"taxonomy":"product_cat","embeddable":true,"href":"https:\/\/galicianparts.com\/shop\/wp-json\/wp\/v2\/product_cat?post=54855"},{"taxonomy":"product_tag","embeddable":true,"href":"https:\/\/galicianparts.com\/shop\/wp-json\/wp\/v2\/product_tag?post=54855"}],"curies":[{"name":"wp","href":"https:\/\/api.w.org\/{rel}","templated":true}]}}