{"id":54885,"date":"2022-08-04T11:17:23","date_gmt":"2022-08-04T09:17:23","guid":{"rendered":"https:\/\/galicianparts.com\/shop\/producto\/4328518-tubo-acople-deposito-combustible-fiat-124-spider-nuevo-original\/"},"modified":"2022-10-24T11:26:38","modified_gmt":"2022-10-24T09:26:38","slug":"4328518-tubo-acople-deposito-combustible-fiat-124-spider-nuevo-original","status":"publish","type":"product","link":"https:\/\/galicianparts.com\/shop\/producto\/4328518-tubo-acople-deposito-combustible-fiat-124-spider-nuevo-original\/","title":{"rendered":"4328518 Tubo acople dep\u00f3sito combustible Fiat 124 Spider NUEVO ORIGINAL"},"content":{"rendered":"<p>Acople de goma del manguito de la toma de llenado al dep\u00f3sito de gasolina de:<br \/>\nFIAT 131 MIRAFIORI FAMILIAR 1600cc \/ 1300cc<br \/>\nFIAT 124 SPORT SPIDER (124)<br \/>\n1.4 Sport, A\u00f1o 01.1966 &#8211; 12.1972, 1438 , 90<br \/>\n1.6 Sport, A\u00f1o 11.1969 &#8211; 08.1973, 1608 , 112<br \/>\n1.6 Sport, A\u00f1o 11.1969 &#8211; 08.1973, 1592 , 100<br \/>\n1.6 Sport, A\u00f1o 01.1969 &#8211; 12.1974, 1592 , 108<br \/>\n1.6 Sport, A\u00f1o 01.1969 &#8211; 12.1974, 1592 , 104<br \/>\n1.7 Sport, A\u00f1o 01.1973 &#8211; 07.1975, 1739 , 112<br \/>\n1.8 Sport, A\u00f1o 01.1972 &#8211; 12.1977, 1756 , 118<\/p>\n<p>LA PIEZA ES NUEVA Y ORIGINAL.<\/p>\n","protected":false},"excerpt":{"rendered":"<p>Acople de goma del manguito de la toma de llenado al dep\u00f3sito de gasolina de: FIAT 131 MIRAFIORI FAMILIAR 1600cc \/ 1300cc FIAT 124 SPORT SPIDER (124) 1.4 Sport, A\u00f1o 01.1966 &#8211; 12.1972, 1438 , 90 1.6 Sport, A\u00f1o 11.1969 &#8211; 08.1973, 1608 , 112 1.6 Sport, A\u00f1o 11.1969 &#8211; 08.1973, 1592 , 100 1.6 [&hellip;]<\/p>\n","protected":false},"featured_media":54886,"template":"","meta":{"_seopress_robots_primary_cat":"","_seopress_titles_title":"","_seopress_titles_desc":"","_seopress_robots_index":""},"product_cat":[65,20],"product_tag":[],"class_list":{"0":"post-54885","1":"product","2":"type-product","3":"status-publish","4":"has-post-thumbnail","6":"product_cat-recambios-fiat-124","7":"product_cat-recambios-fiat","9":"first","10":"outofstock","11":"taxable","12":"shipping-taxable","13":"purchasable","14":"product-type-simple"},"_links":{"self":[{"href":"https:\/\/galicianparts.com\/shop\/wp-json\/wp\/v2\/product\/54885"}],"collection":[{"href":"https:\/\/galicianparts.com\/shop\/wp-json\/wp\/v2\/product"}],"about":[{"href":"https:\/\/galicianparts.com\/shop\/wp-json\/wp\/v2\/types\/product"}],"wp:featuredmedia":[{"embeddable":true,"href":"https:\/\/galicianparts.com\/shop\/wp-json\/wp\/v2\/media\/54886"}],"wp:attachment":[{"href":"https:\/\/galicianparts.com\/shop\/wp-json\/wp\/v2\/media?parent=54885"}],"wp:term":[{"taxonomy":"product_cat","embeddable":true,"href":"https:\/\/galicianparts.com\/shop\/wp-json\/wp\/v2\/product_cat?post=54885"},{"taxonomy":"product_tag","embeddable":true,"href":"https:\/\/galicianparts.com\/shop\/wp-json\/wp\/v2\/product_tag?post=54885"}],"curies":[{"name":"wp","href":"https:\/\/api.w.org\/{rel}","templated":true}]}}